{"id":708868,"date":"2025-08-27T16:19:14","date_gmt":"2025-08-27T13:19:14","guid":{"rendered":"https:\/\/roveyayinevi.com.tr\/index.php\/urun\/buyuk-tuzlu-su-klani\/"},"modified":"2026-04-11T13:36:28","modified_gmt":"2026-04-11T10:36:28","slug":"buyuk-tuzlu-su-klani","status":"publish","type":"product","link":"https:\/\/roveyayinevi.com.tr\/index.php\/urun\/buyuk-tuzlu-su-klani\/","title":{"rendered":"B\u00fcy\u00fck Tuzlu Su Klan\u0131"},"content":{"rendered":"<p>Bilgin Adal\u0131\u2019dan bir uygarl\u0131k hik\u00e2yesi K\u00fc\u00e7\u00fck bir g\u00f6\u00e7ebe klan, o k\u0131\u015f her zamanki gibi havan\u0131n daha s\u0131cak, meyvenin daha bol oldu\u011fu g\u00fcneye do\u011fru g\u00f6\u00e7er. Bu kez biraz fazla ilerlemi\u015f olacaklard\u0131r ki, daha \u00f6nce hi\u00e7 g\u00f6rmedikleri b\u00fcy\u00fck bir su \u00e7\u0131kar kar\u015f\u0131lar\u0131na. Bu su, iyidir ho\u015ftur ama tuzludur; klan\u0131n ya\u015fl\u0131lar\u0131 bu suyun hi\u00e7bir i\u015fe yaramayaca\u011f\u0131n\u0131 d\u00fc\u015f\u00fcn\u00fcr ama gen\u00e7ler onlarla ayn\u0131 fikirde de\u011fildir. B\u00fcy\u00fck Tuzlu Su\u2019yun ak\u0131nt\u0131s\u0131yla bir a\u011fa\u00e7 k\u00fct\u00fc\u011f\u00fcn\u00fcn i\u00e7inde k\u0131y\u0131ya s\u00fcr\u00fcklenen gizemli bir yabanc\u0131, bu k\u00fc\u00e7\u00fck klan\u0131n ve belki de gelecekteki milyonlarca insan\u0131n ya\u015fam\u0131n\u0131 de\u011fi\u015ftirecektir. <\/p>\n","protected":false},"excerpt":{"rendered":"<p>Bilgin Adal\u0131\u2019dan bir uygarl\u0131k hik\u00e2yesi K\u00fc\u00e7\u00fck bir g\u00f6\u00e7ebe klan, o k\u0131\u015f her zamanki gibi havan\u0131n daha s\u0131cak, meyvenin daha bol oldu\u011fu g\u00fcneye do\u011fru g\u00f6\u00e7er. Bu kez<span class=\"excerpt-hellip\"> [\u2026]<\/span><\/p>\n","protected":false},"featured_media":0,"template":"","meta":{"_monsterinsights_skip_tracking":false,"_monsterinsights_sitenote_active":false,"_monsterinsights_sitenote_note":"","_monsterinsights_sitenote_category":0},"product_brand":[],"product_cat":[12274],"product_tag":[],"class_list":{"0":"post-708868","1":"product","2":"type-product","3":"status-publish","5":"product_cat-cocuk-ve-genclik-kitaplari","6":"pa_cilt-ciltsiz","7":"pa_tur-kitap","8":"pa_yayinevi-yapi-kredi-yayinlari","9":"pa_yazar-bilgin-adali","11":"first","12":"instock","13":"sale","14":"shipping-taxable","15":"purchasable","16":"product-type-simple"},"_links":{"self":[{"href":"https:\/\/roveyayinevi.com.tr\/index.php\/wp-json\/wp\/v2\/product\/708868","targetHints":{"allow":["GET"]}}],"collection":[{"href":"https:\/\/roveyayinevi.com.tr\/index.php\/wp-json\/wp\/v2\/product"}],"about":[{"href":"https:\/\/roveyayinevi.com.tr\/index.php\/wp-json\/wp\/v2\/types\/product"}],"wp:attachment":[{"href":"https:\/\/roveyayinevi.com.tr\/index.php\/wp-json\/wp\/v2\/media?parent=708868"}],"wp:term":[{"taxonomy":"product_brand","embeddable":true,"href":"https:\/\/roveyayinevi.com.tr\/index.php\/wp-json\/wp\/v2\/product_brand?post=708868"},{"taxonomy":"product_cat","embeddable":true,"href":"https:\/\/roveyayinevi.com.tr\/index.php\/wp-json\/wp\/v2\/product_cat?post=708868"},{"taxonomy":"product_tag","embeddable":true,"href":"https:\/\/roveyayinevi.com.tr\/index.php\/wp-json\/wp\/v2\/product_tag?post=708868"}],"curies":[{"name":"wp","href":"https:\/\/api.w.org\/{rel}","templated":true}]}}