{"id":708867,"date":"2025-08-27T16:19:14","date_gmt":"2025-08-27T13:19:14","guid":{"rendered":"https:\/\/roveyayinevi.com.tr\/index.php\/urun\/lacivert-ciltli\/"},"modified":"2026-04-16T02:17:35","modified_gmt":"2026-04-15T23:17:35","slug":"lacivert-ciltli","status":"publish","type":"product","link":"https:\/\/roveyayinevi.com.tr\/index.php\/urun\/lacivert-ciltli\/","title":{"rendered":"Lacivert (Ciltli)"},"content":{"rendered":"<p>D\u0131\u015far\u0131dan bak\u0131ld\u0131\u011f\u0131nda so\u011fuk ama etkileyici bir katildi. Karanl\u0131k de\u011fildi. Ayd\u0131nl\u0131k hi\u00e7 de\u011fildi. G\u00fcnd\u00fczle gecenin, a\u015fkla esaretin, \u00f6l\u00fcmle ya\u015fam\u0131n aras\u0131nda kalan tondu o. \u00c7ok gizli bir birlik i\u00e7in \u00e7al\u0131\u015fan, \u00f6zel yeteneklere sahip Ajan James Hunter ile ailesinin bask\u0131c\u0131 tav\u0131rlar\u0131na dayanamayarak evden ka\u00e7an t\u0131p \u00f6\u011frencisi Beren Soydan&#8217;\u0131n yollar\u0131 karanl\u0131k bir gecede kesi\u015fir. Kendini hayal dahi edemeyece\u011fi bir teknolojinin ve bol aksiyonlu bir kovalamacan\u0131n i\u00e7inde bulan gen\u00e7 k\u0131z, lacivert bak\u0131\u015flarla ku\u015fat\u0131ld\u0131\u011f\u0131 bu yeni d\u00fcnyada, bilinmezliklerle \u00f6r\u00fcl\u00fc, merak ve tutku dolu bir maceraya s\u00fcr\u00fcklenir\u2026 James, nam-\u0131 di\u011fer Lacivert, beklenmedik bir anda tehlikeli hayat\u0131na konuk olan Beren&#8217;i korumak i\u00e7in kurallara kar\u015f\u0131 gelirken, mekanik duvarlar\u0131n\u0131n ard\u0131nda saklad\u0131\u011f\u0131 duygular\u0131na kar\u015f\u0131 kay\u0131ts\u0131z kalmay\u0131 ba\u015farabilecek midir? <\/p>\n","protected":false},"excerpt":{"rendered":"<p>D\u0131\u015far\u0131dan bak\u0131ld\u0131\u011f\u0131nda so\u011fuk ama etkileyici bir katildi. Karanl\u0131k de\u011fildi. Ayd\u0131nl\u0131k hi\u00e7 de\u011fildi. G\u00fcnd\u00fczle gecenin, a\u015fkla esaretin, \u00f6l\u00fcmle ya\u015fam\u0131n aras\u0131nda kalan tondu o. \u00c7ok gizli bir birlik<span class=\"excerpt-hellip\"> [\u2026]<\/span><\/p>\n","protected":false},"featured_media":0,"template":"","meta":{"_monsterinsights_skip_tracking":false,"_monsterinsights_sitenote_active":false,"_monsterinsights_sitenote_note":"","_monsterinsights_sitenote_category":0},"product_brand":[],"product_cat":[12803,12291],"product_tag":[],"class_list":{"0":"post-708867","1":"product","2":"type-product","3":"status-publish","5":"product_cat-aksiyon-macera","6":"product_cat-edebiyat","7":"pa_cilt-ciltli","8":"pa_tur-kitap","9":"pa_yayinevi-ephesus-yayinlari","10":"pa_yazar-t-y-mazer","12":"first","13":"instock","14":"sale","15":"shipping-taxable","16":"purchasable","17":"product-type-simple"},"_links":{"self":[{"href":"https:\/\/roveyayinevi.com.tr\/index.php\/wp-json\/wp\/v2\/product\/708867","targetHints":{"allow":["GET"]}}],"collection":[{"href":"https:\/\/roveyayinevi.com.tr\/index.php\/wp-json\/wp\/v2\/product"}],"about":[{"href":"https:\/\/roveyayinevi.com.tr\/index.php\/wp-json\/wp\/v2\/types\/product"}],"wp:attachment":[{"href":"https:\/\/roveyayinevi.com.tr\/index.php\/wp-json\/wp\/v2\/media?parent=708867"}],"wp:term":[{"taxonomy":"product_brand","embeddable":true,"href":"https:\/\/roveyayinevi.com.tr\/index.php\/wp-json\/wp\/v2\/product_brand?post=708867"},{"taxonomy":"product_cat","embeddable":true,"href":"https:\/\/roveyayinevi.com.tr\/index.php\/wp-json\/wp\/v2\/product_cat?post=708867"},{"taxonomy":"product_tag","embeddable":true,"href":"https:\/\/roveyayinevi.com.tr\/index.php\/wp-json\/wp\/v2\/product_tag?post=708867"}],"curies":[{"name":"wp","href":"https:\/\/api.w.org\/{rel}","templated":true}]}}