{"id":708864,"date":"2025-08-27T16:19:13","date_gmt":"2025-08-27T13:19:13","guid":{"rendered":"https:\/\/roveyayinevi.com.tr\/index.php\/urun\/ikna-sanati\/"},"modified":"2026-04-08T02:22:45","modified_gmt":"2026-04-07T23:22:45","slug":"ikna-sanati","status":"publish","type":"product","link":"https:\/\/roveyayinevi.com.tr\/index.php\/urun\/ikna-sanati\/","title":{"rendered":"\u0130kna Sanat\u0131"},"content":{"rendered":"<p>Hayat; ikna olmak ve ikna etmekten ibarettir. \u0130nsan hayatta, d\u00fc\u015f\u00fcnce yetisi var oldu\u011fu s\u00fcrece, harakete ancak ikna olursa ge\u00e7ecektir. En do\u011fal ihtiya\u00e7lar\u0131n\u0131 temininde bile \u00e7\u00f6z\u00fcm oldu\u011funa inan\u0131rsa, onlardan istifade edecektir.\u0130kna her alanda ge\u00e7erlidir ve ba\u015far\u0131 i\u00e7in mutlak yap\u0131lmas\u0131 gereken bir u\u011fra\u015f\u0131d\u0131r. &#8220;Ben insanlara bilgiyi vereyim sonras\u0131n\u0131 kendileri bilirler&#8221; dedi\u011fimizde, bulundu\u011fumuz alanda ba\u015far\u0131l\u0131 olma imkan\u0131m\u0131z yoktur.Hayat ikna \u00fczerine kuruludur. Pazarlamac\u0131lar ve reklamc\u0131lar, politikac\u0131lar, e\u011fitimciler, doktorlar her birimizi dah iyi anlayabilmek ve bizleri ikna etmek amac\u0131yla say\u0131s\u0131z giri\u015fimde bulunuyorlar. Dikkatimizi \u00e7ekebilmek, bizi \u00fcr\u00fcn ve hizmetleri sat\u0131n almaya, denemeye, adaylar\u0131na oy vermeye, tedaviye raz\u0131 etmeye veya davalar\u0131na katk\u0131da bulunmaya ikna edebilmek i\u00e7in emek sarf etmekte, para harcamaktad\u0131rlar.<\/p>\n","protected":false},"excerpt":{"rendered":"<p>Hayat; ikna olmak ve ikna etmekten ibarettir. \u0130nsan hayatta, d\u00fc\u015f\u00fcnce yetisi var oldu\u011fu s\u00fcrece, harakete ancak ikna olursa ge\u00e7ecektir. En do\u011fal ihtiya\u00e7lar\u0131n\u0131 temininde bile \u00e7\u00f6z\u00fcm oldu\u011funa<span class=\"excerpt-hellip\"> [\u2026]<\/span><\/p>\n","protected":false},"featured_media":0,"template":"","meta":{"_monsterinsights_skip_tracking":false,"_monsterinsights_sitenote_active":false,"_monsterinsights_sitenote_note":"","_monsterinsights_sitenote_category":0},"product_brand":[],"product_cat":[12364,12376],"product_tag":[],"class_list":{"0":"post-708864","1":"product","2":"type-product","3":"status-publish","5":"product_cat-genel-konular","6":"product_cat-kisisel-gelisim","7":"pa_cilt-ciltsiz","8":"pa_tur-kitap","9":"pa_yayinevi-aktif-hayat","10":"pa_yazar-kasim-sezen","12":"first","13":"instock","14":"sale","15":"shipping-taxable","16":"purchasable","17":"product-type-simple"},"_links":{"self":[{"href":"https:\/\/roveyayinevi.com.tr\/index.php\/wp-json\/wp\/v2\/product\/708864","targetHints":{"allow":["GET"]}}],"collection":[{"href":"https:\/\/roveyayinevi.com.tr\/index.php\/wp-json\/wp\/v2\/product"}],"about":[{"href":"https:\/\/roveyayinevi.com.tr\/index.php\/wp-json\/wp\/v2\/types\/product"}],"wp:attachment":[{"href":"https:\/\/roveyayinevi.com.tr\/index.php\/wp-json\/wp\/v2\/media?parent=708864"}],"wp:term":[{"taxonomy":"product_brand","embeddable":true,"href":"https:\/\/roveyayinevi.com.tr\/index.php\/wp-json\/wp\/v2\/product_brand?post=708864"},{"taxonomy":"product_cat","embeddable":true,"href":"https:\/\/roveyayinevi.com.tr\/index.php\/wp-json\/wp\/v2\/product_cat?post=708864"},{"taxonomy":"product_tag","embeddable":true,"href":"https:\/\/roveyayinevi.com.tr\/index.php\/wp-json\/wp\/v2\/product_tag?post=708864"}],"curies":[{"name":"wp","href":"https:\/\/api.w.org\/{rel}","templated":true}]}}