{"id":708851,"date":"2025-08-27T16:19:06","date_gmt":"2025-08-27T13:19:06","guid":{"rendered":"https:\/\/roveyayinevi.com.tr\/index.php\/urun\/kerbeladan-cikis\/"},"modified":"2026-04-16T02:17:35","modified_gmt":"2026-04-15T23:17:35","slug":"kerbeladan-cikis","status":"publish","type":"product","link":"https:\/\/roveyayinevi.com.tr\/index.php\/urun\/kerbeladan-cikis\/","title":{"rendered":"Kerbela&#8217;dan \u00c7\u0131k\u0131\u015f"},"content":{"rendered":"<p>\u0130ran\u2019dan, Anadolu\u2019dan \u00e7\u0131kan \u0130stanbul, Mardin, Necef ve Mekke\u2019de kesi\u015fen idealist hayatlar! Y\u00fczy\u0131llard\u0131r bitmeyen Kerbelalardan \u00e7\u0131k\u0131\u015f arayanlara; \u0130slam tarihi Kerbelalarla doludur. \u0130lk Kerbela Hz. H\u00fcseyin ve 70 yolda\u015f\u0131n\u0131n Dicle nehri kenar\u0131nda susuz b\u0131rak\u0131l\u0131p \u015fehit edilmeleriydi belki. 1400 y\u0131ld\u0131r iktidar m\u00fccadelelerinde onlarca defa Kerbelalar ya\u015fand\u0131. Zalimlerin \u00e7o\u011fu defa ad\u0131 M\u00fcsl\u00fcman ad\u0131 idi. \u0130ktidar h\u0131rs\u0131 g\u00f6zlerini b\u00fcr\u00fcyenler Allah, Peygamber, hak, hukuk tan\u0131mam\u0131\u015flard\u0131. Kad\u0131n, \u00e7ocuk, ihtiyar, mazlum dememi\u015fler, M\u00fcsl\u00fcmanlara zulmetmi\u015fler, katletmi\u015fler, yerlerinden yurtlar\u0131ndan s\u00fcrm\u00fc\u015flerdir. Son iki y\u00fczy\u0131ld\u0131r Kerbelalar \u015fekilde de\u011fi\u015ftirmi\u015f, s\u00f6m\u00fcrgeci bat\u0131l\u0131lar mazlum milletlerin zenginliklerini, emeklerini s\u00f6m\u00fcrmek i\u00e7in, onlar\u0131 \u00f6nce ki\u015filiksiz b\u0131rakm\u0131\u015flar dinlerinden uzakla\u015ft\u0131rm\u0131\u015flard\u0131r. 20. y\u00fczy\u0131l ba\u015f\u0131nda Osmanl\u0131 hilafetinin y\u0131k\u0131lmas\u0131 sonucunda M\u00fcsl\u00fcmanlar sahipsiz kalm\u0131\u015ft\u0131r. Ba\u011f\u0131ms\u0131zl\u0131\u011f\u0131n\u0131 kazanan \u00fclkelerin ba\u015f\u0131ndaki M\u00fcsl\u00fcman kukla y\u00f6neticilerle Kerbela zulm\u00fc devam ettirilmi\u015ftir. Kerbela\u2019dan \u00e7\u0131k\u0131\u015f, yeniden kendine gelme, yeniden \u0130slam\u2019a teslim olma, \u00e7ok \u00e7al\u0131\u015fma ve bat\u0131yla m\u00fccadele edebilecek maddi g\u00fcce kavu\u015fmayla m\u00fcmk\u00fcn olabilecektir. Yoksa, her g\u00fc\u00e7 bende diyen zalim, zay\u0131f buldu\u011fu mazlumlar\u0131 her yakalad\u0131\u011f\u0131 Kerbela\u2019da a\u00e7, susuz b\u0131rakacak, katledecek, yerinden yurdundan edecektir.<\/p>\n","protected":false},"excerpt":{"rendered":"<p>\u0130ran\u2019dan, Anadolu\u2019dan \u00e7\u0131kan \u0130stanbul, Mardin, Necef ve Mekke\u2019de kesi\u015fen idealist hayatlar! Y\u00fczy\u0131llard\u0131r bitmeyen Kerbelalardan \u00e7\u0131k\u0131\u015f arayanlara; \u0130slam tarihi Kerbelalarla doludur. \u0130lk Kerbela Hz. H\u00fcseyin ve 70<span class=\"excerpt-hellip\"> [\u2026]<\/span><\/p>\n","protected":false},"featured_media":0,"template":"","meta":{"_monsterinsights_skip_tracking":false,"_monsterinsights_sitenote_active":false,"_monsterinsights_sitenote_note":"","_monsterinsights_sitenote_category":0},"product_brand":[],"product_cat":[12291,12711],"product_tag":[],"class_list":{"0":"post-708851","1":"product","2":"type-product","3":"status-publish","5":"product_cat-edebiyat","6":"product_cat-roman-oyku","7":"pa_cilt-ciltsiz","8":"pa_tur-kitap","9":"pa_yayinevi-aktif-hayat","10":"pa_yazar-kasim-sezen","12":"first","13":"instock","14":"sale","15":"shipping-taxable","16":"purchasable","17":"product-type-simple"},"_links":{"self":[{"href":"https:\/\/roveyayinevi.com.tr\/index.php\/wp-json\/wp\/v2\/product\/708851","targetHints":{"allow":["GET"]}}],"collection":[{"href":"https:\/\/roveyayinevi.com.tr\/index.php\/wp-json\/wp\/v2\/product"}],"about":[{"href":"https:\/\/roveyayinevi.com.tr\/index.php\/wp-json\/wp\/v2\/types\/product"}],"wp:attachment":[{"href":"https:\/\/roveyayinevi.com.tr\/index.php\/wp-json\/wp\/v2\/media?parent=708851"}],"wp:term":[{"taxonomy":"product_brand","embeddable":true,"href":"https:\/\/roveyayinevi.com.tr\/index.php\/wp-json\/wp\/v2\/product_brand?post=708851"},{"taxonomy":"product_cat","embeddable":true,"href":"https:\/\/roveyayinevi.com.tr\/index.php\/wp-json\/wp\/v2\/product_cat?post=708851"},{"taxonomy":"product_tag","embeddable":true,"href":"https:\/\/roveyayinevi.com.tr\/index.php\/wp-json\/wp\/v2\/product_tag?post=708851"}],"curies":[{"name":"wp","href":"https:\/\/api.w.org\/{rel}","templated":true}]}}