{"id":708850,"date":"2025-08-27T16:19:06","date_gmt":"2025-08-27T13:19:06","guid":{"rendered":"https:\/\/roveyayinevi.com.tr\/index.php\/urun\/one-punch-man-tek-yumruk-cilt-7\/"},"modified":"2026-04-16T02:17:35","modified_gmt":"2026-04-15T23:17:35","slug":"one-punch-man-tek-yumruk-cilt-7","status":"publish","type":"product","link":"https:\/\/roveyayinevi.com.tr\/index.php\/urun\/one-punch-man-tek-yumruk-cilt-7\/","title":{"rendered":"One Punch Man Tek Yumruk Cilt 7"},"content":{"rendered":"<p>Uzayl\u0131lar\u0131n d\u00fcnyay\u0131 istila etmek \u00fczere harekete ge\u00e7mesinin ard\u0131ndan, gezegenimizi savunmak isteyen S s\u0131n\u0131f\u0131 kahramanlar da sald\u0131r\u0131 karar\u0131 veriyorlar. \u00d6te yandan, ana d\u00fc\u015fman gemisinde Boros\u2019un kar\u015f\u0131s\u0131na dikilen Saitama d\u00fc\u015fman\u0131n\u0131n m\u00fcthi\u015f g\u00fcc\u00fcn\u00fc g\u00f6rd\u00fc ve bu sefer ciddi bir rakiple kar\u015f\u0131 kar\u015f\u0131ya oldu\u011funun fark\u0131nda\u2026 onun daha \u00f6nce e\u015fi benzeri g\u00f6r\u00fclmemi\u015f bu d\u00fc\u015fmanla sava\u015f\u0131, d\u00fcnyan\u0131n kaderini belirleyecek olabilir.<\/p>\n","protected":false},"excerpt":{"rendered":"<p>Uzayl\u0131lar\u0131n d\u00fcnyay\u0131 istila etmek \u00fczere harekete ge\u00e7mesinin ard\u0131ndan, gezegenimizi savunmak isteyen S s\u0131n\u0131f\u0131 kahramanlar da sald\u0131r\u0131 karar\u0131 veriyorlar. \u00d6te yandan, ana d\u00fc\u015fman gemisinde Boros\u2019un kar\u015f\u0131s\u0131na dikilen<span class=\"excerpt-hellip\"> [\u2026]<\/span><\/p>\n","protected":false},"featured_media":0,"template":"","meta":{"_monsterinsights_skip_tracking":false,"_monsterinsights_sitenote_active":false,"_monsterinsights_sitenote_note":"","_monsterinsights_sitenote_category":0},"product_brand":[],"product_cat":[12416,12291],"product_tag":[],"class_list":{"0":"post-708850","1":"product","2":"type-product","3":"status-publish","5":"product_cat-cizgi-roman","6":"product_cat-edebiyat","7":"pa_cilt-ciltsiz","8":"pa_tur-kitap","9":"pa_yayinevi-akil-celen-kitaplar","10":"pa_yazar-akil-celen-kitaplar-kolektif","12":"first","13":"instock","14":"sale","15":"shipping-taxable","16":"purchasable","17":"product-type-simple"},"_links":{"self":[{"href":"https:\/\/roveyayinevi.com.tr\/index.php\/wp-json\/wp\/v2\/product\/708850","targetHints":{"allow":["GET"]}}],"collection":[{"href":"https:\/\/roveyayinevi.com.tr\/index.php\/wp-json\/wp\/v2\/product"}],"about":[{"href":"https:\/\/roveyayinevi.com.tr\/index.php\/wp-json\/wp\/v2\/types\/product"}],"wp:attachment":[{"href":"https:\/\/roveyayinevi.com.tr\/index.php\/wp-json\/wp\/v2\/media?parent=708850"}],"wp:term":[{"taxonomy":"product_brand","embeddable":true,"href":"https:\/\/roveyayinevi.com.tr\/index.php\/wp-json\/wp\/v2\/product_brand?post=708850"},{"taxonomy":"product_cat","embeddable":true,"href":"https:\/\/roveyayinevi.com.tr\/index.php\/wp-json\/wp\/v2\/product_cat?post=708850"},{"taxonomy":"product_tag","embeddable":true,"href":"https:\/\/roveyayinevi.com.tr\/index.php\/wp-json\/wp\/v2\/product_tag?post=708850"}],"curies":[{"name":"wp","href":"https:\/\/api.w.org\/{rel}","templated":true}]}}