{"id":708848,"date":"2025-08-27T16:19:04","date_gmt":"2025-08-27T13:19:04","guid":{"rendered":"https:\/\/roveyayinevi.com.tr\/index.php\/urun\/civi\/"},"modified":"2026-04-16T02:17:35","modified_gmt":"2026-04-15T23:17:35","slug":"civi","status":"publish","type":"product","link":"https:\/\/roveyayinevi.com.tr\/index.php\/urun\/civi\/","title":{"rendered":"\u00c7ivi"},"content":{"rendered":"<p>anne s\u00fct\u00fcyle y\u0131kanm\u0131\u015f imgeler g\u00fcnah \u00e7\u0131kart\u0131r gelin k\u0131nas\u0131na banm\u0131\u015f naftalin h\u0131\u00e7k\u0131r\u0131klar\u0131nda \/ pasl\u0131 s\u00fck\u00fbn lirik ayinler sa\u011farken kutsal mabedime \u00fcveyik kanad\u0131nda h\u00fczn\u00fc aks\u0131ran g\u00f6lgeler \u00e7iviliyor gece! bir k\u0131rlang\u0131\u00e7 \u00f6p\u00fcyor \u015fiirin a\u011fz\u0131ndan \u00e7\u0131\u011fl\u0131k y\u00fckseliyor i\u00e7imin derg\u00e2h\u0131ndan \u00e7ekilin kayg\u0131lar \u00e7ekilin! vav olup k\u0131vr\u0131laca\u011f\u0131m bir t\u00fcrk\u00fcn\u00fcn en ac\u0131yan yurduna <\/p>\n","protected":false},"excerpt":{"rendered":"<p>anne s\u00fct\u00fcyle y\u0131kanm\u0131\u015f imgeler g\u00fcnah \u00e7\u0131kart\u0131r gelin k\u0131nas\u0131na banm\u0131\u015f naftalin h\u0131\u00e7k\u0131r\u0131klar\u0131nda \/ pasl\u0131 s\u00fck\u00fbn lirik ayinler sa\u011farken kutsal mabedime \u00fcveyik kanad\u0131nda h\u00fczn\u00fc aks\u0131ran g\u00f6lgeler \u00e7iviliyor gece!<span class=\"excerpt-hellip\"> [\u2026]<\/span><\/p>\n","protected":false},"featured_media":0,"template":"","meta":{"_monsterinsights_skip_tracking":false,"_monsterinsights_sitenote_active":false,"_monsterinsights_sitenote_note":"","_monsterinsights_sitenote_category":0},"product_brand":[],"product_cat":[12291,12509],"product_tag":[],"class_list":{"0":"post-708848","1":"product","2":"type-product","3":"status-publish","5":"product_cat-edebiyat","6":"product_cat-siir","7":"pa_cilt-ciltsiz","8":"pa_tur-kitap","9":"pa_yayinevi-profil-kitap","10":"pa_yazar-mehtap-altan","12":"first","13":"instock","14":"sale","15":"shipping-taxable","16":"purchasable","17":"product-type-simple"},"_links":{"self":[{"href":"https:\/\/roveyayinevi.com.tr\/index.php\/wp-json\/wp\/v2\/product\/708848","targetHints":{"allow":["GET"]}}],"collection":[{"href":"https:\/\/roveyayinevi.com.tr\/index.php\/wp-json\/wp\/v2\/product"}],"about":[{"href":"https:\/\/roveyayinevi.com.tr\/index.php\/wp-json\/wp\/v2\/types\/product"}],"wp:attachment":[{"href":"https:\/\/roveyayinevi.com.tr\/index.php\/wp-json\/wp\/v2\/media?parent=708848"}],"wp:term":[{"taxonomy":"product_brand","embeddable":true,"href":"https:\/\/roveyayinevi.com.tr\/index.php\/wp-json\/wp\/v2\/product_brand?post=708848"},{"taxonomy":"product_cat","embeddable":true,"href":"https:\/\/roveyayinevi.com.tr\/index.php\/wp-json\/wp\/v2\/product_cat?post=708848"},{"taxonomy":"product_tag","embeddable":true,"href":"https:\/\/roveyayinevi.com.tr\/index.php\/wp-json\/wp\/v2\/product_tag?post=708848"}],"curies":[{"name":"wp","href":"https:\/\/api.w.org\/{rel}","templated":true}]}}