{"id":708846,"date":"2025-08-27T16:19:03","date_gmt":"2025-08-27T13:19:03","guid":{"rendered":"https:\/\/roveyayinevi.com.tr\/index.php\/urun\/cerkes-kizindan-tarifler-ciltli\/"},"modified":"2025-09-24T10:50:34","modified_gmt":"2025-09-24T07:50:34","slug":"cerkes-kizindan-tarifler-ciltli","status":"publish","type":"product","link":"https:\/\/roveyayinevi.com.tr\/index.php\/urun\/cerkes-kizindan-tarifler-ciltli\/","title":{"rendered":"\u00c7erkes K\u0131z\u0131ndan Tarifler (Ciltli)"},"content":{"rendered":"<p>Belki de \u00c7erkes mutfa\u011f\u0131n\u0131n \u00fclkemizde en bilinen \u00f6rne\u011fi \u00c7erkes tavu\u011fudur. Osmanl\u0131 mutfa\u011f\u0131nda da yerini alm\u0131\u015f olan \u00c7erkes yemekleri asl\u0131nda hayli zengindir. \u00c7orbalardan et yemeklerine, sebze yemeklerinden hamur i\u015flerine, soslar ve ezmelerden tatl\u0131lara kadar birbirinden farkl\u0131 tarifler bu uzak ama bir o kadar da tan\u0131d\u0131k mutfa\u011f\u0131n hazineleridir. Hi\u00e7bir g\u0131dan\u0131n ziyan edilmedi\u011fi, kendine has pi\u015firme tekniklerinin ve saklama y\u00f6ntemlerinin her zaman kullan\u0131lageldi\u011fi \u00c7erkes mutfa\u011f\u0131 Evliya \u00c7elebi\u2019nin Seyahatname\u2019sinde de yerini alm\u0131\u015ft\u0131r. Sine Boran Art da y\u0131llar \u00f6ncesinde annesiyle birlikte \u00c7erkes mutfa\u011f\u0131ndan \u00f6rnekler sundu\u011fu lokantalar\u0131n\u0131 kapatmak zorunda kal\u0131nca bu zengin k\u00fclt\u00fcr\u00fc t\u00fcm \u00f6zg\u00fcnl\u00fc\u011f\u00fcyle tan\u0131tmay\u0131 kendine g\u00f6rev edinmi\u015f. \u00c7erkes K\u0131z\u0131ndan Tarifler kitab\u0131nda da aile b\u00fcy\u00fcklerinden, Kafkasya\u2019daki ve T\u00fcrkiye\u2019deki dostlar\u0131ndan derledi\u011fi 130\u2019a yak\u0131n tarifi bir araya getirmi\u015f. Vedat Milor\u2019un sunu\u015f yaz\u0131s\u0131n\u0131n e\u015flik etti\u011fi bu birbirinden lezzetli tarifler Kuzey Kafkasya\u2019n\u0131n tatlar\u0131n\u0131 mutfaklar\u0131n\u0131za ve sofralar\u0131n\u0131za ta\u015f\u0131yacak. Afiyet olsun\u2026 <\/p>\n","protected":false},"excerpt":{"rendered":"<p>Belki de \u00c7erkes mutfa\u011f\u0131n\u0131n \u00fclkemizde en bilinen \u00f6rne\u011fi \u00c7erkes tavu\u011fudur. Osmanl\u0131 mutfa\u011f\u0131nda da yerini alm\u0131\u015f olan \u00c7erkes yemekleri asl\u0131nda hayli zengindir. \u00c7orbalardan et yemeklerine, sebze yemeklerinden<span class=\"excerpt-hellip\"> [\u2026]<\/span><\/p>\n","protected":false},"featured_media":0,"template":"","meta":{"_monsterinsights_skip_tracking":false,"_monsterinsights_sitenote_active":false,"_monsterinsights_sitenote_note":"","_monsterinsights_sitenote_category":0},"product_brand":[],"product_cat":[12458,12457],"product_tag":[],"class_list":{"0":"post-708846","1":"product","2":"type-product","3":"status-publish","5":"product_cat-turk-mutfagi","6":"product_cat-yemek-kitaplari","7":"pa_cilt-ciltli","8":"pa_tur-kitap","9":"pa_yayinevi-is-bankasi-kultur-yayinlari","10":"pa_yazar-sine-boran-art","12":"first","13":"instock","14":"sale","15":"shipping-taxable","16":"purchasable","17":"product-type-simple"},"_links":{"self":[{"href":"https:\/\/roveyayinevi.com.tr\/index.php\/wp-json\/wp\/v2\/product\/708846","targetHints":{"allow":["GET"]}}],"collection":[{"href":"https:\/\/roveyayinevi.com.tr\/index.php\/wp-json\/wp\/v2\/product"}],"about":[{"href":"https:\/\/roveyayinevi.com.tr\/index.php\/wp-json\/wp\/v2\/types\/product"}],"wp:attachment":[{"href":"https:\/\/roveyayinevi.com.tr\/index.php\/wp-json\/wp\/v2\/media?parent=708846"}],"wp:term":[{"taxonomy":"product_brand","embeddable":true,"href":"https:\/\/roveyayinevi.com.tr\/index.php\/wp-json\/wp\/v2\/product_brand?post=708846"},{"taxonomy":"product_cat","embeddable":true,"href":"https:\/\/roveyayinevi.com.tr\/index.php\/wp-json\/wp\/v2\/product_cat?post=708846"},{"taxonomy":"product_tag","embeddable":true,"href":"https:\/\/roveyayinevi.com.tr\/index.php\/wp-json\/wp\/v2\/product_tag?post=708846"}],"curies":[{"name":"wp","href":"https:\/\/api.w.org\/{rel}","templated":true}]}}