{"id":708844,"date":"2025-08-27T16:19:02","date_gmt":"2025-08-27T13:19:02","guid":{"rendered":"https:\/\/roveyayinevi.com.tr\/index.php\/urun\/ideal-devlet\/"},"modified":"2026-04-16T02:17:35","modified_gmt":"2026-04-15T23:17:35","slug":"ideal-devlet","status":"publish","type":"product","link":"https:\/\/roveyayinevi.com.tr\/index.php\/urun\/ideal-devlet\/","title":{"rendered":"\u0130deal Devlet"},"content":{"rendered":"<p>Farab\u00ee (870-950): T\u00fcrk-\u0130slam filozofu, g\u00f6kbilimci, m\u00fczisyen. \u0130slam\u2019\u0131n Alt\u0131n \u00c7a\u011f\u2019\u0131n\u0131n en \u00f6nemli isimlerden biridir. Farab\u00ee y\u00fcksek\u00f6\u011frenimini Ba\u011fdat\u2019ta tamamlad\u0131, zaman\u0131n \u00fcnl\u00fc bilginlerinden ders ald\u0131. Aristoteles\u2019in ve Platon\u2019un eserlerini inceledi, bu iki filozofun felsefelerini \u0130slam\u2019la ba\u011fda\u015ft\u0131rmaya, bu sayede \u0130slam dinine felsefi bir nitelik kazand\u0131rmaya \u00e7al\u0131\u015ft\u0131. Felsefeye mant\u0131k ile ba\u015flay\u0131p metafizik \u00fczerinde durdu; felsefenin dil, siyaset, do\u011fa, zihin ile ilgilenen dallar\u0131nda eserler verdi; m\u00fczik aletleri geli\u015ftirdi, m\u00fczik ve psikoloji konular\u0131nda yazd\u0131. \u0130slam felsefesinin geli\u015fmesini ve korunmas\u0131n\u0131 sa\u011flad\u0131, \u0130lk\u00e7a\u011f Yunan-Latin eserlerinin Arap\u00e7a terc\u00fcmelerinden yararlanmak zorunda kalan ve kendisini Alpharabius ismiyle anan Bat\u0131l\u0131 Orta \u00c7a\u011f d\u00fc\u015f\u00fcncesini etkiledi. \u0130deal Devlet bilinen 103 eserinden sonuncusudur ve Farab\u00ee\u2019nin felsefesini t\u00fcm a\u00e7\u0131lardan yans\u0131t\u0131r. Eserde \u0130lk Var Olan\u2019\u0131n nitelikleri, di\u011fer varl\u0131klar\u0131n nas\u0131l meydana geldi\u011fi, varl\u0131klar\u0131n dereceleri, bunun organlardaki kar\u015f\u0131l\u0131\u011f\u0131, bir beden gibi i\u015fleyen \u015fehri\/toplumu y\u00f6netecek ki\u015finin nitelikleri, \u015fehir\/toplum t\u00fcrleri, her birinin g\u00fc\u00e7l\u00fc ve zay\u0131f yanlar\u0131 ele al\u0131n\u0131r<\/p>\n","protected":false},"excerpt":{"rendered":"<p>Farab\u00ee (870-950): T\u00fcrk-\u0130slam filozofu, g\u00f6kbilimci, m\u00fczisyen. \u0130slam\u2019\u0131n Alt\u0131n \u00c7a\u011f\u2019\u0131n\u0131n en \u00f6nemli isimlerden biridir. Farab\u00ee y\u00fcksek\u00f6\u011frenimini Ba\u011fdat\u2019ta tamamlad\u0131, zaman\u0131n \u00fcnl\u00fc bilginlerinden ders ald\u0131. Aristoteles\u2019in ve Platon\u2019un eserlerini<span class=\"excerpt-hellip\"> [\u2026]<\/span><\/p>\n","protected":false},"featured_media":0,"template":"","meta":{"_monsterinsights_skip_tracking":false,"_monsterinsights_sitenote_active":false,"_monsterinsights_sitenote_note":"","_monsterinsights_sitenote_category":0},"product_brand":[],"product_cat":[12388,13555],"product_tag":[],"class_list":{"0":"post-708844","1":"product","2":"type-product","3":"status-publish","5":"product_cat-felsefe","6":"product_cat-genel-felsefe","7":"pa_cilt-ciltsiz","8":"pa_tur-kitap","9":"pa_yayinevi-is-bankasi-kultur-yayinlari","10":"pa_yazar-farabi","12":"first","13":"instock","14":"sale","15":"shipping-taxable","16":"purchasable","17":"product-type-simple"},"_links":{"self":[{"href":"https:\/\/roveyayinevi.com.tr\/index.php\/wp-json\/wp\/v2\/product\/708844","targetHints":{"allow":["GET"]}}],"collection":[{"href":"https:\/\/roveyayinevi.com.tr\/index.php\/wp-json\/wp\/v2\/product"}],"about":[{"href":"https:\/\/roveyayinevi.com.tr\/index.php\/wp-json\/wp\/v2\/types\/product"}],"wp:attachment":[{"href":"https:\/\/roveyayinevi.com.tr\/index.php\/wp-json\/wp\/v2\/media?parent=708844"}],"wp:term":[{"taxonomy":"product_brand","embeddable":true,"href":"https:\/\/roveyayinevi.com.tr\/index.php\/wp-json\/wp\/v2\/product_brand?post=708844"},{"taxonomy":"product_cat","embeddable":true,"href":"https:\/\/roveyayinevi.com.tr\/index.php\/wp-json\/wp\/v2\/product_cat?post=708844"},{"taxonomy":"product_tag","embeddable":true,"href":"https:\/\/roveyayinevi.com.tr\/index.php\/wp-json\/wp\/v2\/product_tag?post=708844"}],"curies":[{"name":"wp","href":"https:\/\/api.w.org\/{rel}","templated":true}]}}