{"id":708842,"date":"2025-08-27T16:19:01","date_gmt":"2025-08-27T13:19:01","guid":{"rendered":"https:\/\/roveyayinevi.com.tr\/index.php\/urun\/ida-ile-yeni-arkadasi\/"},"modified":"2026-04-16T02:17:35","modified_gmt":"2026-04-15T23:17:35","slug":"ida-ile-yeni-arkadasi","status":"publish","type":"product","link":"https:\/\/roveyayinevi.com.tr\/index.php\/urun\/ida-ile-yeni-arkadasi\/","title":{"rendered":"\u0130da \u0130le Yeni Arkada\u015f\u0131"},"content":{"rendered":"<p>\u0130da \u00f6yk\u00fclerini kendim okuyabilirim! Okumaya yeni ba\u015flayanlar i\u00e7in uygun K\u0131sa ve basit c\u00fcmleler \u00c7ok resimli Okunakl\u0131 b\u00fcy\u00fck harfler \u0130da; zeki, cesur ve elbette bir k\u0131z \u00e7ocu\u011fu. Yoksa ad\u0131 \u0130da olan bir erkek \u00e7ocu\u011fu tan\u0131yor musunuz? \u0130da genellikle ne\u015feli bir k\u0131z olsa da baz\u0131 zamanlar biraz d\u00fc\u015f\u00fcnceli olabiliyor. O g\u00fcn \u0130da\u2019n\u0131n ziyaretine arkada\u015f\u0131 Flo geldi. Flo\u2019nun odas\u0131nda ranzas\u0131 ve televizyonu vard\u0131. \u0130da\u2019n\u0131n iki kedisi ve kukla sahnesi vard\u0131. Flo piyano \u00e7al\u0131yor ve bale yap\u0131yordu. \u0130da saklamba\u00e7 oynamay\u0131 ve de\u011fi\u015fik k\u0131l\u0131klara girmeyi seviyordu. Sizce bu iki farkl\u0131 k\u0131z, arkada\u015f olabilirler mi? <\/p>\n","protected":false},"excerpt":{"rendered":"<p>\u0130da \u00f6yk\u00fclerini kendim okuyabilirim! Okumaya yeni ba\u015flayanlar i\u00e7in uygun K\u0131sa ve basit c\u00fcmleler \u00c7ok resimli Okunakl\u0131 b\u00fcy\u00fck harfler \u0130da; zeki, cesur ve elbette bir k\u0131z \u00e7ocu\u011fu.<span class=\"excerpt-hellip\"> [\u2026]<\/span><\/p>\n","protected":false},"featured_media":0,"template":"","meta":{"_monsterinsights_skip_tracking":false,"_monsterinsights_sitenote_active":false,"_monsterinsights_sitenote_note":"","_monsterinsights_sitenote_category":0},"product_brand":[],"product_cat":[12275,12274],"product_tag":[],"class_list":{"0":"post-708842","1":"product","2":"type-product","3":"status-publish","5":"product_cat-6-12-yas-kitaplari","6":"product_cat-cocuk-ve-genclik-kitaplari","7":"pa_cilt-ciltsiz","8":"pa_tur-kitap","9":"pa_yayinevi-is-bankasi-kultur-yayinlari","10":"pa_yazar-sabine-ludwig","12":"first","13":"instock","14":"sale","15":"shipping-taxable","16":"purchasable","17":"product-type-simple"},"_links":{"self":[{"href":"https:\/\/roveyayinevi.com.tr\/index.php\/wp-json\/wp\/v2\/product\/708842","targetHints":{"allow":["GET"]}}],"collection":[{"href":"https:\/\/roveyayinevi.com.tr\/index.php\/wp-json\/wp\/v2\/product"}],"about":[{"href":"https:\/\/roveyayinevi.com.tr\/index.php\/wp-json\/wp\/v2\/types\/product"}],"wp:attachment":[{"href":"https:\/\/roveyayinevi.com.tr\/index.php\/wp-json\/wp\/v2\/media?parent=708842"}],"wp:term":[{"taxonomy":"product_brand","embeddable":true,"href":"https:\/\/roveyayinevi.com.tr\/index.php\/wp-json\/wp\/v2\/product_brand?post=708842"},{"taxonomy":"product_cat","embeddable":true,"href":"https:\/\/roveyayinevi.com.tr\/index.php\/wp-json\/wp\/v2\/product_cat?post=708842"},{"taxonomy":"product_tag","embeddable":true,"href":"https:\/\/roveyayinevi.com.tr\/index.php\/wp-json\/wp\/v2\/product_tag?post=708842"}],"curies":[{"name":"wp","href":"https:\/\/api.w.org\/{rel}","templated":true}]}}