{"id":708839,"date":"2025-08-27T16:18:59","date_gmt":"2025-08-27T13:18:59","guid":{"rendered":"https:\/\/roveyayinevi.com.tr\/index.php\/urun\/yavru-timsah-cipiti\/"},"modified":"2026-04-16T02:17:35","modified_gmt":"2026-04-15T23:17:35","slug":"yavru-timsah-cipiti","status":"publish","type":"product","link":"https:\/\/roveyayinevi.com.tr\/index.php\/urun\/yavru-timsah-cipiti\/","title":{"rendered":"Yavru Timsah \u00c7ipiti"},"content":{"rendered":"<p>Yand\u0131 g\u00fcl\u00fcm keten helva Gitti rahat, geldi p\u00fcsk\u00fcll\u00fc bela! \u201c\u00c7ocuklar\u0131 ne\u015felendirip k\u0131k\u0131r k\u0131k\u0131r g\u00fcld\u00fcrece\u011fi kesin\u201d Books For Keeps \u201c\u00c7ocuklar\u0131n kar\u015f\u0131la\u015fmaktan mutluluk duyacaklar\u0131 bir timsah\u201d Scotsman \u201c\u00c7ok e\u011flenceli\u201d Independent on Sunday <\/p>\n","protected":false},"excerpt":{"rendered":"<p>Yand\u0131 g\u00fcl\u00fcm keten helva Gitti rahat, geldi p\u00fcsk\u00fcll\u00fc bela! \u201c\u00c7ocuklar\u0131 ne\u015felendirip k\u0131k\u0131r k\u0131k\u0131r g\u00fcld\u00fcrece\u011fi kesin\u201d Books For Keeps \u201c\u00c7ocuklar\u0131n kar\u015f\u0131la\u015fmaktan mutluluk duyacaklar\u0131 bir timsah\u201d Scotsman \u201c\u00c7ok<span class=\"excerpt-hellip\"> [\u2026]<\/span><\/p>\n","protected":false},"featured_media":0,"template":"","meta":{"_monsterinsights_skip_tracking":false,"_monsterinsights_sitenote_active":false,"_monsterinsights_sitenote_note":"","_monsterinsights_sitenote_category":0},"product_brand":[],"product_cat":[12913,12274],"product_tag":[],"class_list":{"0":"post-708839","1":"product","2":"type-product","3":"status-publish","5":"product_cat-3-6-yas-kitaplari","6":"product_cat-cocuk-ve-genclik-kitaplari","7":"pa_cilt-ciltsiz","8":"pa_tur-kitap","9":"pa_yayinevi-is-bankasi-kultur-yayinlari","10":"pa_yazar-catherine-rayner","12":"first","13":"instock","14":"sale","15":"shipping-taxable","16":"purchasable","17":"product-type-simple"},"_links":{"self":[{"href":"https:\/\/roveyayinevi.com.tr\/index.php\/wp-json\/wp\/v2\/product\/708839","targetHints":{"allow":["GET"]}}],"collection":[{"href":"https:\/\/roveyayinevi.com.tr\/index.php\/wp-json\/wp\/v2\/product"}],"about":[{"href":"https:\/\/roveyayinevi.com.tr\/index.php\/wp-json\/wp\/v2\/types\/product"}],"wp:attachment":[{"href":"https:\/\/roveyayinevi.com.tr\/index.php\/wp-json\/wp\/v2\/media?parent=708839"}],"wp:term":[{"taxonomy":"product_brand","embeddable":true,"href":"https:\/\/roveyayinevi.com.tr\/index.php\/wp-json\/wp\/v2\/product_brand?post=708839"},{"taxonomy":"product_cat","embeddable":true,"href":"https:\/\/roveyayinevi.com.tr\/index.php\/wp-json\/wp\/v2\/product_cat?post=708839"},{"taxonomy":"product_tag","embeddable":true,"href":"https:\/\/roveyayinevi.com.tr\/index.php\/wp-json\/wp\/v2\/product_tag?post=708839"}],"curies":[{"name":"wp","href":"https:\/\/api.w.org\/{rel}","templated":true}]}}