{"id":708838,"date":"2025-08-27T16:18:59","date_gmt":"2025-08-27T13:18:59","guid":{"rendered":"https:\/\/roveyayinevi.com.tr\/index.php\/urun\/camekan\/"},"modified":"2026-04-16T02:17:35","modified_gmt":"2026-04-15T23:17:35","slug":"camekan","status":"publish","type":"product","link":"https:\/\/roveyayinevi.com.tr\/index.php\/urun\/camekan\/","title":{"rendered":"Camekan"},"content":{"rendered":"<p>Mehmet Can Do\u011fan\u2019\u0131n vitrin \u015fiirleri: Camek\u00e2nMehmet Can Do\u011fan\u2019\u0131n yedinci \u015fiir kitab\u0131 Camek\u00e2n Yap\u0131 Kredi Yay\u0131nlar\u0131 taraf\u0131ndan yay\u0131mland\u0131.Soka\u011f\u0131, d\u00fckk\u00e2n camlar\u0131n\u0131 yans\u0131tan, g\u00fcnl\u00fck hayat\u0131n nabz\u0131n\u0131 tutan \u015fiirlerde yal\u0131n bir mizah kendini g\u00f6steriyor. \u015eiirimizin ustalar\u0131n\u0131 an\u0131msatan, T\u00fcrk\u00e7enin titre\u015fimlerini duyuran bir ustal\u0131k belgesi Camek\u00e2n. \u201cCam\u201d \u015fiiriyle a\u00e7\u0131l\u0131yor, \u201cEncam\u201d \u015fiiriyle tamamlan\u0131yor. Bir g\u00f6mle\u011fin tene de\u011fi\u015fi gibive yalan insan\u0131n insana de\u011fi\u015fine k\u00f6t\u00fc g\u00f6nl\u00fcn\u00fc ald\u0131m da b\u0131rakt\u0131mb\u00f6yle sallan\u0131r kefesi bo\u015falan terazi <\/p>\n","protected":false},"excerpt":{"rendered":"<p>Mehmet Can Do\u011fan\u2019\u0131n vitrin \u015fiirleri: Camek\u00e2nMehmet Can Do\u011fan\u2019\u0131n yedinci \u015fiir kitab\u0131 Camek\u00e2n Yap\u0131 Kredi Yay\u0131nlar\u0131 taraf\u0131ndan yay\u0131mland\u0131.Soka\u011f\u0131, d\u00fckk\u00e2n camlar\u0131n\u0131 yans\u0131tan, g\u00fcnl\u00fck hayat\u0131n nabz\u0131n\u0131 tutan \u015fiirlerde yal\u0131n<span class=\"excerpt-hellip\"> [\u2026]<\/span><\/p>\n","protected":false},"featured_media":0,"template":"","meta":{"_monsterinsights_skip_tracking":false,"_monsterinsights_sitenote_active":false,"_monsterinsights_sitenote_note":"","_monsterinsights_sitenote_category":0},"product_brand":[],"product_cat":[12291,12509],"product_tag":[],"class_list":{"0":"post-708838","1":"product","2":"type-product","3":"status-publish","5":"product_cat-edebiyat","6":"product_cat-siir","7":"pa_cilt-ciltsiz","8":"pa_tur-kitap","9":"pa_yayinevi-yapi-kredi-yayinlari","10":"pa_yazar-mehmet-can-dogan","12":"first","13":"instock","14":"sale","15":"shipping-taxable","16":"purchasable","17":"product-type-simple"},"_links":{"self":[{"href":"https:\/\/roveyayinevi.com.tr\/index.php\/wp-json\/wp\/v2\/product\/708838","targetHints":{"allow":["GET"]}}],"collection":[{"href":"https:\/\/roveyayinevi.com.tr\/index.php\/wp-json\/wp\/v2\/product"}],"about":[{"href":"https:\/\/roveyayinevi.com.tr\/index.php\/wp-json\/wp\/v2\/types\/product"}],"wp:attachment":[{"href":"https:\/\/roveyayinevi.com.tr\/index.php\/wp-json\/wp\/v2\/media?parent=708838"}],"wp:term":[{"taxonomy":"product_brand","embeddable":true,"href":"https:\/\/roveyayinevi.com.tr\/index.php\/wp-json\/wp\/v2\/product_brand?post=708838"},{"taxonomy":"product_cat","embeddable":true,"href":"https:\/\/roveyayinevi.com.tr\/index.php\/wp-json\/wp\/v2\/product_cat?post=708838"},{"taxonomy":"product_tag","embeddable":true,"href":"https:\/\/roveyayinevi.com.tr\/index.php\/wp-json\/wp\/v2\/product_tag?post=708838"}],"curies":[{"name":"wp","href":"https:\/\/api.w.org\/{rel}","templated":true}]}}