{"id":708833,"date":"2025-08-27T16:18:47","date_gmt":"2025-08-27T13:18:47","guid":{"rendered":"https:\/\/roveyayinevi.com.tr\/index.php\/urun\/yat-kaptanligi-ve-soru-bankasi\/"},"modified":"2026-04-06T12:38:29","modified_gmt":"2026-04-06T09:38:29","slug":"yat-kaptanligi-ve-soru-bankasi","status":"publish","type":"product","link":"https:\/\/roveyayinevi.com.tr\/index.php\/urun\/yat-kaptanligi-ve-soru-bankasi\/","title":{"rendered":"Yat Kaptanl\u0131\u011f\u0131 ve Soru Bankas\u0131"},"content":{"rendered":"<p>Yat Kaptanl\u0131\u011f\u0131 ve Soru Bankas\u0131 <\/p>\n","protected":false},"excerpt":{"rendered":"<p>Yat Kaptanl\u0131\u011f\u0131 ve Soru Bankas\u0131<\/p>\n","protected":false},"featured_media":0,"template":"","meta":{"_monsterinsights_skip_tracking":false,"_monsterinsights_sitenote_active":false,"_monsterinsights_sitenote_note":"","_monsterinsights_sitenote_category":0},"product_brand":[],"product_cat":[12566],"product_tag":[],"class_list":{"0":"post-708833","1":"product","2":"type-product","3":"status-publish","5":"product_cat-egitim","6":"pa_cilt-ciltsiz","7":"pa_tur-kitap","8":"pa_yayinevi-orta-dogu-denizcilik-ve-kaptanlik-yayinlari","9":"pa_yazar-esen-faruk-ozsan","11":"first","12":"instock","13":"sale","14":"shipping-taxable","15":"purchasable","16":"product-type-simple"},"_links":{"self":[{"href":"https:\/\/roveyayinevi.com.tr\/index.php\/wp-json\/wp\/v2\/product\/708833","targetHints":{"allow":["GET"]}}],"collection":[{"href":"https:\/\/roveyayinevi.com.tr\/index.php\/wp-json\/wp\/v2\/product"}],"about":[{"href":"https:\/\/roveyayinevi.com.tr\/index.php\/wp-json\/wp\/v2\/types\/product"}],"wp:attachment":[{"href":"https:\/\/roveyayinevi.com.tr\/index.php\/wp-json\/wp\/v2\/media?parent=708833"}],"wp:term":[{"taxonomy":"product_brand","embeddable":true,"href":"https:\/\/roveyayinevi.com.tr\/index.php\/wp-json\/wp\/v2\/product_brand?post=708833"},{"taxonomy":"product_cat","embeddable":true,"href":"https:\/\/roveyayinevi.com.tr\/index.php\/wp-json\/wp\/v2\/product_cat?post=708833"},{"taxonomy":"product_tag","embeddable":true,"href":"https:\/\/roveyayinevi.com.tr\/index.php\/wp-json\/wp\/v2\/product_tag?post=708833"}],"curies":[{"name":"wp","href":"https:\/\/api.w.org\/{rel}","templated":true}]}}