{"id":708831,"date":"2025-08-27T16:18:46","date_gmt":"2025-08-27T13:18:46","guid":{"rendered":"https:\/\/roveyayinevi.com.tr\/index.php\/urun\/heidi-ve-klara-daglarda\/"},"modified":"2025-11-06T04:11:41","modified_gmt":"2025-11-06T01:11:41","slug":"heidi-ve-klara-daglarda","status":"publish","type":"product","link":"https:\/\/roveyayinevi.com.tr\/index.php\/urun\/heidi-ve-klara-daglarda\/","title":{"rendered":"Heidi ve Klara Da\u011flarda"},"content":{"rendered":"<p>Heidi, da\u011fdaki evine geri d\u00f6nm\u00fc\u015f, dedesine kavu\u015fmu\u015ftu! Sevin\u00e7ten yerinde duram\u0131yordu. Yeni a\u00e7m\u0131\u015f \u00e7uha \u00e7i\u00e7eklerini, hercai menek\u015feleri bulmak i\u00e7in oradan oraya ko\u015fup duruyordu. En yak\u0131n arkada\u015f\u0131 Claire\u2019in \u015fehirden kendisini ziyaret edece\u011fini \u00f6\u011frenen Heidi \u00e7ok mutluydu.   T\u00fcm d\u00fcnya \u00e7ocuklar\u0131n\u0131n severek okudu\u011fu Heidi harika resimlerle yeniden \u00e7ocuklarla bulu\u015fuyor. K\u00fc\u00e7\u00fck Heidi\u2019nin ne\u015fesi ve mutlulu\u011fu ebeveynlerin ve \u00e7ocuklar\u0131n payla\u015ft\u0131\u011f\u0131 ortak bir ne\u015fe ve mutluluk kayna\u011f\u0131 olmaya devam ediyor. T\u00fcm \u00e7ocuklar bu resimli Heidi kitab\u0131n\u0131 ve okumay\u0131 \u00e7ok sevecekler. <\/p>\n","protected":false},"excerpt":{"rendered":"<p>Heidi, da\u011fdaki evine geri d\u00f6nm\u00fc\u015f, dedesine kavu\u015fmu\u015ftu! Sevin\u00e7ten yerinde duram\u0131yordu. Yeni a\u00e7m\u0131\u015f \u00e7uha \u00e7i\u00e7eklerini, hercai menek\u015feleri bulmak i\u00e7in oradan oraya ko\u015fup duruyordu. En yak\u0131n arkada\u015f\u0131 Claire\u2019in<span class=\"excerpt-hellip\"> [\u2026]<\/span><\/p>\n","protected":false},"featured_media":0,"template":"","meta":{"_monsterinsights_skip_tracking":false,"_monsterinsights_sitenote_active":false,"_monsterinsights_sitenote_note":"","_monsterinsights_sitenote_category":0},"product_brand":[],"product_cat":[12275,12274],"product_tag":[],"class_list":{"0":"post-708831","1":"product","2":"type-product","3":"status-publish","5":"product_cat-6-12-yas-kitaplari","6":"product_cat-cocuk-ve-genclik-kitaplari","7":"pa_cilt-ciltsiz","8":"pa_tur-kitap","9":"pa_yayinevi-1001-cicek-kitaplar","10":"pa_yazar-marie-jose-maury","12":"first","13":"instock","14":"sale","15":"shipping-taxable","16":"purchasable","17":"product-type-simple"},"_links":{"self":[{"href":"https:\/\/roveyayinevi.com.tr\/index.php\/wp-json\/wp\/v2\/product\/708831","targetHints":{"allow":["GET"]}}],"collection":[{"href":"https:\/\/roveyayinevi.com.tr\/index.php\/wp-json\/wp\/v2\/product"}],"about":[{"href":"https:\/\/roveyayinevi.com.tr\/index.php\/wp-json\/wp\/v2\/types\/product"}],"wp:attachment":[{"href":"https:\/\/roveyayinevi.com.tr\/index.php\/wp-json\/wp\/v2\/media?parent=708831"}],"wp:term":[{"taxonomy":"product_brand","embeddable":true,"href":"https:\/\/roveyayinevi.com.tr\/index.php\/wp-json\/wp\/v2\/product_brand?post=708831"},{"taxonomy":"product_cat","embeddable":true,"href":"https:\/\/roveyayinevi.com.tr\/index.php\/wp-json\/wp\/v2\/product_cat?post=708831"},{"taxonomy":"product_tag","embeddable":true,"href":"https:\/\/roveyayinevi.com.tr\/index.php\/wp-json\/wp\/v2\/product_tag?post=708831"}],"curies":[{"name":"wp","href":"https:\/\/api.w.org\/{rel}","templated":true}]}}