{"id":708830,"date":"2025-08-27T16:18:45","date_gmt":"2025-08-27T13:18:45","guid":{"rendered":"https:\/\/roveyayinevi.com.tr\/index.php\/urun\/yasanmisliklardan-bir-kuple\/"},"modified":"2026-04-16T02:17:34","modified_gmt":"2026-04-15T23:17:34","slug":"yasanmisliklardan-bir-kuple","status":"publish","type":"product","link":"https:\/\/roveyayinevi.com.tr\/index.php\/urun\/yasanmisliklardan-bir-kuple\/","title":{"rendered":"Ya\u015fanm\u0131\u015fl\u0131klardan Bir Kuple"},"content":{"rendered":"<p>1995 y\u0131l\u0131nda Kayseri\u2019de do\u011fdu ve \u00f6\u011frenim hayat\u0131n\u0131 Kayseri\u2019de tamamlad\u0131. Ortaokul y\u0131llar\u0131nda \u015fiire ilgi duymaya ba\u015flad\u0131. Duygular\u0131n\u0131 konu\u015farak ifade edemedi\u011fi i\u00e7in yazmak daha kolay\u0131na geldi. Sanat\u0131 hayat\u0131n\u0131n her alan\u0131na yerle\u015ftirdi. Bu y\u00fczden Grafik Tasar\u0131m b\u00f6l\u00fcm\u00fc okudu ve bu y\u00fczden kurumsal bir firma da grafiker olarak \u00e7al\u0131\u015f\u0131yor. \u201c\u0130\u015f olsun, vakit dolsun\u201d diye \u015fiir yaz\u0131lmas\u0131na \u015fiddetle kar\u015f\u0131 \u00e7\u0131k\u0131yor. \u015eiirin i\u00e7inden gelenleri i\u00e7inden geldi\u011fi zaman yaz\u0131lmas\u0131 gereken sevgi, nefret gibi duygular dizisi oldu\u011funu s\u00f6yl\u00fcyor ve hayat\u0131n her alan\u0131nda olmas\u0131 gerekti\u011fini d\u00fc\u015f\u00fcn\u00fcyor. \u201cYazmak benim g\u00f6z\u00fcmde ruhlar\u0131n ileti\u015fim \u015feklidir\u201d diyor. \u015eu ifadelerde kendisine ait: \u201cMesafelere, engellere ve sorunlara tak\u0131lmadan sonsuz bir g\u00f6ky\u00fcz\u00fc misali her yere ula\u015f\u0131r t\u00fcm m\u0131sralar\u201d <\/p>\n","protected":false},"excerpt":{"rendered":"<p>1995 y\u0131l\u0131nda Kayseri\u2019de do\u011fdu ve \u00f6\u011frenim hayat\u0131n\u0131 Kayseri\u2019de tamamlad\u0131. Ortaokul y\u0131llar\u0131nda \u015fiire ilgi duymaya ba\u015flad\u0131. Duygular\u0131n\u0131 konu\u015farak ifade edemedi\u011fi i\u00e7in yazmak daha kolay\u0131na geldi. Sanat\u0131 hayat\u0131n\u0131n<span class=\"excerpt-hellip\"> [\u2026]<\/span><\/p>\n","protected":false},"featured_media":0,"template":"","meta":{"_monsterinsights_skip_tracking":false,"_monsterinsights_sitenote_active":false,"_monsterinsights_sitenote_note":"","_monsterinsights_sitenote_category":0},"product_brand":[],"product_cat":[12291,12509],"product_tag":[],"class_list":{"0":"post-708830","1":"product","2":"type-product","3":"status-publish","5":"product_cat-edebiyat","6":"product_cat-siir","7":"pa_cilt-ciltsiz","8":"pa_tur-kitap","9":"pa_yayinevi-ayata-kitap","10":"pa_yazar-alican-topcu","12":"first","13":"instock","14":"sale","15":"shipping-taxable","16":"purchasable","17":"product-type-simple"},"_links":{"self":[{"href":"https:\/\/roveyayinevi.com.tr\/index.php\/wp-json\/wp\/v2\/product\/708830","targetHints":{"allow":["GET"]}}],"collection":[{"href":"https:\/\/roveyayinevi.com.tr\/index.php\/wp-json\/wp\/v2\/product"}],"about":[{"href":"https:\/\/roveyayinevi.com.tr\/index.php\/wp-json\/wp\/v2\/types\/product"}],"wp:attachment":[{"href":"https:\/\/roveyayinevi.com.tr\/index.php\/wp-json\/wp\/v2\/media?parent=708830"}],"wp:term":[{"taxonomy":"product_brand","embeddable":true,"href":"https:\/\/roveyayinevi.com.tr\/index.php\/wp-json\/wp\/v2\/product_brand?post=708830"},{"taxonomy":"product_cat","embeddable":true,"href":"https:\/\/roveyayinevi.com.tr\/index.php\/wp-json\/wp\/v2\/product_cat?post=708830"},{"taxonomy":"product_tag","embeddable":true,"href":"https:\/\/roveyayinevi.com.tr\/index.php\/wp-json\/wp\/v2\/product_tag?post=708830"}],"curies":[{"name":"wp","href":"https:\/\/api.w.org\/{rel}","templated":true}]}}