{"id":708828,"date":"2025-08-27T16:18:44","date_gmt":"2025-08-27T13:18:44","guid":{"rendered":"https:\/\/roveyayinevi.com.tr\/index.php\/urun\/kadinin-derdi\/"},"modified":"2026-04-16T02:17:34","modified_gmt":"2026-04-15T23:17:34","slug":"kadinin-derdi","status":"publish","type":"product","link":"https:\/\/roveyayinevi.com.tr\/index.php\/urun\/kadinin-derdi\/","title":{"rendered":"Kad\u0131n\u0131n Derdi"},"content":{"rendered":"<p>\u201cBeni, bu kitab\u0131 yazmaya iten baz\u0131 insanlar\u0131n ikiy\u00fczl\u00fcl\u00fc\u011f\u00fc oldu. Kendi yanl\u0131\u015flar\u0131n\u0131 g\u00f6rmeden, \u00f6zele\u015ftiri yapmadan, dar bir bak\u0131\u015f a\u00e7\u0131s\u0131yla insanlar\u0131 lin\u00e7 eden, yeren ve d\u0131\u015flayan zihniyet, biraz garip gelecek ama benim motivasyonum oldu\u2026\u201dAvukat Feyza Altun, kad\u0131n\u0131n derdini ele al\u0131yor, sorunlara \u00e7\u00f6z\u00fcm \u00f6nerileri getiriyor, kad\u0131n erkek ili\u015fkilerine yans\u0131yan ve ili\u015fkileri a\u00e7maza s\u00fcr\u00fckleyen noktalara de\u011finiyor, yol g\u00f6steriyor. Altun, tespitleri ve \u00f6yk\u00fcleriyle konu\u015fulmayanlar\u0131, \u00fcst\u00fc \u00f6rt\u00fclenleri, yok say\u0131lanlar\u0131 korkusuzca dile getiriyor\u2026Kad\u0131n\u0131n Derdi, hem kad\u0131nlar hem de erkekler i\u00e7in bir rehber niteli\u011finde\u2026 <\/p>\n","protected":false},"excerpt":{"rendered":"<p>\u201cBeni, bu kitab\u0131 yazmaya iten baz\u0131 insanlar\u0131n ikiy\u00fczl\u00fcl\u00fc\u011f\u00fc oldu. Kendi yanl\u0131\u015flar\u0131n\u0131 g\u00f6rmeden, \u00f6zele\u015ftiri yapmadan, dar bir bak\u0131\u015f a\u00e7\u0131s\u0131yla insanlar\u0131 lin\u00e7 eden, yeren ve d\u0131\u015flayan zihniyet, biraz<span class=\"excerpt-hellip\"> [\u2026]<\/span><\/p>\n","protected":false},"featured_media":0,"template":"","meta":{"_monsterinsights_skip_tracking":false,"_monsterinsights_sitenote_active":false,"_monsterinsights_sitenote_note":"","_monsterinsights_sitenote_category":0},"product_brand":[],"product_cat":[26396,13488],"product_tag":[],"class_list":{"0":"post-708828","1":"product","2":"type-product","3":"status-publish","5":"product_cat-kadin-erkek-iliskileri","6":"product_cat-toplum-ve-insan","7":"pa_cilt-ciltsiz","8":"pa_tur-kitap","9":"pa_yayinevi-inkilap-kitabevi","10":"pa_yazar-feyza-altun","12":"first","13":"instock","14":"sale","15":"shipping-taxable","16":"purchasable","17":"product-type-simple"},"_links":{"self":[{"href":"https:\/\/roveyayinevi.com.tr\/index.php\/wp-json\/wp\/v2\/product\/708828","targetHints":{"allow":["GET"]}}],"collection":[{"href":"https:\/\/roveyayinevi.com.tr\/index.php\/wp-json\/wp\/v2\/product"}],"about":[{"href":"https:\/\/roveyayinevi.com.tr\/index.php\/wp-json\/wp\/v2\/types\/product"}],"wp:attachment":[{"href":"https:\/\/roveyayinevi.com.tr\/index.php\/wp-json\/wp\/v2\/media?parent=708828"}],"wp:term":[{"taxonomy":"product_brand","embeddable":true,"href":"https:\/\/roveyayinevi.com.tr\/index.php\/wp-json\/wp\/v2\/product_brand?post=708828"},{"taxonomy":"product_cat","embeddable":true,"href":"https:\/\/roveyayinevi.com.tr\/index.php\/wp-json\/wp\/v2\/product_cat?post=708828"},{"taxonomy":"product_tag","embeddable":true,"href":"https:\/\/roveyayinevi.com.tr\/index.php\/wp-json\/wp\/v2\/product_tag?post=708828"}],"curies":[{"name":"wp","href":"https:\/\/api.w.org\/{rel}","templated":true}]}}