{"id":708827,"date":"2025-08-27T16:18:44","date_gmt":"2025-08-27T13:18:44","guid":{"rendered":"https:\/\/roveyayinevi.com.tr\/index.php\/urun\/ormanda-alfabe\/"},"modified":"2026-04-16T02:17:34","modified_gmt":"2026-04-15T23:17:34","slug":"ormanda-alfabe","status":"publish","type":"product","link":"https:\/\/roveyayinevi.com.tr\/index.php\/urun\/ormanda-alfabe\/","title":{"rendered":"Ormanda Alfabe"},"content":{"rendered":"<p>Ay, bulut, ceylan, \u00e7i\u00e7ek, deniz, elma, fare\u2026 Her biri alfabeye g\u00f6re dizilmi\u015f rastgele kelimeler gibi dursalar da ger\u00e7ekte ifade ettikleri anlamlar \u00e7ok ba\u015fka. Hele bir de e\u011flenceli bir oyun i\u00e7in bir araya geldiklerinde yaratt\u0131klar\u0131 hik\u00e2yeler bamba\u015fka!A\u2019dan Z\u2019ye keyifli bir \u00f6yk\u00fc okumaya var m\u0131s\u0131n? Peki, oyun oynarken alfabeyi \u00f6\u011frenmeye? Yan\u0131t\u0131n evetse, orman sakinlerinin jaguar ve korudu\u011fu hazine ile ilgili sana anlatacaklar\u0131 var.Didem \u00dcnal\u2019\u0131n \u015fiirsel metni ve O\u011fuz Demir\u2019in g\u00fc\u00e7l\u00fc \u00e7izgileriyle \u00f6zg\u00fcn bir resimli kitaba d\u00f6n\u00fc\u015fen Ormanda Alfabe, minik okurlar\u0131n g\u00f6rsel belleklerinde estetik bir alg\u0131 olu\u015ftururken, merak duygular\u0131n\u0131 harekete ge\u00e7irerek benzersiz bir ilk kitap deneyimi ya\u015fat\u0131yor.Anlat\u0131m tekni\u011fi ile farkl\u0131la\u015fan bu e\u011flenceli kitab\u0131n sayfalar\u0131nda sakl\u0131 s\u00fcrprizler, hitap etti\u011fi ya\u015f gurubundaki \u00e7ocuklar\u0131n kelime da\u011farc\u0131klar\u0131n\u0131 geli\u015ftirerek hayal g\u00fc\u00e7lerini zenginle\u015ftiriyor.    Kitaplar\u0131n renkli d\u00fcnyas\u0131yla yeni tan\u0131\u015facaklara e\u011flenceli bir oyunun kap\u0131lar\u0131n\u0131 aralayan bu s\u0131rad\u0131\u015f\u0131 eser, hik\u00e2yesi ve zengin g\u00f6rsel anlat\u0131m\u0131 ile dikkat \u00e7ekiyor.K\u00fc\u00e7\u00fckler, her sayfada yeni ke\u015fiflerde bulunurken, ebeveynler de kitab\u0131n sonunda yer alan etkinlikler ve ipu\u00e7lar\u0131yla \u00e7ocuklar\u0131yla birlikte ho\u015f\u00e7a vakit ge\u00e7iriyor. <\/p>\n","protected":false},"excerpt":{"rendered":"<p>Ay, bulut, ceylan, \u00e7i\u00e7ek, deniz, elma, fare\u2026 Her biri alfabeye g\u00f6re dizilmi\u015f rastgele kelimeler gibi dursalar da ger\u00e7ekte ifade ettikleri anlamlar \u00e7ok ba\u015fka. Hele bir de<span class=\"excerpt-hellip\"> [\u2026]<\/span><\/p>\n","protected":false},"featured_media":0,"template":"","meta":{"_monsterinsights_skip_tracking":false,"_monsterinsights_sitenote_active":false,"_monsterinsights_sitenote_note":"","_monsterinsights_sitenote_category":0},"product_brand":[],"product_cat":[12275,12274],"product_tag":[],"class_list":{"0":"post-708827","1":"product","2":"type-product","3":"status-publish","5":"product_cat-6-12-yas-kitaplari","6":"product_cat-cocuk-ve-genclik-kitaplari","7":"pa_cilt-ciltsiz","8":"pa_tur-kitap","9":"pa_yayinevi-ucanbalik-yayincilik","10":"pa_yazar-didem-unal","12":"first","13":"instock","14":"sale","15":"shipping-taxable","16":"purchasable","17":"product-type-simple"},"_links":{"self":[{"href":"https:\/\/roveyayinevi.com.tr\/index.php\/wp-json\/wp\/v2\/product\/708827","targetHints":{"allow":["GET"]}}],"collection":[{"href":"https:\/\/roveyayinevi.com.tr\/index.php\/wp-json\/wp\/v2\/product"}],"about":[{"href":"https:\/\/roveyayinevi.com.tr\/index.php\/wp-json\/wp\/v2\/types\/product"}],"wp:attachment":[{"href":"https:\/\/roveyayinevi.com.tr\/index.php\/wp-json\/wp\/v2\/media?parent=708827"}],"wp:term":[{"taxonomy":"product_brand","embeddable":true,"href":"https:\/\/roveyayinevi.com.tr\/index.php\/wp-json\/wp\/v2\/product_brand?post=708827"},{"taxonomy":"product_cat","embeddable":true,"href":"https:\/\/roveyayinevi.com.tr\/index.php\/wp-json\/wp\/v2\/product_cat?post=708827"},{"taxonomy":"product_tag","embeddable":true,"href":"https:\/\/roveyayinevi.com.tr\/index.php\/wp-json\/wp\/v2\/product_tag?post=708827"}],"curies":[{"name":"wp","href":"https:\/\/api.w.org\/{rel}","templated":true}]}}