{"id":708826,"date":"2025-08-27T16:18:43","date_gmt":"2025-08-27T13:18:43","guid":{"rendered":"https:\/\/roveyayinevi.com.tr\/index.php\/urun\/ataturkun-kaleminden-5-nutuk-gencler-icin\/"},"modified":"2026-04-16T02:17:34","modified_gmt":"2026-04-15T23:17:34","slug":"ataturkun-kaleminden-5-nutuk-gencler-icin","status":"publish","type":"product","link":"https:\/\/roveyayinevi.com.tr\/index.php\/urun\/ataturkun-kaleminden-5-nutuk-gencler-icin\/","title":{"rendered":"Atat\u00fcrk\u2019\u00fcn Kaleminden-5  Nutuk Gen\u00e7ler \u0130\u00e7in"},"content":{"rendered":"<p>Atat\u00fcrk&#8217;\u00fc bilmek ve anlamak, 20. y\u00fczy\u0131l T\u00fcrkiye&#8217;sini ve d\u00fcnyas\u0131n\u0131 inceleme ve a\u00e7\u0131klama \u00e7abas\u0131n\u0131n bir gere\u011fidir. Nutuk, Atat\u00fcrk&#8217;\u00fcn \u00f6nderlik etti\u011fi devrimin en \u00f6nemli belgesidir. Devrimi, devrimin \u00f6nderi incelemektedir. Bu bir derstir. Atat\u00fcrk alt\u0131 g\u00fcn s\u00fcren b\u00fcy\u00fck nutkunu gen\u00e7lere seslenerek bitirmi\u015ftir. Onlara varl\u0131klar\u0131n\u0131n ve geleceklerinin biricik temeli olan en k\u0131ymetli hazineyi emanet olarak b\u0131rakm\u0131\u015ft\u0131r: Birinci g\u00f6rev, T\u00fcrk ba\u011f\u0131ms\u0131zl\u0131\u011f\u0131n\u0131 ve T\u00fcrk Cumhuriyeti&#8217;ni sonsuza dek korumak ve savunmakt\u0131r. \u0130\u015fte bu g\u00f6revi en iyi \u015fekilde yerine getirebilmek i\u00e7in mutlaka Nutuk okunmal\u0131d\u0131r. Nutuk, gen\u00e7lere, onlar\u0131 bu hazineden yoksun k\u0131lmak isteyen i\u00e7 ve d\u0131\u015f d\u00fc\u015fmanlara kar\u015f\u0131 her \u015fart alt\u0131nda m\u00fccadele etme g\u00fcc\u00fc verecektir <\/p>\n","protected":false},"excerpt":{"rendered":"<p>Atat\u00fcrk&#8217;\u00fc bilmek ve anlamak, 20. y\u00fczy\u0131l T\u00fcrkiye&#8217;sini ve d\u00fcnyas\u0131n\u0131 inceleme ve a\u00e7\u0131klama \u00e7abas\u0131n\u0131n bir gere\u011fidir. Nutuk, Atat\u00fcrk&#8217;\u00fcn \u00f6nderlik etti\u011fi devrimin en \u00f6nemli belgesidir. Devrimi, devrimin \u00f6nderi<span class=\"excerpt-hellip\"> [\u2026]<\/span><\/p>\n","protected":false},"featured_media":0,"template":"","meta":{"_monsterinsights_skip_tracking":false,"_monsterinsights_sitenote_active":false,"_monsterinsights_sitenote_note":"","_monsterinsights_sitenote_category":0},"product_brand":[],"product_cat":[12530,12304],"product_tag":[],"class_list":{"0":"post-708826","1":"product","2":"type-product","3":"status-publish","5":"product_cat-mustafa-kemal-ataturk","6":"product_cat-tarih","7":"pa_cilt-ciltsiz","8":"pa_tur-kitap","9":"pa_yayinevi-kaynak-yayinlari","10":"pa_yazar-mustafa-kemal-ataturk","12":"first","13":"instock","14":"sale","15":"shipping-taxable","16":"purchasable","17":"product-type-simple"},"_links":{"self":[{"href":"https:\/\/roveyayinevi.com.tr\/index.php\/wp-json\/wp\/v2\/product\/708826","targetHints":{"allow":["GET"]}}],"collection":[{"href":"https:\/\/roveyayinevi.com.tr\/index.php\/wp-json\/wp\/v2\/product"}],"about":[{"href":"https:\/\/roveyayinevi.com.tr\/index.php\/wp-json\/wp\/v2\/types\/product"}],"wp:attachment":[{"href":"https:\/\/roveyayinevi.com.tr\/index.php\/wp-json\/wp\/v2\/media?parent=708826"}],"wp:term":[{"taxonomy":"product_brand","embeddable":true,"href":"https:\/\/roveyayinevi.com.tr\/index.php\/wp-json\/wp\/v2\/product_brand?post=708826"},{"taxonomy":"product_cat","embeddable":true,"href":"https:\/\/roveyayinevi.com.tr\/index.php\/wp-json\/wp\/v2\/product_cat?post=708826"},{"taxonomy":"product_tag","embeddable":true,"href":"https:\/\/roveyayinevi.com.tr\/index.php\/wp-json\/wp\/v2\/product_tag?post=708826"}],"curies":[{"name":"wp","href":"https:\/\/api.w.org\/{rel}","templated":true}]}}