{"id":708825,"date":"2025-08-27T16:18:43","date_gmt":"2025-08-27T13:18:43","guid":{"rendered":"https:\/\/roveyayinevi.com.tr\/index.php\/urun\/yol-kadindir\/"},"modified":"2026-04-16T02:17:34","modified_gmt":"2026-04-15T23:17:34","slug":"yol-kadindir","status":"publish","type":"product","link":"https:\/\/roveyayinevi.com.tr\/index.php\/urun\/yol-kadindir\/","title":{"rendered":"Yol Kad\u0131nd\u0131r"},"content":{"rendered":"<p>Alevilik inanc\u0131nda kad\u0131nlar\u0131n durumu nedir sorusuna cevap aramak i\u00e7in yola \u00e7\u0131km\u0131\u015ft\u0131m ve bu konunun sand\u0131\u011f\u0131mdan \u00e7ok daha kadim ve kad\u0131nc\u0131l zamanlara uzanan bir yolculu\u011fa beni g\u00f6t\u00fcrece\u011fini art\u0131k biliyordum. Alevilikte kad\u0131nlar\u0131n durumu hakk\u0131nda fikir sahibi olabilmem i\u00e7in Alevilik inanc\u0131na etki eden toplumlar\u0131n, inan\u00e7lar\u0131n, yani bu inanc\u0131n etkile\u015fti\u011fi temel k\u00f6ken ve kaynaklar\u0131n en ba\u015f\u0131ndan itibaren nereler oldu\u011funu bulmam gerekiyordu. Bu temel kaynaklar \u015fimdiye dek Alevilik \u00fczerinde \u00e7al\u0131\u015fanlar\u0131n ele ald\u0131\u011f\u0131 s\u0131n\u0131rlar\u0131 a\u015fmal\u0131yd\u0131. \u00c7\u00fcnk\u00fc Alevilik inanc\u0131n\u0131n hangi inan\u00e7lardan etkilendi\u011fini ara\u015ft\u0131rm\u0131yordum, Alevilik inanc\u0131na en temel karakterini veren \u015feyi; Alevilik inanc\u0131nda kad\u0131nlar\u0131n izlerini ara\u015ft\u0131r\u0131yordum. Alevilik inanc\u0131nda kad\u0131n erkek ili\u015fkileri nas\u0131l bir zeminde, neye gore olu\u015fmu\u015ftu? Bu sorular\u0131n cevaplar\u0131 \u00e7ok daha eskilerde olmal\u0131yd\u0131. Bu kitap, Alevili\u011fin kadim ve kad\u0131nc\u0131l bir inan\u00e7 oldu\u011funa dair edindi\u011fim \u015f\u00fcphenin labirentlerinde Ana tanr\u0131\u00e7alar\u0131n \u0131\u015f\u0131\u011f\u0131na do\u011fru uzanan kad\u0131nc\u0131l Yol\u2019dur. Tanr\u0131lar taraf\u0131ndan \u00fczeri \u00f6rt\u00fclmeye \u00e7al\u0131\u015f\u0131lan Ana tanr\u0131\u00e7a ve tanr\u0131\u00e7alar\u0131n unutmay\u0131 s\u00fcp\u00fcrerek ortaya \u00e7\u0131karma \u00e7abas\u0131d\u0131r. <\/p>\n","protected":false},"excerpt":{"rendered":"<p>Alevilik inanc\u0131nda kad\u0131nlar\u0131n durumu nedir sorusuna cevap aramak i\u00e7in yola \u00e7\u0131km\u0131\u015ft\u0131m ve bu konunun sand\u0131\u011f\u0131mdan \u00e7ok daha kadim ve kad\u0131nc\u0131l zamanlara uzanan bir yolculu\u011fa beni g\u00f6t\u00fcrece\u011fini<span class=\"excerpt-hellip\"> [\u2026]<\/span><\/p>\n","protected":false},"featured_media":0,"template":"","meta":{"_monsterinsights_skip_tracking":false,"_monsterinsights_sitenote_active":false,"_monsterinsights_sitenote_note":"","_monsterinsights_sitenote_category":0},"product_brand":[],"product_cat":[13575,12718,12719],"product_tag":[],"class_list":{"0":"post-708825","1":"product","2":"type-product","3":"status-publish","5":"product_cat-alevilik-bektasilik","6":"product_cat-din","7":"product_cat-islam","8":"pa_cilt-ciltsiz","9":"pa_tur-kitap","10":"pa_yayinevi-kalkedon-yayincilik","11":"pa_yazar-gulfer-akkaya","13":"first","14":"instock","15":"sale","16":"shipping-taxable","17":"purchasable","18":"product-type-simple"},"_links":{"self":[{"href":"https:\/\/roveyayinevi.com.tr\/index.php\/wp-json\/wp\/v2\/product\/708825","targetHints":{"allow":["GET"]}}],"collection":[{"href":"https:\/\/roveyayinevi.com.tr\/index.php\/wp-json\/wp\/v2\/product"}],"about":[{"href":"https:\/\/roveyayinevi.com.tr\/index.php\/wp-json\/wp\/v2\/types\/product"}],"wp:attachment":[{"href":"https:\/\/roveyayinevi.com.tr\/index.php\/wp-json\/wp\/v2\/media?parent=708825"}],"wp:term":[{"taxonomy":"product_brand","embeddable":true,"href":"https:\/\/roveyayinevi.com.tr\/index.php\/wp-json\/wp\/v2\/product_brand?post=708825"},{"taxonomy":"product_cat","embeddable":true,"href":"https:\/\/roveyayinevi.com.tr\/index.php\/wp-json\/wp\/v2\/product_cat?post=708825"},{"taxonomy":"product_tag","embeddable":true,"href":"https:\/\/roveyayinevi.com.tr\/index.php\/wp-json\/wp\/v2\/product_tag?post=708825"}],"curies":[{"name":"wp","href":"https:\/\/api.w.org\/{rel}","templated":true}]}}