{"id":708823,"date":"2025-08-27T16:18:42","date_gmt":"2025-08-27T13:18:42","guid":{"rendered":"https:\/\/roveyayinevi.com.tr\/index.php\/urun\/halil-inalcik-armagani-3\/"},"modified":"2026-04-16T02:17:34","modified_gmt":"2026-04-15T23:17:34","slug":"halil-inalcik-armagani-3","status":"publish","type":"product","link":"https:\/\/roveyayinevi.com.tr\/index.php\/urun\/halil-inalcik-armagani-3\/","title":{"rendered":"Halil \u0130nalc\u0131k Arma\u011fan\u0131 3"},"content":{"rendered":"<p>Abdullah \u00dcst\u00fcn Paradigmalar ve \u015eahitlikler: Getica\u2019da \u2018Rex\/Kral\u2019 ve \u2018Regnum\/Krall\u0131k\u2019 Kavramlar\u0131 \u00dczerine \u00d6zhan Kap\u0131c\u0131 Tsargrad\u2019\u0131n D\u00fc\u015f\u00fc\u015f\u00fc, Moskova\u2019n\u0131n Y\u00fckseli\u015fi U\u011fur Altu\u011f XV. Y\u00fczy\u0131lda Balkanlarda Osmanl\u0131 Kaleleri ve Ge\u00e7irdikleri Yap\u0131sal De\u011fi\u015fimler G\u00fcner Do\u011fan Osmanl\u0131-Venedik S\u0131n\u0131r\u0131nda Son Sava\u015f ve Pasarof\u00e7a Antla\u015fmas\u0131 M\u00fczakereleri (1701-1718) Emre Saral T\u00fcrkiye-Macaristan Dostluk Antla\u015fmas\u0131 (18 Aral\u0131k 1923) Sad\u0131k M\u00fcfit Bilge 15.-18. Y\u00fczy\u0131llarda Osmanl\u0131 Devleti\u2019nde Ba\u011fc\u0131l\u0131k Nam\u0131k Sinan Turan II. Abd\u00fclhamid D\u00f6neminde Diplomaside Sembolik Dil \u0130n\u015fas\u0131nda Ni\u015fan\u0131n Yeri Adil Bakt\u0131aya Suriye Protestan Koleji ve Osmanl\u0131 Devleti Emre G\u00fcne\u015fer Bozda\u011f &#8211; Ahmet Deniz Bozkurt Osmanl\u0131 Hastahanelerinin Teknik ve \u0130dari Etkinli\u011fi Biray \u00c7akmak &#8211; Ba\u015fak Kul Osmanl\u0131 Ta\u015fras\u0131nda Maarifin Modernle\u015fme Ser\u00fcveni Bilen I\u015f\u0131kta\u015f \u015eair\u2019in Kaleminden Ud\u2019un M\u0131zrab\u0131na; \u015eark\u2019\u0131n Hazin Sesleri A. Merthan D\u00fcndar Rus-Japon Sava\u015f\u0131&#8217;n\u0131n T\u00fcrk Halklar\u0131na Etkisi \u0130brahim \u015eirin Cemil Meri\u00e7\u2019in Tarih Anlay\u0131\u015f\u0131 \ufffcTan\u0131t\u0131m Metni<\/p>\n","protected":false},"excerpt":{"rendered":"<p>Abdullah \u00dcst\u00fcn Paradigmalar ve \u015eahitlikler: Getica\u2019da \u2018Rex\/Kral\u2019 ve \u2018Regnum\/Krall\u0131k\u2019 Kavramlar\u0131 \u00dczerine \u00d6zhan Kap\u0131c\u0131 Tsargrad\u2019\u0131n D\u00fc\u015f\u00fc\u015f\u00fc, Moskova\u2019n\u0131n Y\u00fckseli\u015fi U\u011fur Altu\u011f XV. Y\u00fczy\u0131lda Balkanlarda Osmanl\u0131 Kaleleri ve Ge\u00e7irdikleri<span class=\"excerpt-hellip\"> [\u2026]<\/span><\/p>\n","protected":false},"featured_media":0,"template":"","meta":{"_monsterinsights_skip_tracking":false,"_monsterinsights_sitenote_active":false,"_monsterinsights_sitenote_note":"","_monsterinsights_sitenote_category":0},"product_brand":[],"product_cat":[12304,13650],"product_tag":[],"class_list":{"0":"post-708823","1":"product","2":"type-product","3":"status-publish","5":"product_cat-tarih","6":"product_cat-turk-tarihi-arastirmalari","7":"pa_cilt-ciltsiz","8":"pa_tur-kitap","9":"pa_yayinevi-dogu-bati-yayinlari","10":"pa_yazar-komisyon","12":"first","13":"instock","14":"sale","15":"shipping-taxable","16":"purchasable","17":"product-type-simple"},"_links":{"self":[{"href":"https:\/\/roveyayinevi.com.tr\/index.php\/wp-json\/wp\/v2\/product\/708823","targetHints":{"allow":["GET"]}}],"collection":[{"href":"https:\/\/roveyayinevi.com.tr\/index.php\/wp-json\/wp\/v2\/product"}],"about":[{"href":"https:\/\/roveyayinevi.com.tr\/index.php\/wp-json\/wp\/v2\/types\/product"}],"wp:attachment":[{"href":"https:\/\/roveyayinevi.com.tr\/index.php\/wp-json\/wp\/v2\/media?parent=708823"}],"wp:term":[{"taxonomy":"product_brand","embeddable":true,"href":"https:\/\/roveyayinevi.com.tr\/index.php\/wp-json\/wp\/v2\/product_brand?post=708823"},{"taxonomy":"product_cat","embeddable":true,"href":"https:\/\/roveyayinevi.com.tr\/index.php\/wp-json\/wp\/v2\/product_cat?post=708823"},{"taxonomy":"product_tag","embeddable":true,"href":"https:\/\/roveyayinevi.com.tr\/index.php\/wp-json\/wp\/v2\/product_tag?post=708823"}],"curies":[{"name":"wp","href":"https:\/\/api.w.org\/{rel}","templated":true}]}}