{"id":708822,"date":"2025-08-27T16:18:41","date_gmt":"2025-08-27T13:18:41","guid":{"rendered":"https:\/\/roveyayinevi.com.tr\/index.php\/urun\/tehlikeli-donusler\/"},"modified":"2026-03-27T02:24:31","modified_gmt":"2026-03-26T23:24:31","slug":"tehlikeli-donusler","status":"publish","type":"product","link":"https:\/\/roveyayinevi.com.tr\/index.php\/urun\/tehlikeli-donusler\/","title":{"rendered":"Tehlikeli D\u00f6n\u00fc\u015fler"},"content":{"rendered":"<p>\u0130\u00c7ER\u0130K TANITIMI: Bir: Yusuf At\u0131lgan\u2019\u0131n 1959 tarihli Aylak Adam\u2019\u0131. Sonra \u00fc\u00e7: Ayhan Ge\u00e7gin\u2019in \u00fc\u00e7 roman\u0131, Kenarda, Gen\u00e7lik D\u00fc\u015f\u00fc ve Son Ad\u0131m. Orhan Ko\u00e7ak, kentin i\u00e7inde d\u00f6n\u00fcp dola\u015fan, bak\u0131nan, arayan, kendini bir yere ait hissetmeyen, bunu arzu da etmeyen (yoksa eden mi) modern zaman ayla\u011f\u0131na e\u015flik ediyor, ona n\u00fcfuz etmeye, anlamaya \u00e7al\u0131\u015f\u0131yor. At\u0131lgan ile Ge\u00e7gin\u2019in kitaplar\u0131n\u0131 birlikte okuma giri\u015fimi basit bir kar\u015f\u0131la\u015ft\u0131rma de\u011fil. T\u0131pk\u0131 tarihin in\u015faas\u0131nda oldu\u011fu gibi, yeni eserlerin varl\u0131\u011f\u0131nda eskisinin de neredeyse b\u00fct\u00fcn anlam\u0131n\u0131n de\u011fi\u015fti\u011fini g\u00f6r\u00fcyoruz. Tehlikeli D\u00f6n\u00fc\u015fler bir inceleme kitab\u0131 de\u011fil. Kar\u015f\u0131lamalar, d\u00f6n\u00fc\u015fler, ileri hamleler, geri \u00e7ekilmeler: Tek bir kelimenin bile hat\u0131r\u0131n\u0131 g\u00f6zeten bu kitapta, her\u015fey okuman\u0131n ve okudu\u011fu \u00fczerine d\u00fc\u015f\u00fcnmenin hazz\u0131 i\u00e7in. Yazar\u0131n\u0131n zihinsel hareketlerine kendinizi b\u0131rakarak, dans ad\u0131mlar\u0131yla okuman\u0131z\u0131 isteriz. <\/p>\n","protected":false},"excerpt":{"rendered":"<p>\u0130\u00c7ER\u0130K TANITIMI: Bir: Yusuf At\u0131lgan\u2019\u0131n 1959 tarihli Aylak Adam\u2019\u0131. Sonra \u00fc\u00e7: Ayhan Ge\u00e7gin\u2019in \u00fc\u00e7 roman\u0131, Kenarda, Gen\u00e7lik D\u00fc\u015f\u00fc ve Son Ad\u0131m. Orhan Ko\u00e7ak, kentin i\u00e7inde d\u00f6n\u00fcp<span class=\"excerpt-hellip\"> [\u2026]<\/span><\/p>\n","protected":false},"featured_media":0,"template":"","meta":{"_monsterinsights_skip_tracking":false,"_monsterinsights_sitenote_active":false,"_monsterinsights_sitenote_note":"","_monsterinsights_sitenote_category":0},"product_brand":[],"product_cat":[13072,12291],"product_tag":[],"class_list":{"0":"post-708822","1":"product","2":"type-product","3":"status-publish","5":"product_cat-arastirma-inceleme-referans","6":"product_cat-edebiyat","7":"pa_cilt-ciltsiz","8":"pa_tur-kitap","9":"pa_yayinevi-metis-yayinlari","10":"pa_yazar-orhan-kocak","12":"first","13":"instock","14":"sale","15":"shipping-taxable","16":"purchasable","17":"product-type-simple"},"_links":{"self":[{"href":"https:\/\/roveyayinevi.com.tr\/index.php\/wp-json\/wp\/v2\/product\/708822","targetHints":{"allow":["GET"]}}],"collection":[{"href":"https:\/\/roveyayinevi.com.tr\/index.php\/wp-json\/wp\/v2\/product"}],"about":[{"href":"https:\/\/roveyayinevi.com.tr\/index.php\/wp-json\/wp\/v2\/types\/product"}],"wp:attachment":[{"href":"https:\/\/roveyayinevi.com.tr\/index.php\/wp-json\/wp\/v2\/media?parent=708822"}],"wp:term":[{"taxonomy":"product_brand","embeddable":true,"href":"https:\/\/roveyayinevi.com.tr\/index.php\/wp-json\/wp\/v2\/product_brand?post=708822"},{"taxonomy":"product_cat","embeddable":true,"href":"https:\/\/roveyayinevi.com.tr\/index.php\/wp-json\/wp\/v2\/product_cat?post=708822"},{"taxonomy":"product_tag","embeddable":true,"href":"https:\/\/roveyayinevi.com.tr\/index.php\/wp-json\/wp\/v2\/product_tag?post=708822"}],"curies":[{"name":"wp","href":"https:\/\/api.w.org\/{rel}","templated":true}]}}