{"id":708820,"date":"2025-08-27T16:18:40","date_gmt":"2025-08-27T13:18:40","guid":{"rendered":"https:\/\/roveyayinevi.com.tr\/index.php\/urun\/canavar-pesinde-serisi-43-korsan-kral-su-yilani-balisk\/"},"modified":"2026-04-13T02:22:05","modified_gmt":"2026-04-12T23:22:05","slug":"canavar-pesinde-serisi-43-korsan-kral-su-yilani-balisk","status":"publish","type":"product","link":"https:\/\/roveyayinevi.com.tr\/index.php\/urun\/canavar-pesinde-serisi-43-korsan-kral-su-yilani-balisk\/","title":{"rendered":"Canavar Pe\u015finde Serisi 43 &#8211; Korsan Kral (Su Y\u0131lan\u0131 Balisk)"},"content":{"rendered":"<p>Yepyeni Canavar Pe\u015finde maceras\u0131na ho\u015f geldiniz: Korsan Kral Freya ile G\u00fcm\u00fc\u015f, Tavania\u2019da kapana k\u0131s\u0131ld\u0131lar! Tom, onlar\u0131 kurtarabilmek i\u00e7in Varolu\u015f A\u011fac\u0131\u2019n\u0131 bulmak zorunda. Ama Korsan Kral Sanpao, Tom\u2019un \u00fczerine alt\u0131 k\u00f6t\u00fc canavar sald\u0131. Tom, bunlar\u0131n ilki olan Su Y\u0131lan\u0131 Balisk ile kar\u015f\u0131 kar\u015f\u0131ya&#8230; <\/p>\n","protected":false},"excerpt":{"rendered":"<p>Yepyeni Canavar Pe\u015finde maceras\u0131na ho\u015f geldiniz: Korsan Kral Freya ile G\u00fcm\u00fc\u015f, Tavania\u2019da kapana k\u0131s\u0131ld\u0131lar! Tom, onlar\u0131 kurtarabilmek i\u00e7in Varolu\u015f A\u011fac\u0131\u2019n\u0131 bulmak zorunda. Ama Korsan Kral Sanpao,<span class=\"excerpt-hellip\"> [\u2026]<\/span><\/p>\n","protected":false},"featured_media":0,"template":"","meta":{"_monsterinsights_skip_tracking":false,"_monsterinsights_sitenote_active":false,"_monsterinsights_sitenote_note":"","_monsterinsights_sitenote_category":0},"product_brand":[],"product_cat":[12275,12274],"product_tag":[],"class_list":{"0":"post-708820","1":"product","2":"type-product","3":"status-publish","5":"product_cat-6-12-yas-kitaplari","6":"product_cat-cocuk-ve-genclik-kitaplari","7":"pa_cilt-ciltsiz","8":"pa_tur-kitap","9":"pa_yayinevi-beyaz-balina-yayinlari","10":"pa_yazar-adam-blade","12":"first","13":"instock","14":"sale","15":"shipping-taxable","16":"purchasable","17":"product-type-simple"},"_links":{"self":[{"href":"https:\/\/roveyayinevi.com.tr\/index.php\/wp-json\/wp\/v2\/product\/708820","targetHints":{"allow":["GET"]}}],"collection":[{"href":"https:\/\/roveyayinevi.com.tr\/index.php\/wp-json\/wp\/v2\/product"}],"about":[{"href":"https:\/\/roveyayinevi.com.tr\/index.php\/wp-json\/wp\/v2\/types\/product"}],"wp:attachment":[{"href":"https:\/\/roveyayinevi.com.tr\/index.php\/wp-json\/wp\/v2\/media?parent=708820"}],"wp:term":[{"taxonomy":"product_brand","embeddable":true,"href":"https:\/\/roveyayinevi.com.tr\/index.php\/wp-json\/wp\/v2\/product_brand?post=708820"},{"taxonomy":"product_cat","embeddable":true,"href":"https:\/\/roveyayinevi.com.tr\/index.php\/wp-json\/wp\/v2\/product_cat?post=708820"},{"taxonomy":"product_tag","embeddable":true,"href":"https:\/\/roveyayinevi.com.tr\/index.php\/wp-json\/wp\/v2\/product_tag?post=708820"}],"curies":[{"name":"wp","href":"https:\/\/api.w.org\/{rel}","templated":true}]}}