{"id":708819,"date":"2025-08-27T16:18:40","date_gmt":"2025-08-27T13:18:40","guid":{"rendered":"https:\/\/roveyayinevi.com.tr\/index.php\/urun\/hindistana-bir-gecit\/"},"modified":"2026-02-03T02:28:45","modified_gmt":"2026-02-02T23:28:45","slug":"hindistana-bir-gecit","status":"publish","type":"product","link":"https:\/\/roveyayinevi.com.tr\/index.php\/urun\/hindistana-bir-gecit\/","title":{"rendered":"Hindistan&#8217;a Bir Ge\u00e7it"},"content":{"rendered":"<p>\u0130leti\u015fim Yay\u0131nlar\u0131, Murat Belge y\u00f6netiminde edebiyatklasikleri yay\u0131mlamaya devam ediyor. \u0130leti\u015fim Klasikleridizisinden \u00e7\u0131kan kitaplar, edebiyata kar\u015f\u0131 sorumlulu\u011fu okumazevkiyle bulu\u015fturan bir anlay\u0131\u015fla haz\u0131rlan\u0131yor. Eserler orijinaldillerinden ve tam metin \u00e7evirileriyle yay\u0131ma haz\u0131rlan\u0131rken,ana metne e\u015flik eden ve yetkin isimlerin yazd\u0131\u011f\u0131 \u00f6ns\u00f6z ve sons\u00f6zlere yer veriliyor. Ayr\u0131ca her kitab\u0131n ba\u015f\u0131nda, yazar\u0131nhayat\u0131na ve ya\u015fad\u0131\u011f\u0131 d\u00f6neme \u0131\u015f\u0131k tutan bir kronolojibulunuyor. \u0130leti\u015fim Klasikleri\u2019nin i\u00e7eri\u011fi eserin ilk bask\u0131kapa\u011f\u0131, el yazmas\u0131ndan \u00f6rnek sayfalar, haritalar ve \u00f6zel\u00e7izimlerle zenginle\u015ftiriliyor. Diziye \u00f6zel olarak haz\u0131rlanankapak tasar\u0131m\u0131nda ise, resim tarihinden \u00f6zenle se\u00e7ilmi\u015fg\u00f6rseller kullan\u0131l\u0131yor.Zengin bir i\u00e7erikle haz\u0131rlanan \u0130leti\u015fimKlasikleri dizisi, g\u00fcvenilir ve \u00f6zenli bir edisyonla okurlabulu\u015furken, alan\u0131nda referans kaynaklar sunuyor.<\/p>\n","protected":false},"excerpt":{"rendered":"<p>\u0130leti\u015fim Yay\u0131nlar\u0131, Murat Belge y\u00f6netiminde edebiyatklasikleri yay\u0131mlamaya devam ediyor. \u0130leti\u015fim Klasikleridizisinden \u00e7\u0131kan kitaplar, edebiyata kar\u015f\u0131 sorumlulu\u011fu okumazevkiyle bulu\u015fturan bir anlay\u0131\u015fla haz\u0131rlan\u0131yor. Eserler orijinaldillerinden ve tam metin<span class=\"excerpt-hellip\"> [\u2026]<\/span><\/p>\n","protected":false},"featured_media":0,"template":"","meta":{"_monsterinsights_skip_tracking":false,"_monsterinsights_sitenote_active":false,"_monsterinsights_sitenote_note":"","_monsterinsights_sitenote_category":0},"product_brand":[],"product_cat":[12291,12711],"product_tag":[],"class_list":{"0":"post-708819","1":"product","2":"type-product","3":"status-publish","5":"product_cat-edebiyat","6":"product_cat-roman-oyku","7":"pa_cilt-ciltsiz","8":"pa_tur-kitap","9":"pa_yayinevi-iletisim-yayinlari","10":"pa_yazar-e-m-forster","12":"first","13":"instock","14":"sale","15":"shipping-taxable","16":"purchasable","17":"product-type-simple"},"_links":{"self":[{"href":"https:\/\/roveyayinevi.com.tr\/index.php\/wp-json\/wp\/v2\/product\/708819","targetHints":{"allow":["GET"]}}],"collection":[{"href":"https:\/\/roveyayinevi.com.tr\/index.php\/wp-json\/wp\/v2\/product"}],"about":[{"href":"https:\/\/roveyayinevi.com.tr\/index.php\/wp-json\/wp\/v2\/types\/product"}],"wp:attachment":[{"href":"https:\/\/roveyayinevi.com.tr\/index.php\/wp-json\/wp\/v2\/media?parent=708819"}],"wp:term":[{"taxonomy":"product_brand","embeddable":true,"href":"https:\/\/roveyayinevi.com.tr\/index.php\/wp-json\/wp\/v2\/product_brand?post=708819"},{"taxonomy":"product_cat","embeddable":true,"href":"https:\/\/roveyayinevi.com.tr\/index.php\/wp-json\/wp\/v2\/product_cat?post=708819"},{"taxonomy":"product_tag","embeddable":true,"href":"https:\/\/roveyayinevi.com.tr\/index.php\/wp-json\/wp\/v2\/product_tag?post=708819"}],"curies":[{"name":"wp","href":"https:\/\/api.w.org\/{rel}","templated":true}]}}