{"id":708817,"date":"2025-08-27T16:18:38","date_gmt":"2025-08-27T13:18:38","guid":{"rendered":"https:\/\/roveyayinevi.com.tr\/index.php\/urun\/eslik\/"},"modified":"2026-04-16T02:17:34","modified_gmt":"2026-04-15T23:17:34","slug":"eslik","status":"publish","type":"product","link":"https:\/\/roveyayinevi.com.tr\/index.php\/urun\/eslik\/","title":{"rendered":"E\u015flik"},"content":{"rendered":"<p>E\u015flik, Samuel Beckett\u2019in karanl\u0131\u011f\u0131 kan\u0131rtt\u0131\u011f\u0131, \u0131\u015f\u0131ktan umudu iyice kesti\u011fi, uzun hik\u00e2yelerden olu\u015fan m\u00fcthi\u015f bir se\u00e7ki. \u201c\u0130nsan\u201d adeta son solu\u011funu vermek \u00fczeredir. Atmosfer puslu ve bulan\u0131kt\u0131r. Olay \u00f6rg\u00fcs\u00fc neredeyse yoktur. Eylem yoktur. Anlam yoktur. Zaman, b\u00fck\u00fcl\u00fcr ve k\u0131r\u0131l\u0131r bir niteliktedir. A\u011f\u0131z de\u011fil, kulak \u00f6n plandad\u0131r:   Bir ses geliyor karanl\u0131kta s\u0131rt\u00fcst\u00fc uzanm\u0131\u015f birine. S\u0131rt\u0131ndaki bas\u0131n\u00e7tan ve g\u00f6zlerini kapad\u0131\u011f\u0131nda ve yeniden a\u00e7t\u0131\u011f\u0131nda karanl\u0131\u011f\u0131n de\u011fi\u015fmesinden anl\u0131yor bunu. Sesin s\u00f6ylediklerinin yaln\u0131zca k\u00fc\u00e7\u00fck bir b\u00f6l\u00fcm\u00fc do\u011frulanabiliyor. Karanl\u0131kta s\u0131rt\u00fcst\u00fc uzanm\u0131\u015fs\u0131n, diye duydu\u011funda \u00f6rne\u011fin. Bu durumda s\u00f6ylenenlerin do\u011frulu\u011funa inanmak zorunda. Ama s\u00f6ylenenlerin b\u00fcy\u00fck b\u00f6l\u00fcm\u00fc do\u011frulanam\u0131yor. \u015eunu duydu\u011funda \u00f6rne\u011fin: \u015eu ya da bug\u00fcn geldin d\u00fcnyaya.   Hi\u00e7bir \u015fey kesin de\u011fildir. Ad\u0131 konulamayacak olan b\u00fcy\u00fck ve telafisiz bir kay\u0131p vard\u0131r sanki. E\u015flik\u2019teki hik\u00e2yelerin \u00f6zneleri bu ads\u0131z kayb\u0131n etraf\u0131nda dolanarak, s\u00fcr\u00fcnerek, d\u00fc\u015f\u00fcp kalkarak ama onsuz da yapamayarak i\u00e7ten i\u00e7e \u00e7\u00fcr\u00fcy\u00fcp da\u011f\u0131l\u0131rlar. \u015eair-yazar\u0131n kelimelerle i\u015fi bitmemi\u015ftir hen\u00fcz, her ne kadar kum gibi da\u011f\u0131lsalar da a\u011f\u0131zda&#8230; <\/p>\n","protected":false},"excerpt":{"rendered":"<p>E\u015flik, Samuel Beckett\u2019in karanl\u0131\u011f\u0131 kan\u0131rtt\u0131\u011f\u0131, \u0131\u015f\u0131ktan umudu iyice kesti\u011fi, uzun hik\u00e2yelerden olu\u015fan m\u00fcthi\u015f bir se\u00e7ki. \u201c\u0130nsan\u201d adeta son solu\u011funu vermek \u00fczeredir. Atmosfer puslu ve bulan\u0131kt\u0131r. Olay<span class=\"excerpt-hellip\"> [\u2026]<\/span><\/p>\n","protected":false},"featured_media":0,"template":"","meta":{"_monsterinsights_skip_tracking":false,"_monsterinsights_sitenote_active":false,"_monsterinsights_sitenote_note":"","_monsterinsights_sitenote_category":0},"product_brand":[],"product_cat":[12291,12711],"product_tag":[],"class_list":{"0":"post-708817","1":"product","2":"type-product","3":"status-publish","5":"product_cat-edebiyat","6":"product_cat-roman-oyku","7":"pa_cilt-ciltsiz","8":"pa_tur-kitap","9":"pa_yayinevi-ayrinti-yayinlari","10":"pa_yazar-samuel-beckett","12":"first","13":"instock","14":"sale","15":"shipping-taxable","16":"purchasable","17":"product-type-simple"},"_links":{"self":[{"href":"https:\/\/roveyayinevi.com.tr\/index.php\/wp-json\/wp\/v2\/product\/708817","targetHints":{"allow":["GET"]}}],"collection":[{"href":"https:\/\/roveyayinevi.com.tr\/index.php\/wp-json\/wp\/v2\/product"}],"about":[{"href":"https:\/\/roveyayinevi.com.tr\/index.php\/wp-json\/wp\/v2\/types\/product"}],"wp:attachment":[{"href":"https:\/\/roveyayinevi.com.tr\/index.php\/wp-json\/wp\/v2\/media?parent=708817"}],"wp:term":[{"taxonomy":"product_brand","embeddable":true,"href":"https:\/\/roveyayinevi.com.tr\/index.php\/wp-json\/wp\/v2\/product_brand?post=708817"},{"taxonomy":"product_cat","embeddable":true,"href":"https:\/\/roveyayinevi.com.tr\/index.php\/wp-json\/wp\/v2\/product_cat?post=708817"},{"taxonomy":"product_tag","embeddable":true,"href":"https:\/\/roveyayinevi.com.tr\/index.php\/wp-json\/wp\/v2\/product_tag?post=708817"}],"curies":[{"name":"wp","href":"https:\/\/api.w.org\/{rel}","templated":true}]}}