{"id":708814,"date":"2025-08-27T16:18:37","date_gmt":"2025-08-27T13:18:37","guid":{"rendered":"https:\/\/roveyayinevi.com.tr\/index.php\/urun\/eric\/"},"modified":"2026-04-16T02:17:34","modified_gmt":"2026-04-15T23:17:34","slug":"eric","status":"publish","type":"product","link":"https:\/\/roveyayinevi.com.tr\/index.php\/urun\/eric\/","title":{"rendered":"Eric"},"content":{"rendered":"<p>Niran El\u00e7i\u2019nin p\u00fcr\u00fczs\u00fcz T\u00fcrk\u00e7esi ve Delidolu\u2019nun \u00f6zenli bask\u0131s\u0131yla okurlar\u0131n\u0131n be\u011fenisine sunulan efsane dizinin dokuzuncu kitab\u0131; Faust\u2019tan \u0130lahi Komedya\u2019ya, Aztekler\u2019den Cehennemin dibine ve hatta evrenin do\u011fu\u015funa dek uzanan eksantrik bir yol hik\u00e2yesine a\u00e7\u0131l\u0131yor.   Dostumuz Rincewind\u2019in yetenekleri aras\u0131nda en \u00f6ne \u00e7\u0131kan\u0131, ka\u00e7ma yetene\u011fi. Hatta bu i\u015fi bilim seviyesine kadar y\u00fckseltmi\u015f durumda. Onun i\u00e7in \u00f6nemli olan ka\u00e7mak. Rincewind ka\u00e7adursun, onu ka\u00e7t\u0131\u011f\u0131 yerden al\u0131p getirecek bir Eric var art\u0131k. Eric Thursley, ya da nam\u0131-\u0131 di\u011fer Faust. DiskD\u00fcnya\u2019n\u0131n ilk ve tek iblisolo\u011fu. Evet, yanl\u0131\u015f duymad\u0131n\u0131z koskoca \u00e2lemin tek iblisolo\u011fu ve maalesef en k\u00f6t\u00fcs\u00fc\u2026 Eric\u2019in hayattan \u00fc\u00e7 b\u00fcy\u00fck dile\u011fi var: \u00d6l\u00fcms\u00fczl\u00fc\u011fe ula\u015fmak, d\u00fcnyaya h\u00fckmetmek ve gelmi\u015f ge\u00e7mi\u015f en g\u00fczel kad\u0131n\u0131n biricik sevgilisi olmak. Eh, s\u0131radan gibi g\u00f6r\u00fcnse de pek de k\u00fc\u00e7\u00fcmsenecek istekler de\u011fil asl\u0131nda\u2026 Peki ya daha da k\u00f6t\u00fcs\u00fcn\u00fcn ya\u015fanaca\u011f\u0131n\u0131, k\u00e2inat\u0131n en k\u00f6t\u00fc iblisolo\u011funun, d\u00fcnyan\u0131n en beceriksiz sihirbaz\u0131 ile bir araya gelece\u011fini s\u00f6ylesek? \u0130\u015fte o zaman DiskD\u00fcnya\u2019n\u0131n ba\u015f\u0131na gelecek \u015feyler duda\u011f\u0131n\u0131z\u0131 bile u\u00e7uklatabilir!..   Terry Pratchett, mizah\u0131n ve ironinin dozunu iyice y\u00fckseltti\u011fi Eric&#8217;te, okurlar\u0131n\u0131, zamanda ve mek\u00e2nda ak\u0131l almaz yolculuklara s\u00fcr\u00fckl\u00fcyor.  DiskD\u00fcnya serisi, hayal g\u00fcc\u00fcn\u00fcn s\u0131n\u0131rlar\u0131n\u0131 zorlayan kurgusunun yan\u0131 s\u0131ra kuantum fizi\u011finden sanayi devrimine, pop\u00fcler k\u00fclt\u00fcr kli\u015felerinden edebiyat ve sinema klasiklerine uzanan de\u011fi\u015fik k\u00fclt\u00fcr unsurlar\u0131na sayg\u0131 duru\u015funda bulunarak ger\u00e7ek d\u00fcnyadaki pek \u00e7ok konuyla dalga ge\u00e7mesini bilen g\u00f6z kama\u015ft\u0131r\u0131c\u0131 bir edebiyat harikas\u0131\u2026 <\/p>\n","protected":false},"excerpt":{"rendered":"<p>Niran El\u00e7i\u2019nin p\u00fcr\u00fczs\u00fcz T\u00fcrk\u00e7esi ve Delidolu\u2019nun \u00f6zenli bask\u0131s\u0131yla okurlar\u0131n\u0131n be\u011fenisine sunulan efsane dizinin dokuzuncu kitab\u0131; Faust\u2019tan \u0130lahi Komedya\u2019ya, Aztekler\u2019den Cehennemin dibine ve hatta evrenin do\u011fu\u015funa dek<span class=\"excerpt-hellip\"> [\u2026]<\/span><\/p>\n","protected":false},"featured_media":0,"template":"","meta":{"_monsterinsights_skip_tracking":false,"_monsterinsights_sitenote_active":false,"_monsterinsights_sitenote_note":"","_monsterinsights_sitenote_category":0},"product_brand":[],"product_cat":[12291,12711],"product_tag":[],"class_list":{"0":"post-708814","1":"product","2":"type-product","3":"status-publish","5":"product_cat-edebiyat","6":"product_cat-roman-oyku","7":"pa_cilt-ciltsiz","8":"pa_tur-kitap","9":"pa_yayinevi-delidolu","10":"pa_yazar-terry-pratchett","12":"first","13":"instock","14":"sale","15":"shipping-taxable","16":"purchasable","17":"product-type-simple"},"_links":{"self":[{"href":"https:\/\/roveyayinevi.com.tr\/index.php\/wp-json\/wp\/v2\/product\/708814","targetHints":{"allow":["GET"]}}],"collection":[{"href":"https:\/\/roveyayinevi.com.tr\/index.php\/wp-json\/wp\/v2\/product"}],"about":[{"href":"https:\/\/roveyayinevi.com.tr\/index.php\/wp-json\/wp\/v2\/types\/product"}],"wp:attachment":[{"href":"https:\/\/roveyayinevi.com.tr\/index.php\/wp-json\/wp\/v2\/media?parent=708814"}],"wp:term":[{"taxonomy":"product_brand","embeddable":true,"href":"https:\/\/roveyayinevi.com.tr\/index.php\/wp-json\/wp\/v2\/product_brand?post=708814"},{"taxonomy":"product_cat","embeddable":true,"href":"https:\/\/roveyayinevi.com.tr\/index.php\/wp-json\/wp\/v2\/product_cat?post=708814"},{"taxonomy":"product_tag","embeddable":true,"href":"https:\/\/roveyayinevi.com.tr\/index.php\/wp-json\/wp\/v2\/product_tag?post=708814"}],"curies":[{"name":"wp","href":"https:\/\/api.w.org\/{rel}","templated":true}]}}