{"id":708813,"date":"2025-08-27T16:18:36","date_gmt":"2025-08-27T13:18:36","guid":{"rendered":"https:\/\/roveyayinevi.com.tr\/index.php\/urun\/parlamenter-sistem-krizleri-ve-cumhurbaskanligi-hukumet-sistemi\/"},"modified":"2026-04-16T02:17:34","modified_gmt":"2026-04-15T23:17:34","slug":"parlamenter-sistem-krizleri-ve-cumhurbaskanligi-hukumet-sistemi","status":"publish","type":"product","link":"https:\/\/roveyayinevi.com.tr\/index.php\/urun\/parlamenter-sistem-krizleri-ve-cumhurbaskanligi-hukumet-sistemi\/","title":{"rendered":"Parlamenter Sistem Krizleri ve Cumhurba\u015fkanl\u0131\u011f\u0131 H\u00fck\u00fcmet Sistemi"},"content":{"rendered":"<p>\u00dclkemiz \u00e7ok partili siyasi hayata ge\u00e7tikten sonra parlamenter sistem pek \u00e7ok krizle kar\u015f\u0131 kar\u015f\u0131ya kalm\u0131\u015ft\u0131r. Bu kitapta, tarihi s\u00fcre\u00e7 i\u00e7inde \u00fclkemizde ya\u015fanm\u0131\u015f, parlamenter sistemin belli ba\u015fl\u0131 siyasi krizlerini k\u0131saca sunmaya \u00e7al\u0131\u015ft\u0131k. Kuvvetler ayr\u0131l\u0131\u011f\u0131 ilkesinin uyguland\u0131\u011f\u0131 pek \u00e7ok \u00fclkede oldu\u011fu gibi, parlamenter sistem ve ba\u015fkanl\u0131k sistemi tart\u0131\u015fmalar\u0131ndan \u00f6zellikle son k\u0131rk y\u0131ld\u0131r \u00fclkemiz de etkilenmektedir. S\u0131k s\u0131k yap\u0131lan se\u00e7imler, se\u00e7im sonu\u00e7lar\u0131nda hi\u00e7bir partinin tek ba\u015f\u0131na iktidar\u0131 yakalayamamas\u0131, darbeler, koalisyon h\u00fck\u00fcmetleri, sanc\u0131l\u0131 cumhurba\u015fkan\u0131 se\u00e7imleri gibi siyasi krizlerin \u00e7ok g\u00f6r\u00fcld\u00fc\u011f\u00fc \u00fclkemizde de parlamenter sistemden ba\u015fkanl\u0131k veya yar\u0131 ba\u015fkanl\u0131k sistemine ge\u00e7i\u015f modelleri zaman zaman g\u00fcndeme gelmi\u015f ise de bu talep ve tart\u0131\u015fmalar hukuki s\u00fcre\u00e7lere aktar\u0131lamam\u0131\u015ft\u0131r. Demokratik toplumlarda, demokrasinin devam\u0131 i\u00e7in h\u00fck\u00fcmet sistemlerinin siyasi krizlerden korunakl\u0131 bir yap\u0131da olmas\u0131 ve siyasi istikrar\u0131n sa\u011flanmas\u0131 gerekir. T\u00fcrkiye, ya\u015fad\u0131\u011f\u0131 siyasi krizler sonras\u0131nda maalesef istikrar\u0131 sa\u011flayamad\u0131\u011f\u0131 gibi bu krizleri f\u0131rsat bilen cuntalar ve vesayet g\u00fc\u00e7leri, milli iradeyi hi\u00e7e sayarak demokrasimizi kesintiye u\u011fratm\u0131\u015flard\u0131r. \u00dclkemizin ge\u00e7mi\u015fte ya\u015fad\u0131\u011f\u0131 krizleri bir daha ya\u015famamas\u0131 i\u00e7in, hem parlamenter sistemin aksayan y\u00f6nleri hem de di\u011fer \u00fclkelerde uygulanan ba\u015fkanl\u0131k sistemlerinde \u015fimdiye kadar \u00e7\u0131kan sorunlar dikkate al\u0131narak, bu sorunlar\u0131 \u00e7\u00f6zer nitelikteki T\u00fcrkiye\u2019ye \u00f6zg\u00fc \u201cCumhurba\u015fkanl\u0131\u011f\u0131 H\u00fck\u00fcmet Sistemi\u201d bu kitapta aktar\u0131lmaya \u00e7al\u0131\u015f\u0131lm\u0131\u015ft\u0131r. <\/p>\n","protected":false},"excerpt":{"rendered":"<p>\u00dclkemiz \u00e7ok partili siyasi hayata ge\u00e7tikten sonra parlamenter sistem pek \u00e7ok krizle kar\u015f\u0131 kar\u015f\u0131ya kalm\u0131\u015ft\u0131r. Bu kitapta, tarihi s\u00fcre\u00e7 i\u00e7inde \u00fclkemizde ya\u015fanm\u0131\u015f, parlamenter sistemin belli ba\u015fl\u0131<span class=\"excerpt-hellip\"> [\u2026]<\/span><\/p>\n","protected":false},"featured_media":0,"template":"","meta":{"_monsterinsights_skip_tracking":false,"_monsterinsights_sitenote_active":false,"_monsterinsights_sitenote_note":"","_monsterinsights_sitenote_category":0},"product_brand":[],"product_cat":[12337,14543],"product_tag":[],"class_list":{"0":"post-708813","1":"product","2":"type-product","3":"status-publish","5":"product_cat-politika-siyaset","6":"product_cat-turkiye-siyaseti-ve-politikasi","7":"pa_cilt-ciltsiz","8":"pa_tur-kitap","9":"pa_yayinevi-pozitif-yayinlari","10":"pa_yazar-hursit-yildirim","12":"first","13":"instock","14":"sale","15":"shipping-taxable","16":"purchasable","17":"product-type-simple"},"_links":{"self":[{"href":"https:\/\/roveyayinevi.com.tr\/index.php\/wp-json\/wp\/v2\/product\/708813","targetHints":{"allow":["GET"]}}],"collection":[{"href":"https:\/\/roveyayinevi.com.tr\/index.php\/wp-json\/wp\/v2\/product"}],"about":[{"href":"https:\/\/roveyayinevi.com.tr\/index.php\/wp-json\/wp\/v2\/types\/product"}],"wp:attachment":[{"href":"https:\/\/roveyayinevi.com.tr\/index.php\/wp-json\/wp\/v2\/media?parent=708813"}],"wp:term":[{"taxonomy":"product_brand","embeddable":true,"href":"https:\/\/roveyayinevi.com.tr\/index.php\/wp-json\/wp\/v2\/product_brand?post=708813"},{"taxonomy":"product_cat","embeddable":true,"href":"https:\/\/roveyayinevi.com.tr\/index.php\/wp-json\/wp\/v2\/product_cat?post=708813"},{"taxonomy":"product_tag","embeddable":true,"href":"https:\/\/roveyayinevi.com.tr\/index.php\/wp-json\/wp\/v2\/product_tag?post=708813"}],"curies":[{"name":"wp","href":"https:\/\/api.w.org\/{rel}","templated":true}]}}