{"id":708812,"date":"2025-08-27T16:18:36","date_gmt":"2025-08-27T13:18:36","guid":{"rendered":"https:\/\/roveyayinevi.com.tr\/index.php\/urun\/tarihin-insanlari\/"},"modified":"2026-04-16T02:17:34","modified_gmt":"2026-04-15T23:17:34","slug":"tarihin-insanlari","status":"publish","type":"product","link":"https:\/\/roveyayinevi.com.tr\/index.php\/urun\/tarihin-insanlari\/","title":{"rendered":"Tarihin \u0130nsanlar\u0131"},"content":{"rendered":"<p>Tarihe bakarken olaylar \u00f6rg\u00fcs\u00fc kadar \u00f6nemsenmesi gereken bir unsur daha vard\u0131r: Bireyler. Ki\u015filerin tarihte oynad\u0131\u011f\u0131 role odaklanmak bilimsel y\u00f6ntemin mesafeli durdu\u011fu bir yakla\u015f\u0131m olsa da, Franklin Delano Roosevelt\u2019in ikna becerisine de\u011finmeden Amerikan halk\u0131n\u0131n B\u00fcy\u00fck Buhran\u2019la nas\u0131l ba\u015fa \u00e7\u0131kt\u0131\u011f\u0131 kavranabilir mi? Hitler ve Stalin\u2019in g\u00fc\u00e7 sarho\u015flu\u011funu, paranoyalar\u0131n\u0131 ve kibirlerini es ge\u00e7erek d\u00f6nemin Almanya\u2019s\u0131n\u0131 veya Sovyetler Birli\u011fi\u2019ni anlamak m\u00fcmk\u00fcn olabilir mi? Ya da soyk\u0131r\u0131m gibi tarihe damga vuran b\u00fcy\u00fck olaylar\u0131 bunlara ilk elden tan\u0131kl\u0131k eden bir vatanda\u015f\u0131n g\u00fcnl\u00fc\u011f\u00fcnden daha iyi anlatabilecek bir arac\u0131 var m\u0131d\u0131r?   Tarih\u00e7i ve akademisyen Margaret MacMillan\u2019\u0131n kaleme ald\u0131\u011f\u0131 Tarihin \u0130nsanlar\u0131, liderlerden s\u0131radan vatanda\u015flara, bireylerin kendileri, \u00e7a\u011fda\u015flar\u0131 ve i\u00e7inde ya\u015fad\u0131klar\u0131 d\u00fcnya hakk\u0131nda anlatt\u0131klar\u0131na ve tarihsel d\u00f6n\u00fcm noktalar\u0131ndaki tercihlerine odaklan\u0131yor. Arnavutluk da\u011flar\u0131na ve yerel k\u00fclt\u00fcr\u00fcne sevdalanan bir \u0130ngiliz\u2019e ait an\u0131lar\u0131n, Kanada\u2019daki ilk yerle\u015fimcilerin tuttu\u011fu kay\u0131tlar\u0131n, Bab\u00fcr\u2019\u00fcn hat\u0131rat\u0131n\u0131n veya soyk\u0131r\u0131mdan sa\u011f \u00e7\u0131kan bir g\u00fcnl\u00fc\u011f\u00fcn g\u00fcn\u00fcm\u00fcze dair anlatt\u0131klar\u0131n\u0131 okumak, dedikodu yapman\u0131n yaramaz hissini uyand\u0131rman\u0131n yan\u0131 s\u0131ra \u00e7ok daha b\u00fcy\u00fck bir amaca hizmet ediyor: bizim gibi insanlar\u0131n asl\u0131nda tarihin ta kendisi oldu\u011funu g\u00f6stermek.   \u201cUmar\u0131m ge\u00e7mi\u015ften se\u00e7ti\u011fim insanlar \u015fimdiki zaman\u0131n i\u00e7indeki bizler i\u00e7in, insanl\u0131\u011f\u0131n karma\u015f\u0131k do\u011fas\u0131n\u0131, say\u0131s\u0131z \u00e7eli\u015fkisini, tutars\u0131zl\u0131\u011f\u0131n\u0131, k\u00f6t\u00fcl\u00fc\u011f\u00fcn\u00fc ve aptall\u0131\u011f\u0131n\u0131 ama ayn\u0131 zamanda erdemlerini de ayd\u0131nlatmaya yard\u0131mc\u0131 olacakt\u0131r. Her \u015feyden \u00f6nemlisi, tarihin insanlar\u0131 hepimizin i\u00e7inde var olan iyinin ve k\u00f6t\u00fcn\u00fcn fark\u0131na varmam\u0131z\u0131 sa\u011flayacakt\u0131r.\u201d <\/p>\n","protected":false},"excerpt":{"rendered":"<p>Tarihe bakarken olaylar \u00f6rg\u00fcs\u00fc kadar \u00f6nemsenmesi gereken bir unsur daha vard\u0131r: Bireyler. Ki\u015filerin tarihte oynad\u0131\u011f\u0131 role odaklanmak bilimsel y\u00f6ntemin mesafeli durdu\u011fu bir yakla\u015f\u0131m olsa da, Franklin<span class=\"excerpt-hellip\"> [\u2026]<\/span><\/p>\n","protected":false},"featured_media":0,"template":"","meta":{"_monsterinsights_skip_tracking":false,"_monsterinsights_sitenote_active":false,"_monsterinsights_sitenote_note":"","_monsterinsights_sitenote_category":0},"product_brand":[],"product_cat":[12305,12304],"product_tag":[],"class_list":{"0":"post-708812","1":"product","2":"type-product","3":"status-publish","5":"product_cat-dunya-tarihi","6":"product_cat-tarih","7":"pa_cilt-ciltsiz","8":"pa_tur-kitap","9":"pa_yayinevi-kolektif-kitap","10":"pa_yazar-margaret-macmillan","12":"first","13":"instock","14":"sale","15":"shipping-taxable","16":"purchasable","17":"product-type-simple"},"_links":{"self":[{"href":"https:\/\/roveyayinevi.com.tr\/index.php\/wp-json\/wp\/v2\/product\/708812","targetHints":{"allow":["GET"]}}],"collection":[{"href":"https:\/\/roveyayinevi.com.tr\/index.php\/wp-json\/wp\/v2\/product"}],"about":[{"href":"https:\/\/roveyayinevi.com.tr\/index.php\/wp-json\/wp\/v2\/types\/product"}],"wp:attachment":[{"href":"https:\/\/roveyayinevi.com.tr\/index.php\/wp-json\/wp\/v2\/media?parent=708812"}],"wp:term":[{"taxonomy":"product_brand","embeddable":true,"href":"https:\/\/roveyayinevi.com.tr\/index.php\/wp-json\/wp\/v2\/product_brand?post=708812"},{"taxonomy":"product_cat","embeddable":true,"href":"https:\/\/roveyayinevi.com.tr\/index.php\/wp-json\/wp\/v2\/product_cat?post=708812"},{"taxonomy":"product_tag","embeddable":true,"href":"https:\/\/roveyayinevi.com.tr\/index.php\/wp-json\/wp\/v2\/product_tag?post=708812"}],"curies":[{"name":"wp","href":"https:\/\/api.w.org\/{rel}","templated":true}]}}