{"id":708810,"date":"2025-08-27T16:18:35","date_gmt":"2025-08-27T13:18:35","guid":{"rendered":"https:\/\/roveyayinevi.com.tr\/index.php\/urun\/biyolojik-elementler\/"},"modified":"2026-04-16T02:17:34","modified_gmt":"2026-04-15T23:17:34","slug":"biyolojik-elementler","status":"publish","type":"product","link":"https:\/\/roveyayinevi.com.tr\/index.php\/urun\/biyolojik-elementler\/","title":{"rendered":"Biyolojik Elementler"},"content":{"rendered":"<p>Yery\u00fcz\u00fcnde ya\u015fayan her bir canl\u0131 varl\u0131k, biyotik ve abiyotik faktorler\u0131n bu\u0131tunlu\u011fu cevre ile s\u0131k\u0131 temas i\u00e7indedir.Her canl\u0131 ya\u015faya bilmesi i\u00e7in \u00e7evresiyle madde al\u0131\u015fveri\u015fi yapmaktad\u0131r.Bir maddenin bir noktadan ba\u015fka bir noktaya hareketi yada fiziksel ve k\u0131myasal olarak bir sek\u0131lde baska b\u0131r sekle donusmes\u0131ne enerji kullan\u0131m\u0131 yolu \u0131le mumkundur.G\u00fcne\u015f canl\u0131 orginamazlar\u0131n en oneml\u0131 enerji kaynag\u0131d\u0131r. <\/p>\n","protected":false},"excerpt":{"rendered":"<p>Yery\u00fcz\u00fcnde ya\u015fayan her bir canl\u0131 varl\u0131k, biyotik ve abiyotik faktorler\u0131n bu\u0131tunlu\u011fu cevre ile s\u0131k\u0131 temas i\u00e7indedir.Her canl\u0131 ya\u015faya bilmesi i\u00e7in \u00e7evresiyle madde al\u0131\u015fveri\u015fi yapmaktad\u0131r.Bir maddenin bir<span class=\"excerpt-hellip\"> [\u2026]<\/span><\/p>\n","protected":false},"featured_media":0,"template":"","meta":{"_monsterinsights_skip_tracking":false,"_monsterinsights_sitenote_active":false,"_monsterinsights_sitenote_note":"","_monsterinsights_sitenote_category":0},"product_brand":[],"product_cat":[13005,38128],"product_tag":[],"class_list":{"0":"post-708810","1":"product","2":"type-product","3":"status-publish","5":"product_cat-bilim-muhendislik","6":"product_cat-tip-bilimleri","7":"pa_cilt-ciltsiz","8":"pa_tur-kitap","9":"pa_yayinevi-bilgin-kultur-sanat","10":"pa_yazar-ramazan-mammadov","12":"first","13":"instock","14":"sale","15":"shipping-taxable","16":"purchasable","17":"product-type-simple"},"_links":{"self":[{"href":"https:\/\/roveyayinevi.com.tr\/index.php\/wp-json\/wp\/v2\/product\/708810","targetHints":{"allow":["GET"]}}],"collection":[{"href":"https:\/\/roveyayinevi.com.tr\/index.php\/wp-json\/wp\/v2\/product"}],"about":[{"href":"https:\/\/roveyayinevi.com.tr\/index.php\/wp-json\/wp\/v2\/types\/product"}],"wp:attachment":[{"href":"https:\/\/roveyayinevi.com.tr\/index.php\/wp-json\/wp\/v2\/media?parent=708810"}],"wp:term":[{"taxonomy":"product_brand","embeddable":true,"href":"https:\/\/roveyayinevi.com.tr\/index.php\/wp-json\/wp\/v2\/product_brand?post=708810"},{"taxonomy":"product_cat","embeddable":true,"href":"https:\/\/roveyayinevi.com.tr\/index.php\/wp-json\/wp\/v2\/product_cat?post=708810"},{"taxonomy":"product_tag","embeddable":true,"href":"https:\/\/roveyayinevi.com.tr\/index.php\/wp-json\/wp\/v2\/product_tag?post=708810"}],"curies":[{"name":"wp","href":"https:\/\/api.w.org\/{rel}","templated":true}]}}