{"id":708806,"date":"2025-08-27T16:18:32","date_gmt":"2025-08-27T13:18:32","guid":{"rendered":"https:\/\/roveyayinevi.com.tr\/index.php\/urun\/donusum-14\/"},"modified":"2026-04-12T02:20:40","modified_gmt":"2026-04-11T23:20:40","slug":"donusum-14","status":"publish","type":"product","link":"https:\/\/roveyayinevi.com.tr\/index.php\/urun\/donusum-14\/","title":{"rendered":"D\u00f6n\u00fc\u015f\u00fcm"},"content":{"rendered":"<p>Kafka\u2019n\u0131n D\u00f6n\u00fc\u015f\u00fcm\u2019\u00fcnde olan biten asl\u0131nda basittir. Bu ola\u011fan\u00fcst\u00fc \u00f6yk\u00fcde, Gregor Samsa\u2019n\u0131n aile bireyleri ve \u00e7evresindeki insanlarla ili\u015fkilerindeki bozulmalar ad\u0131m ad\u0131m ortaya konulur. B\u00f6ylece toplumda farkl\u0131la\u015fan ve \u00f6teki h\u00e2line d\u00f6n\u00fc\u015fen bireyin trajedisi t\u00fcm \u00e7\u0131plakl\u0131\u011f\u0131yla g\u00f6zler \u00f6n\u00fcne serilir. \u0130yi g\u00fczel de bu g\u00f6r\u00fcnenin gerisinde hangi mesaj var? Kafka, bu \u00f6yk\u00fcyle bize asl\u0131nda neyi anlatmak istemektedir? \u00d6yk\u00fcde as\u0131l ele\u015ftirilenler, kimler ya da hangi kurumlard\u0131r? Bu konuda rivayet muhtelif! \u2018Toplumun farkl\u0131 olana reva g\u00f6rd\u00fc\u011f\u00fc tav\u0131r\u2019, \u2018k\u00fc\u00e7\u00fck burjuva yaln\u0131zl\u0131\u011f\u0131n\u0131n trajedisi\u2019, \u2018ya\u015famdan kopman\u0131n ve kendi kabu\u011funa \u00e7ekilmenin a\u011f\u0131d\u0131\u2019, \u2018ataerkil aile bask\u0131s\u0131n\u0131n de\u015fifresi\u2019, \u2018s\u0131radanl\u0131\u011f\u0131n bo\u011fucu atmosferinin ac\u0131 sonu\u00e7lar\u0131\u2019, \u2018insan ya\u015fam\u0131ndaki sa\u00e7mal\u0131\u011f\u0131n sergilenmesi\u2019, \u2018s\u0131radan fa\u015fizmin te\u015fhiri\u2019 Bu liste b\u00f6yle uzay\u0131p gidiyor! Edebiyat tarihinde bu kadar farkl\u0131 ve de\u011fi\u015fik yorumlara neden olan \u00e7ok az metin var. Her okur, D\u00f6n\u00fc\u015f\u00fcm\u2019\u00fc okuduktan sonra kendi \u00e7\u0131kar\u0131m\u0131n\u0131 s\u0131namak i\u00e7in bu say\u0131s\u0131z yorumdan hi\u00e7 olmazsa belli ba\u015fl\u0131lar\u0131na bakmak zorunda kalacakt\u0131r. Eh, iyi edebiyat\u0131n amac\u0131 da bu de\u011fil midir zaten? <\/p>\n","protected":false},"excerpt":{"rendered":"<p>Kafka\u2019n\u0131n D\u00f6n\u00fc\u015f\u00fcm\u2019\u00fcnde olan biten asl\u0131nda basittir. Bu ola\u011fan\u00fcst\u00fc \u00f6yk\u00fcde, Gregor Samsa\u2019n\u0131n aile bireyleri ve \u00e7evresindeki insanlarla ili\u015fkilerindeki bozulmalar ad\u0131m ad\u0131m ortaya konulur. B\u00f6ylece toplumda farkl\u0131la\u015fan ve<span class=\"excerpt-hellip\"> [\u2026]<\/span><\/p>\n","protected":false},"featured_media":0,"template":"","meta":{"_monsterinsights_skip_tracking":false,"_monsterinsights_sitenote_active":false,"_monsterinsights_sitenote_note":"","_monsterinsights_sitenote_category":0},"product_brand":[],"product_cat":[12291,12711],"product_tag":[],"class_list":{"0":"post-708806","1":"product","2":"type-product","3":"status-publish","5":"product_cat-edebiyat","6":"product_cat-roman-oyku","7":"pa_cilt-ciltsiz","8":"pa_tur-kitap","9":"pa_yayinevi-parodi-yayinlari","10":"pa_yazar-franz-kafka","12":"first","13":"instock","14":"sale","15":"shipping-taxable","16":"purchasable","17":"product-type-simple"},"_links":{"self":[{"href":"https:\/\/roveyayinevi.com.tr\/index.php\/wp-json\/wp\/v2\/product\/708806","targetHints":{"allow":["GET"]}}],"collection":[{"href":"https:\/\/roveyayinevi.com.tr\/index.php\/wp-json\/wp\/v2\/product"}],"about":[{"href":"https:\/\/roveyayinevi.com.tr\/index.php\/wp-json\/wp\/v2\/types\/product"}],"wp:attachment":[{"href":"https:\/\/roveyayinevi.com.tr\/index.php\/wp-json\/wp\/v2\/media?parent=708806"}],"wp:term":[{"taxonomy":"product_brand","embeddable":true,"href":"https:\/\/roveyayinevi.com.tr\/index.php\/wp-json\/wp\/v2\/product_brand?post=708806"},{"taxonomy":"product_cat","embeddable":true,"href":"https:\/\/roveyayinevi.com.tr\/index.php\/wp-json\/wp\/v2\/product_cat?post=708806"},{"taxonomy":"product_tag","embeddable":true,"href":"https:\/\/roveyayinevi.com.tr\/index.php\/wp-json\/wp\/v2\/product_tag?post=708806"}],"curies":[{"name":"wp","href":"https:\/\/api.w.org\/{rel}","templated":true}]}}