{"id":708804,"date":"2025-08-27T16:18:31","date_gmt":"2025-08-27T13:18:31","guid":{"rendered":"https:\/\/roveyayinevi.com.tr\/index.php\/urun\/leibniz-hayati-ve-felsefesi\/"},"modified":"2026-04-16T02:17:34","modified_gmt":"2026-04-15T23:17:34","slug":"leibniz-hayati-ve-felsefesi","status":"publish","type":"product","link":"https:\/\/roveyayinevi.com.tr\/index.php\/urun\/leibniz-hayati-ve-felsefesi\/","title":{"rendered":"Leibniz Hayat\u0131 ve Felsefesi"},"content":{"rendered":"<p>Voltaire&#8217;in Candide&#8217;inin \u201cDr. Pangloss\u201du, Hannover&#8217;in \u201cL\u00f6venix\u201di Leibniz, Newton ile e\u015fzamanl\u0131 olarak icat etti\u011fi diferansiyel hesapla matematik alan\u0131nda \u00e7\u0131\u011f\u0131r a\u00e7m\u0131\u015f bir d\u00e2hidir. \u00c7a\u011f\u0131n\u0131 a\u015fan d\u00fc\u015f\u00fcnceleriyle uzay\u0131n ve zaman\u0131n mutlak de\u011fil, izaf\u00ee oldu\u011fu fikrini geli\u015ftirmesiyle izafiyet teorisinin ve \u201chissedilir olmayan alg\u0131lar\u201d yakla\u015f\u0131m\u0131yla da modern bilin\u00e7alt\u0131 psikolojisinin temellerini atm\u0131\u015ft\u0131r. Felsef\u00ee yakla\u015f\u0131m\u0131yla ise Frege&#8217;den Kripke&#8217;ye kadar bir\u00e7ok yirminci as\u0131r filozofuna ilham vermi\u015ftir. Leibniz&#8217;in felsef\u00ee sisteminin ba\u015fl\u0131ca hedefi ahenktir. Onun felsefesi yaln\u0131zca k\u00e2inat\u0131n kurucu ilkesinin ahenk oldu\u011fu fikrine dayanmakla kalmaz, belli ba\u015fl\u0131 filozoflar\u0131n d\u00fc\u015f\u00fcncelerinin bir ahengini kurmay\u0131 da hedefler. Leibniz ger\u00e7ekten de birtak\u0131m kadim d\u00fc\u015f\u00fcnce gelenekleriyle \u00e7a\u011f\u0131n\u0131n en yenilik\u00e7i fikirlerinin ayn\u0131 potada eritildi\u011fi bir sistem in\u015fa etmeye \u00e7abalam\u0131\u015ft\u0131r. \u0130lk bak\u0131\u015fta birbiriyle \u00e7eli\u015fik g\u00f6r\u00fcnen farkl\u0131 d\u00fcnya tasavvurlar\u0131n\u0131n tutarl\u0131 bir sentezini meydana getirmek, Leibniz&#8217;in \u00f6ncelikli amac\u0131 olmu\u015ftur. Frans\u0131z filozof Emile Boutroux&#8217;nun terc\u00fcmesini sundu\u011fumuz metni, Monadologie&#8217;nin 1892 tarihli bir bask\u0131s\u0131nda yer alan olduk\u00e7a geni\u015f ve titiz bir Leibniz incelemesidir. Boutroux bu metninde, Leibniz&#8217;in felsefesinin asl\u0131na uygun bir tasvirini yapmak gibi \u00e7etin bir i\u015fin \u00fcstesinden ustal\u0131kla geliyor. Varl\u0131k anlay\u0131\u015f\u0131ndan bilgi teorisine, Tanr\u0131 anlay\u0131\u015f\u0131ndan eti\u011fine, Leibniz&#8217;in engin d\u00fc\u015f\u00fcnce d\u00fcnyas\u0131na giri\u015f i\u00e7in g\u00fcvenilir bir kroki \u00e7iziyor. <\/p>\n","protected":false},"excerpt":{"rendered":"<p>Voltaire&#8217;in Candide&#8217;inin \u201cDr. Pangloss\u201du, Hannover&#8217;in \u201cL\u00f6venix\u201di Leibniz, Newton ile e\u015fzamanl\u0131 olarak icat etti\u011fi diferansiyel hesapla matematik alan\u0131nda \u00e7\u0131\u011f\u0131r a\u00e7m\u0131\u015f bir d\u00e2hidir. \u00c7a\u011f\u0131n\u0131 a\u015fan d\u00fc\u015f\u00fcnceleriyle uzay\u0131n ve<span class=\"excerpt-hellip\"> [\u2026]<\/span><\/p>\n","protected":false},"featured_media":0,"template":"","meta":{"_monsterinsights_skip_tracking":false,"_monsterinsights_sitenote_active":false,"_monsterinsights_sitenote_note":"","_monsterinsights_sitenote_category":0},"product_brand":[],"product_cat":[12388,14717],"product_tag":[],"class_list":{"0":"post-708804","1":"product","2":"type-product","3":"status-publish","5":"product_cat-felsefe","6":"product_cat-felsefe-tarihi","7":"pa_cilt-ciltsiz","8":"pa_tur-kitap","9":"pa_yayinevi-bilge-kultur-sanat","10":"pa_yazar-emile-boutroux","12":"first","13":"instock","14":"sale","15":"shipping-taxable","16":"purchasable","17":"product-type-simple"},"_links":{"self":[{"href":"https:\/\/roveyayinevi.com.tr\/index.php\/wp-json\/wp\/v2\/product\/708804","targetHints":{"allow":["GET"]}}],"collection":[{"href":"https:\/\/roveyayinevi.com.tr\/index.php\/wp-json\/wp\/v2\/product"}],"about":[{"href":"https:\/\/roveyayinevi.com.tr\/index.php\/wp-json\/wp\/v2\/types\/product"}],"wp:attachment":[{"href":"https:\/\/roveyayinevi.com.tr\/index.php\/wp-json\/wp\/v2\/media?parent=708804"}],"wp:term":[{"taxonomy":"product_brand","embeddable":true,"href":"https:\/\/roveyayinevi.com.tr\/index.php\/wp-json\/wp\/v2\/product_brand?post=708804"},{"taxonomy":"product_cat","embeddable":true,"href":"https:\/\/roveyayinevi.com.tr\/index.php\/wp-json\/wp\/v2\/product_cat?post=708804"},{"taxonomy":"product_tag","embeddable":true,"href":"https:\/\/roveyayinevi.com.tr\/index.php\/wp-json\/wp\/v2\/product_tag?post=708804"}],"curies":[{"name":"wp","href":"https:\/\/api.w.org\/{rel}","templated":true}]}}