{"id":708800,"date":"2025-08-27T16:18:30","date_gmt":"2025-08-27T13:18:30","guid":{"rendered":"https:\/\/roveyayinevi.com.tr\/index.php\/urun\/yucelerden-yuce-allahim-allahuekber\/"},"modified":"2026-04-16T02:17:34","modified_gmt":"2026-04-15T23:17:34","slug":"yucelerden-yuce-allahim-allahuekber","status":"publish","type":"product","link":"https:\/\/roveyayinevi.com.tr\/index.php\/urun\/yucelerden-yuce-allahim-allahuekber\/","title":{"rendered":"Y\u00fccelerden Y\u00fcce Allah\u0131m- Allahuekber"},"content":{"rendered":"<p>Allahuekber kavram\u0131n\u0131 masal tad\u0131nda anlatan eserde, \u00e7ocuklar, hayvanlar d\u00fcnyas\u0131nda ne\u015feli bir yolculu\u011fa \u00e7\u0131karken Allah&#8217;\u0131n nice b\u00fcy\u00fck varl\u0131klar yaratt\u0131\u011f\u0131n\u0131 ve O&#8217;nun y\u00fccelerden y\u00fcce oldu\u011funu hissetme yolunda \u00f6nemli bir ad\u0131m atm\u0131\u015f olacaklar. \ufffcTan\u0131t\u0131m Metni<\/p>\n","protected":false},"excerpt":{"rendered":"<p>Allahuekber kavram\u0131n\u0131 masal tad\u0131nda anlatan eserde, \u00e7ocuklar, hayvanlar d\u00fcnyas\u0131nda ne\u015feli bir yolculu\u011fa \u00e7\u0131karken Allah&#8217;\u0131n nice b\u00fcy\u00fck varl\u0131klar yaratt\u0131\u011f\u0131n\u0131 ve O&#8217;nun y\u00fccelerden y\u00fcce oldu\u011funu hissetme yolunda \u00f6nemli<span class=\"excerpt-hellip\"> [\u2026]<\/span><\/p>\n","protected":false},"featured_media":0,"template":"","meta":{"_monsterinsights_skip_tracking":false,"_monsterinsights_sitenote_active":false,"_monsterinsights_sitenote_note":"","_monsterinsights_sitenote_category":0},"product_brand":[],"product_cat":[12275,12274],"product_tag":[],"class_list":{"0":"post-708800","1":"product","2":"type-product","3":"status-publish","5":"product_cat-6-12-yas-kitaplari","6":"product_cat-cocuk-ve-genclik-kitaplari","7":"pa_cilt-ciltsiz","8":"pa_tur-kitap","9":"pa_yayinevi-timas-cocuk","10":"pa_yazar-hekimoglu-ismail","12":"first","13":"instock","14":"sale","15":"shipping-taxable","16":"purchasable","17":"product-type-simple"},"_links":{"self":[{"href":"https:\/\/roveyayinevi.com.tr\/index.php\/wp-json\/wp\/v2\/product\/708800","targetHints":{"allow":["GET"]}}],"collection":[{"href":"https:\/\/roveyayinevi.com.tr\/index.php\/wp-json\/wp\/v2\/product"}],"about":[{"href":"https:\/\/roveyayinevi.com.tr\/index.php\/wp-json\/wp\/v2\/types\/product"}],"wp:attachment":[{"href":"https:\/\/roveyayinevi.com.tr\/index.php\/wp-json\/wp\/v2\/media?parent=708800"}],"wp:term":[{"taxonomy":"product_brand","embeddable":true,"href":"https:\/\/roveyayinevi.com.tr\/index.php\/wp-json\/wp\/v2\/product_brand?post=708800"},{"taxonomy":"product_cat","embeddable":true,"href":"https:\/\/roveyayinevi.com.tr\/index.php\/wp-json\/wp\/v2\/product_cat?post=708800"},{"taxonomy":"product_tag","embeddable":true,"href":"https:\/\/roveyayinevi.com.tr\/index.php\/wp-json\/wp\/v2\/product_tag?post=708800"}],"curies":[{"name":"wp","href":"https:\/\/api.w.org\/{rel}","templated":true}]}}