{"id":708796,"date":"2025-08-27T16:18:27","date_gmt":"2025-08-27T13:18:27","guid":{"rendered":"https:\/\/roveyayinevi.com.tr\/index.php\/urun\/dedemin-masal-kralligi-2-set-5-kitap\/"},"modified":"2026-04-16T02:17:34","modified_gmt":"2026-04-15T23:17:34","slug":"dedemin-masal-kralligi-2-set-5-kitap","status":"publish","type":"product","link":"https:\/\/roveyayinevi.com.tr\/index.php\/urun\/dedemin-masal-kralligi-2-set-5-kitap\/","title":{"rendered":"Dedemin Masal Krall\u0131\u011f\u0131- 2 Set (5 Kitap)"},"content":{"rendered":"<p>D\u00fcnyadaki herkesin koskocaman bir masal\u0131n i\u00e7inde olabilece\u011fini hi\u00e7 d\u00fc\u015f\u00fcnd\u00fcn m\u00fc?Peki, Yusuf ve \u201cMasal Kral\u0131\u201d dedesinin masal i\u00e7inde masal olan d\u00fcnyas\u0131yla tan\u0131\u015fmaya ne dersin?Dedemin Masal Krall\u0131\u011f\u0131 kitaplar\u0131yla hem \u00e7ok e\u011flenecek hem de birbirinden ilgin\u00e7 masallar e\u015fli\u011finde \u0130slam bilginlerini tan\u0131ma f\u0131rsat\u0131n\u0131 bulacaks\u0131n. Unutma: Bilmek haval\u0131d\u0131r! <\/p>\n","protected":false},"excerpt":{"rendered":"<p>D\u00fcnyadaki herkesin koskocaman bir masal\u0131n i\u00e7inde olabilece\u011fini hi\u00e7 d\u00fc\u015f\u00fcnd\u00fcn m\u00fc?Peki, Yusuf ve \u201cMasal Kral\u0131\u201d dedesinin masal i\u00e7inde masal olan d\u00fcnyas\u0131yla tan\u0131\u015fmaya ne dersin?Dedemin Masal Krall\u0131\u011f\u0131 kitaplar\u0131yla<span class=\"excerpt-hellip\"> [\u2026]<\/span><\/p>\n","protected":false},"featured_media":0,"template":"","meta":{"_monsterinsights_skip_tracking":false,"_monsterinsights_sitenote_active":false,"_monsterinsights_sitenote_note":"","_monsterinsights_sitenote_category":0},"product_brand":[],"product_cat":[12913,12274],"product_tag":[],"class_list":{"0":"post-708796","1":"product","2":"type-product","3":"status-publish","5":"product_cat-3-6-yas-kitaplari","6":"product_cat-cocuk-ve-genclik-kitaplari","7":"pa_cilt-ciltsiz","8":"pa_tur-kitap","9":"pa_yayinevi-timas-cocuk","10":"pa_yazar-didem-demirel","12":"first","13":"instock","14":"sale","15":"shipping-taxable","16":"purchasable","17":"product-type-simple"},"_links":{"self":[{"href":"https:\/\/roveyayinevi.com.tr\/index.php\/wp-json\/wp\/v2\/product\/708796","targetHints":{"allow":["GET"]}}],"collection":[{"href":"https:\/\/roveyayinevi.com.tr\/index.php\/wp-json\/wp\/v2\/product"}],"about":[{"href":"https:\/\/roveyayinevi.com.tr\/index.php\/wp-json\/wp\/v2\/types\/product"}],"wp:attachment":[{"href":"https:\/\/roveyayinevi.com.tr\/index.php\/wp-json\/wp\/v2\/media?parent=708796"}],"wp:term":[{"taxonomy":"product_brand","embeddable":true,"href":"https:\/\/roveyayinevi.com.tr\/index.php\/wp-json\/wp\/v2\/product_brand?post=708796"},{"taxonomy":"product_cat","embeddable":true,"href":"https:\/\/roveyayinevi.com.tr\/index.php\/wp-json\/wp\/v2\/product_cat?post=708796"},{"taxonomy":"product_tag","embeddable":true,"href":"https:\/\/roveyayinevi.com.tr\/index.php\/wp-json\/wp\/v2\/product_tag?post=708796"}],"curies":[{"name":"wp","href":"https:\/\/api.w.org\/{rel}","templated":true}]}}