{"id":708791,"date":"2025-08-27T16:18:25","date_gmt":"2025-08-27T13:18:25","guid":{"rendered":"https:\/\/roveyayinevi.com.tr\/index.php\/urun\/oznenin-olumu\/"},"modified":"2026-04-16T02:17:33","modified_gmt":"2026-04-15T23:17:33","slug":"oznenin-olumu","status":"publish","type":"product","link":"https:\/\/roveyayinevi.com.tr\/index.php\/urun\/oznenin-olumu\/","title":{"rendered":"\u00d6znenin \u00d6l\u00fcm\u00fc"},"content":{"rendered":"<p>15 Temmuz sonras\u0131nda T\u00fcrkiye&#8217;de cemaat ve siyaset d\u00fczleminde pek \u00e7ok tart\u0131\u015fma yap\u0131ld\u0131. Ancak bu tart\u0131\u015fmalarda g\u00f6zden ka\u00e7an bir \u015fey vard\u0131. Meseleleri yerli yerine oturtabilmek i\u00e7in bak\u0131\u015f\u0131m\u0131z\u0131 \u00e7evirmemiz gereken yerlerden biri de b\u00fct\u00fcn bu olanlar\u0131n kimi zaman faili kimi zaman ma\u011fduru durumunda olan \u00f6zneydi; \u00f6znenin olaylarla, d\u00fc\u015f\u00fcnceyle, zihniyetle kurdu\u011fu ili\u015fkinin niteli\u011fiydi.G\u00fclen Hareketi daha \u00f6nce bu a\u00e7\u0131dan incelenseydi, o b\u00fcy\u00fck ak\u0131l tutulmas\u0131 belki \u00e7ok daha \u00f6nceden \u00f6ng\u00f6r\u00fclebilirdi.  Himmet toplant\u0131lar\u0131n\u0131n, dershane ve okullar\u0131n asl\u0131nda bir sosyal iktidar alan\u0131 \u00f6rmek i\u00e7in kullan\u0131lan a\u011flar oldu\u011funu, bu a\u011fda tutunabilmek i\u00e7in ki\u015fiye kendi akl\u0131n\u0131 ve dahas\u0131, benli\u011fini \u00f6ld\u00fcrmekten ba\u015fka bir \u00e7are b\u0131rak\u0131lmad\u0131\u011f\u0131n\u0131, t\u00fcm ho\u015fg\u00f6r\u00fc s\u00f6ylemlerine ra\u011fmen \u00f6znenin tekilli\u011fine k\u00fc\u00e7\u00fcc\u00fck dahi olsa bir alan a\u00e7\u0131lmad\u0131\u011f\u0131n\u0131, G\u00fclen\u2019in adeta bir ilkel kabile \u015fefi gibi grup ruhunu co\u015fturmak ve y\u00f6netmek gibi efsunlay\u0131c\u0131 bir rol \u00fcstlendi\u011fini, ger\u00e7ekte t\u00fcm cemaatlerin\/hay\u0131r kurumlar\u0131n\u0131n ana amac\u0131 olan \u201chizmet\u201d kavram\u0131n\u0131n bile bir gruba m\u00fcnhas\u0131r k\u0131l\u0131nmas\u0131ndaki bencilli\u011fi g\u00f6rebilseydik ne ile kar\u015f\u0131 kar\u015f\u0131ya oldu\u011fumuzu \u00e7ok daha \u00f6nce anlayabilirdik.Prof. Dr. Erg\u00fcn Y\u0131ld\u0131r\u0131m sosyolojinin anahtar kavramlar\u0131 \u0131\u015f\u0131\u011f\u0131nda G\u00fclen Hareketinin anatomisini yap\u0131yor ve \u00f6znenin s\u00f6z konusu yap\u0131 i\u00e7indeki durumunu anlat\u0131yor. G\u00fclencili\u011fin k\u00fc\u00e7\u00fck ya\u015flardan itibaren \u00f6zneyi nas\u0131l da yok etmek istedi\u011finin hik\u00e2yesidir bu. Dava, hizmet, cemaat ve din gibi kutsal de\u011ferleri istismar ederek insan hayat\u0131na el koyman\u0131n hazin hik\u00e2yesidir. <\/p>\n","protected":false},"excerpt":{"rendered":"<p>15 Temmuz sonras\u0131nda T\u00fcrkiye&#8217;de cemaat ve siyaset d\u00fczleminde pek \u00e7ok tart\u0131\u015fma yap\u0131ld\u0131. Ancak bu tart\u0131\u015fmalarda g\u00f6zden ka\u00e7an bir \u015fey vard\u0131. Meseleleri yerli yerine oturtabilmek i\u00e7in bak\u0131\u015f\u0131m\u0131z\u0131<span class=\"excerpt-hellip\"> [\u2026]<\/span><\/p>\n","protected":false},"featured_media":0,"template":"","meta":{"_monsterinsights_skip_tracking":false,"_monsterinsights_sitenote_active":false,"_monsterinsights_sitenote_note":"","_monsterinsights_sitenote_category":0},"product_brand":[],"product_cat":[12312,12304],"product_tag":[],"class_list":{"0":"post-708791","1":"product","2":"type-product","3":"status-publish","5":"product_cat-diger","6":"product_cat-tarih","7":"pa_cilt-ciltsiz","8":"pa_tur-kitap","9":"pa_yayinevi-timas-yayinlari","10":"pa_yazar-ergun-yildirim","12":"first","13":"instock","14":"sale","15":"shipping-taxable","16":"purchasable","17":"product-type-simple"},"_links":{"self":[{"href":"https:\/\/roveyayinevi.com.tr\/index.php\/wp-json\/wp\/v2\/product\/708791","targetHints":{"allow":["GET"]}}],"collection":[{"href":"https:\/\/roveyayinevi.com.tr\/index.php\/wp-json\/wp\/v2\/product"}],"about":[{"href":"https:\/\/roveyayinevi.com.tr\/index.php\/wp-json\/wp\/v2\/types\/product"}],"wp:attachment":[{"href":"https:\/\/roveyayinevi.com.tr\/index.php\/wp-json\/wp\/v2\/media?parent=708791"}],"wp:term":[{"taxonomy":"product_brand","embeddable":true,"href":"https:\/\/roveyayinevi.com.tr\/index.php\/wp-json\/wp\/v2\/product_brand?post=708791"},{"taxonomy":"product_cat","embeddable":true,"href":"https:\/\/roveyayinevi.com.tr\/index.php\/wp-json\/wp\/v2\/product_cat?post=708791"},{"taxonomy":"product_tag","embeddable":true,"href":"https:\/\/roveyayinevi.com.tr\/index.php\/wp-json\/wp\/v2\/product_tag?post=708791"}],"curies":[{"name":"wp","href":"https:\/\/api.w.org\/{rel}","templated":true}]}}