{"id":708788,"date":"2025-08-27T16:18:23","date_gmt":"2025-08-27T13:18:23","guid":{"rendered":"https:\/\/roveyayinevi.com.tr\/index.php\/urun\/bilissel-yasantisal-teori-temelli-psiko-egitim-programi-yapilandirmaci-dusunmeyi-gelistirme\/"},"modified":"2026-04-16T02:17:33","modified_gmt":"2026-04-15T23:17:33","slug":"bilissel-yasantisal-teori-temelli-psiko-egitim-programi-yapilandirmaci-dusunmeyi-gelistirme","status":"publish","type":"product","link":"https:\/\/roveyayinevi.com.tr\/index.php\/urun\/bilissel-yasantisal-teori-temelli-psiko-egitim-programi-yapilandirmaci-dusunmeyi-gelistirme\/","title":{"rendered":"Bili\u015fsel &#8211; Ya\u015fant\u0131sal Teori Temelli Psiko &#8211; E\u011fitim Program\u0131 Yap\u0131land\u0131rmac\u0131 D\u00fc\u015f\u00fcnmeyi Geli\u015ftirme"},"content":{"rendered":"<p>\u0130nsan\u0131 di\u011fer canl\u0131lardan farkl\u0131la\u015ft\u0131ran \u00f6nemli \u00f6zelliklerden biri, onun bili\u015fsel bir sisteme sahip olmas\u0131 ve d\u00fc\u015f\u00fcnebilme yetisidir. \u0130nsan\u0131n bu bili\u015fsel sistemini kullanma bi\u00e7imi ve d\u00fc\u015f\u00fcnme stilleri onun duygular\u0131n\u0131, davran\u0131\u015flar\u0131n\u0131, hayata bak\u0131\u015f a\u00e7\u0131s\u0131n\u0131, kararlar\u0131n\u0131, kar\u015f\u0131la\u015ft\u0131\u011f\u0131 sorunlar\u0131 \u00e7\u00f6zme bi\u00e7i-mini ve ba\u015fkalar\u0131yla ili\u015fkilerini \u00f6nemli \u00f6l\u00e7\u00fcde etkilemekte-dir. Bu nedenle d\u00fc\u015f\u00fcnme ve bilgiyi i\u015fleme s\u00fcreci, \u00f6zellikle felsefenin, psikolojinin, e\u011fitimin, \u00e7e\u015fitli kuram ve d\u00fc\u015f\u00fcn\u00fcr-lerin \u00f6nemli bir konusu olmu\u015ftur. Bu ba\u011flamda bu kitapta da bili\u015fsel s\u00fcre\u00e7 ve bireyin bilgiyi i\u015fleme sistemini ele al\u0131p inceleyen kuramlardan biri olan Bili\u015fsel-Ya\u015fant\u0131sal Teorinin g\u00f6r\u00fc\u015fleri \u00f6zetlenmi\u015f ve yap\u0131land\u0131rmac\u0131 d\u00fc\u015f\u00fcnme bi\u00e7imi a\u00e7\u0131klanm\u0131\u015ft\u0131r. Ayr\u0131ca bu kitapta, deneysel bir \u00e7al\u0131\u015fmayla etkilili\u011fi kan\u0131tlanm\u0131\u015f, Bili\u015fsel-Ya\u015fant\u0131sal Teori temelli ve yap\u0131land\u0131rmac\u0131 d\u00fc\u015f\u00fcnmeyi geli\u015ftirmeyi ama\u00e7layan bir psi-ko-e\u011fitim program\u0131na ve i\u00e7eriklerine yer verilmi\u015ftir. <\/p>\n","protected":false},"excerpt":{"rendered":"<p>\u0130nsan\u0131 di\u011fer canl\u0131lardan farkl\u0131la\u015ft\u0131ran \u00f6nemli \u00f6zelliklerden biri, onun bili\u015fsel bir sisteme sahip olmas\u0131 ve d\u00fc\u015f\u00fcnebilme yetisidir. \u0130nsan\u0131n bu bili\u015fsel sistemini kullanma bi\u00e7imi ve d\u00fc\u015f\u00fcnme stilleri onun<span class=\"excerpt-hellip\"> [\u2026]<\/span><\/p>\n","protected":false},"featured_media":0,"template":"","meta":{"_monsterinsights_skip_tracking":false,"_monsterinsights_sitenote_active":false,"_monsterinsights_sitenote_note":"","_monsterinsights_sitenote_category":0},"product_brand":[],"product_cat":[12573,12566],"product_tag":[],"class_list":{"0":"post-708788","1":"product","2":"type-product","3":"status-publish","5":"product_cat-akademik-kitaplar","6":"product_cat-egitim","7":"pa_cilt-ciltsiz","8":"pa_tur-kitap","9":"pa_yayinevi-ani-yayincilik","10":"pa_yazar-mehmet-guven","12":"first","13":"instock","14":"sale","15":"shipping-taxable","16":"purchasable","17":"product-type-simple"},"_links":{"self":[{"href":"https:\/\/roveyayinevi.com.tr\/index.php\/wp-json\/wp\/v2\/product\/708788","targetHints":{"allow":["GET"]}}],"collection":[{"href":"https:\/\/roveyayinevi.com.tr\/index.php\/wp-json\/wp\/v2\/product"}],"about":[{"href":"https:\/\/roveyayinevi.com.tr\/index.php\/wp-json\/wp\/v2\/types\/product"}],"wp:attachment":[{"href":"https:\/\/roveyayinevi.com.tr\/index.php\/wp-json\/wp\/v2\/media?parent=708788"}],"wp:term":[{"taxonomy":"product_brand","embeddable":true,"href":"https:\/\/roveyayinevi.com.tr\/index.php\/wp-json\/wp\/v2\/product_brand?post=708788"},{"taxonomy":"product_cat","embeddable":true,"href":"https:\/\/roveyayinevi.com.tr\/index.php\/wp-json\/wp\/v2\/product_cat?post=708788"},{"taxonomy":"product_tag","embeddable":true,"href":"https:\/\/roveyayinevi.com.tr\/index.php\/wp-json\/wp\/v2\/product_tag?post=708788"}],"curies":[{"name":"wp","href":"https:\/\/api.w.org\/{rel}","templated":true}]}}