{"id":708787,"date":"2025-08-27T16:18:23","date_gmt":"2025-08-27T13:18:23","guid":{"rendered":"https:\/\/roveyayinevi.com.tr\/index.php\/urun\/bilissel-davranisci-yaklasima-dayali-grupla-psikolojik-danisma-uygulamalari-ve-programlari\/"},"modified":"2026-04-16T02:17:33","modified_gmt":"2026-04-15T23:17:33","slug":"bilissel-davranisci-yaklasima-dayali-grupla-psikolojik-danisma-uygulamalari-ve-programlari","status":"publish","type":"product","link":"https:\/\/roveyayinevi.com.tr\/index.php\/urun\/bilissel-davranisci-yaklasima-dayali-grupla-psikolojik-danisma-uygulamalari-ve-programlari\/","title":{"rendered":"Bili\u015fsel Davran\u0131\u015f\u00e7\u0131 Yakla\u015f\u0131ma Dayal\u0131 Grupla Psikolojik Dan\u0131\u015fma Uygulamalar\u0131 ve Programlar\u0131"},"content":{"rendered":"<p>Bireyin ya\u015fam\u0131n\u0131 ba\u015far\u0131l\u0131 ve mutlu bir \u015fekilde s\u00fcrd\u00fcrebilmesi, kar\u015f\u0131la\u015ft\u0131\u011f\u0131 sorunlarla etkili bir \u015fekilde ba\u015fedebilmesi ve ya\u015famdan doyum sa\u011flayabilmesinde bilin\u00e7li fark\u0131ndal\u0131\u011fa ve zaman y\u00f6netimi becerilerine sahip olmas\u0131n\u0131n \u00f6nemli bir etkisi vard\u0131r. Bu ba\u011flamda bu kitapta bilin\u00e7li fark\u0131ndal\u0131\u011f\u0131 ve zaman y\u00f6netimi becerilerini geli\u015ftirmeyi ama\u00e7layan ve deneysel \u00e7al\u0131\u015fmayla etkilili\u011fi kan\u0131tlanm\u0131\u015f iki grupla psikolojik dan\u0131\u015fma program\u0131na yer verilmi\u015ftir. \u0130ki programda da Bili\u015fsel-Davran\u0131\u015f\u00e7\u0131 Yakla\u015f\u0131m\u0131n baz\u0131 tekniklerinden yararlan\u0131lm\u0131\u015ft\u0131r. Bu nedenle kitab\u0131n ilk b\u00f6l\u00fcm\u00fcnde Bili\u015fsel-Davran\u0131\u015f\u00e7\u0131 Yakla\u015f\u0131ma dayal\u0131 grupla psikolojik dan\u0131\u015fma s\u00fcreci hakk\u0131nda bilgi verilmi\u015f, ikinci b\u00f6l\u00fcm\u00fcnde ise Bili\u015fsel-Davran\u0131\u015f\u00e7\u0131 Yakla\u015f\u0131ma dayal\u0131 olarak gerek yurt d\u0131\u015f\u0131nda gerekse \u00fclkemizde yap\u0131lan grupla psikolojik dan\u0131\u015fma uygulamalar\u0131na ili\u015fkin \u00e7al\u0131\u015fma \u00f6rnekleri \u00f6zetlenmi\u015ftir. Kitapta yer alan grupla psikolojik dan\u0131\u015fma programlar\u0131ndan psikolojik hizmetler alan\u0131nda \u00e7al\u0131\u015fan uzmanlar yararlanabilece\u011fi gibi, psikolojik dan\u0131\u015fma ve rehberlik alan\u0131nda e\u011fitim alan psikolojik dan\u0131\u015fman adaylar\u0131 da yararlanabilecektir.<\/p>\n","protected":false},"excerpt":{"rendered":"<p>Bireyin ya\u015fam\u0131n\u0131 ba\u015far\u0131l\u0131 ve mutlu bir \u015fekilde s\u00fcrd\u00fcrebilmesi, kar\u015f\u0131la\u015ft\u0131\u011f\u0131 sorunlarla etkili bir \u015fekilde ba\u015fedebilmesi ve ya\u015famdan doyum sa\u011flayabilmesinde bilin\u00e7li fark\u0131ndal\u0131\u011fa ve zaman y\u00f6netimi becerilerine sahip olmas\u0131n\u0131n<span class=\"excerpt-hellip\"> [\u2026]<\/span><\/p>\n","protected":false},"featured_media":0,"template":"","meta":{"_monsterinsights_skip_tracking":false,"_monsterinsights_sitenote_active":false,"_monsterinsights_sitenote_note":"","_monsterinsights_sitenote_category":0},"product_brand":[],"product_cat":[12573,12566],"product_tag":[],"class_list":{"0":"post-708787","1":"product","2":"type-product","3":"status-publish","5":"product_cat-akademik-kitaplar","6":"product_cat-egitim","7":"pa_cilt-ciltsiz","8":"pa_tur-kitap","9":"pa_yayinevi-ani-yayincilik","10":"pa_yazar-umre-kaynak","12":"first","13":"instock","14":"sale","15":"shipping-taxable","16":"purchasable","17":"product-type-simple"},"_links":{"self":[{"href":"https:\/\/roveyayinevi.com.tr\/index.php\/wp-json\/wp\/v2\/product\/708787","targetHints":{"allow":["GET"]}}],"collection":[{"href":"https:\/\/roveyayinevi.com.tr\/index.php\/wp-json\/wp\/v2\/product"}],"about":[{"href":"https:\/\/roveyayinevi.com.tr\/index.php\/wp-json\/wp\/v2\/types\/product"}],"wp:attachment":[{"href":"https:\/\/roveyayinevi.com.tr\/index.php\/wp-json\/wp\/v2\/media?parent=708787"}],"wp:term":[{"taxonomy":"product_brand","embeddable":true,"href":"https:\/\/roveyayinevi.com.tr\/index.php\/wp-json\/wp\/v2\/product_brand?post=708787"},{"taxonomy":"product_cat","embeddable":true,"href":"https:\/\/roveyayinevi.com.tr\/index.php\/wp-json\/wp\/v2\/product_cat?post=708787"},{"taxonomy":"product_tag","embeddable":true,"href":"https:\/\/roveyayinevi.com.tr\/index.php\/wp-json\/wp\/v2\/product_tag?post=708787"}],"curies":[{"name":"wp","href":"https:\/\/api.w.org\/{rel}","templated":true}]}}