{"id":708786,"date":"2025-08-27T16:18:22","date_gmt":"2025-08-27T13:18:22","guid":{"rendered":"https:\/\/roveyayinevi.com.tr\/index.php\/urun\/duygunun-dogum-gunu-armagani\/"},"modified":"2026-04-16T02:17:33","modified_gmt":"2026-04-15T23:17:33","slug":"duygunun-dogum-gunu-armagani","status":"publish","type":"product","link":"https:\/\/roveyayinevi.com.tr\/index.php\/urun\/duygunun-dogum-gunu-armagani\/","title":{"rendered":"Duygu&#8217;nun Do\u011fum G\u00fcn\u00fc Arma\u011fan\u0131"},"content":{"rendered":"<p>Ya\u015fanm\u0131\u015f bir g\u00fcn, acaba elle tutulur bir arma\u011fana nas\u0131l d\u00f6n\u00fc\u015ft\u00fcr\u00fclebilir? 24 May\u0131s Duygu\u2019nun do\u011fum g\u00fcn\u00fcd\u00fcr. Halas\u0131, 10 ya\u015f\u0131na basacak biricik ye\u011feni Duygu\u2019ya \u00e7ok \u00f6zel, \u00f6mr\u00fc boyunca unutamayaca\u011f\u0131 bir arma\u011fan d\u00fc\u015flemekte ama bunun ne olaca\u011f\u0131na bir t\u00fcrl\u00fc karar verememektedir. Neyse ki \u00e7ok ge\u00e7meden eski dostu Esin Perisi imdad\u0131na yeti\u015fir. Halas\u0131 Duygu\u2019yu hi\u00e7bir \u015feyin g\u00f6r\u00fcnd\u00fc\u011f\u00fc gibi olmad\u0131\u011f\u0131 D\u00f6n\u00fc\u015f\u00fcmler Orman\u0131\u2019na g\u00f6t\u00fcrecek ve ak\u015fam eve d\u00f6nd\u00fcklerinde ya\u015fad\u0131klar\u0131 g\u00fcn\u00fc paketleyip Duygu\u2019ya arma\u011fan edecektir.  Orman\u0131n gizli seslerine kulak vermek \u00fczere yola koyulan Duygu ve halas\u0131, binlerce y\u0131ll\u0131k efsanelerin dile gelece\u011fi, ak\u0131l almaz \u00f6yk\u00fclerin pe\u015fi s\u0131ra canlanaca\u011f\u0131 b\u00fcy\u00fcleyici bir macerayla kar\u015f\u0131 kar\u015f\u0131yad\u0131r. Gezileri boyunca kar\u015f\u0131lar\u0131na \u00e7\u0131kan bir a\u011fa\u00e7 perisinin, g\u00f6le d\u00fc\u015fen ate\u015f topunun, uykusu bozulan su perisinin ve daha nicelerinin anlataca\u011f\u0131 inan\u0131lmaz hik\u00e2yelerle kendilerini orman\u0131n sihrine kapt\u0131ran hala-ye\u011fen, gezileri boyunca pek \u00e7ok gizemli olaya tan\u0131kl\u0131k edecektir. D\u00f6n\u00fc\u015f\u00fcmler Orman\u0131, her ikisine de bamba\u015fka bir d\u00fcnyan\u0131n kap\u0131lar\u0131n\u0131 a\u00e7acakt\u0131r. Tabii, \u00f6ncelikle orman\u0131n dilini \u00e7\u00f6zebilmeleri ko\u015fuluyla\u2026 \u00c7ocuk edebiyat\u0131m\u0131z\u0131n klasikle\u015fen dizisi \u201c\u0130kiz Gezginler\u201de hayat veren arkeolog, yazar Bet\u00fcl Avun\u00e7, Duygu\u2019nun Do\u011fum G\u00fcn\u00fc Arma\u011fan\u0131 isimli kitab\u0131nda, Romal\u0131 \u015fair Ovidius\u2019un d\u00fcnyan\u0131n yarat\u0131l\u0131\u015f\u0131n\u0131 konu edindi\u011fi 15 kitapl\u0131k D\u00f6n\u00fc\u015f\u00fcmler adl\u0131 eserinden ilham alarak s\u0131ra d\u0131\u015f\u0131 bir hik\u00e2yeye yelken a\u00e7\u0131yor. Orhan Ata\u2019n\u0131n resimleriyle renklenen ser\u00fcven dolu bu kitap, mitoloji d\u00fcnyas\u0131ndan efsanevi d\u00f6n\u00fc\u015f\u00fcm \u00f6yk\u00fclerini s\u00fcr\u00fckleyici bir roman kurgusuyla birle\u015ftirerek her ya\u015ftan okur i\u00e7in keyifli bir okuma deneyimi vadediyor. <\/p>\n","protected":false},"excerpt":{"rendered":"<p>Ya\u015fanm\u0131\u015f bir g\u00fcn, acaba elle tutulur bir arma\u011fana nas\u0131l d\u00f6n\u00fc\u015ft\u00fcr\u00fclebilir? 24 May\u0131s Duygu\u2019nun do\u011fum g\u00fcn\u00fcd\u00fcr. Halas\u0131, 10 ya\u015f\u0131na basacak biricik ye\u011feni Duygu\u2019ya \u00e7ok \u00f6zel, \u00f6mr\u00fc boyunca<span class=\"excerpt-hellip\"> [\u2026]<\/span><\/p>\n","protected":false},"featured_media":0,"template":"","meta":{"_monsterinsights_skip_tracking":false,"_monsterinsights_sitenote_active":false,"_monsterinsights_sitenote_note":"","_monsterinsights_sitenote_category":0},"product_brand":[],"product_cat":[12275,12274],"product_tag":[],"class_list":{"0":"post-708786","1":"product","2":"type-product","3":"status-publish","5":"product_cat-6-12-yas-kitaplari","6":"product_cat-cocuk-ve-genclik-kitaplari","7":"pa_cilt-ciltsiz","8":"pa_tur-kitap","9":"pa_yayinevi-tudem-yayinlari","10":"pa_yazar-betul-avunc","12":"first","13":"instock","14":"sale","15":"shipping-taxable","16":"purchasable","17":"product-type-simple"},"_links":{"self":[{"href":"https:\/\/roveyayinevi.com.tr\/index.php\/wp-json\/wp\/v2\/product\/708786","targetHints":{"allow":["GET"]}}],"collection":[{"href":"https:\/\/roveyayinevi.com.tr\/index.php\/wp-json\/wp\/v2\/product"}],"about":[{"href":"https:\/\/roveyayinevi.com.tr\/index.php\/wp-json\/wp\/v2\/types\/product"}],"wp:attachment":[{"href":"https:\/\/roveyayinevi.com.tr\/index.php\/wp-json\/wp\/v2\/media?parent=708786"}],"wp:term":[{"taxonomy":"product_brand","embeddable":true,"href":"https:\/\/roveyayinevi.com.tr\/index.php\/wp-json\/wp\/v2\/product_brand?post=708786"},{"taxonomy":"product_cat","embeddable":true,"href":"https:\/\/roveyayinevi.com.tr\/index.php\/wp-json\/wp\/v2\/product_cat?post=708786"},{"taxonomy":"product_tag","embeddable":true,"href":"https:\/\/roveyayinevi.com.tr\/index.php\/wp-json\/wp\/v2\/product_tag?post=708786"}],"curies":[{"name":"wp","href":"https:\/\/api.w.org\/{rel}","templated":true}]}}