{"id":708784,"date":"2025-08-27T16:18:21","date_gmt":"2025-08-27T13:18:21","guid":{"rendered":"https:\/\/roveyayinevi.com.tr\/index.php\/urun\/yeni-cennet-moira-young-ciltli\/"},"modified":"2026-04-16T02:17:33","modified_gmt":"2026-04-15T23:17:33","slug":"yeni-cennet-moira-young-ciltli","status":"publish","type":"product","link":"https:\/\/roveyayinevi.com.tr\/index.php\/urun\/yeni-cennet-moira-young-ciltli\/","title":{"rendered":"Yeni Cennet \u2013 Moira Young (Ciltli)"},"content":{"rendered":"<p>\u201cMoira Young serinin final kitab\u0131yla okurlara m\u00fcthi\u015f bir dinamizm, heyecan ve tatmin edici bir son vadediyor.\u201d \u2013The Booklist                   \u201cYeni Cennet\u2019te kan, g\u00f6zya\u015f\u0131 ve adrenalin hi\u00e7 olmad\u0131\u011f\u0131 kadar yo\u011fun, olaylar tahmin edilemez ve heyecan dolu.\u201d \u2013Publishers Weekly    Tutkusu herkesi \u00f6l\u00fcmden kurtard\u0131. Ama \u015fimdi onlar\u0131 yerle bir edebilir\u2026   Saba, y\u0131ld\u0131zlar\u0131n onun i\u00e7in yazd\u0131\u011f\u0131n\u0131 ger\u00e7ek k\u0131lmaya ve DeMalo\u2019yu yenmeye haz\u0131rd\u0131r. Fakat bir g\u00fcn Yeni Cennet\u2019in bamba\u015fka bir haline tan\u0131k olur ve akl\u0131 iyiden iyiye kar\u0131\u015f\u0131r. Dahas\u0131 DeMalo Yeni Cennet\u2019in in\u015fas\u0131nda Saba\u2019n\u0131n kendisine yard\u0131m etmesini istemektedir. \u00dcstelik iste\u011fi yard\u0131mla da s\u0131n\u0131rl\u0131 de\u011fildir. Saba i\u00e7in s\u00fcrpriz bir teklifi de vard\u0131r.               Distopik \u00fc\u00e7lemesinin ilk iki kitab\u0131 Kan K\u0131rm\u0131z\u0131 Yol ve Asi Y\u00fcrek\u2019le okurlar\u0131n akl\u0131n\u0131 ba\u015f\u0131ndan alan Moira Young, serinin final kitab\u0131 Yeni Cennet\u2019le hik\u00e2yeyi muhte\u015fem bir finalle nihayete erdiriyor. <\/p>\n","protected":false},"excerpt":{"rendered":"<p>\u201cMoira Young serinin final kitab\u0131yla okurlara m\u00fcthi\u015f bir dinamizm, heyecan ve tatmin edici bir son vadediyor.\u201d \u2013The Booklist \u201cYeni Cennet\u2019te kan, g\u00f6zya\u015f\u0131 ve adrenalin hi\u00e7 olmad\u0131\u011f\u0131<span class=\"excerpt-hellip\"> [\u2026]<\/span><\/p>\n","protected":false},"featured_media":0,"template":"","meta":{"_monsterinsights_skip_tracking":false,"_monsterinsights_sitenote_active":false,"_monsterinsights_sitenote_note":"","_monsterinsights_sitenote_category":0},"product_brand":[],"product_cat":[12803,12291],"product_tag":[],"class_list":{"0":"post-708784","1":"product","2":"type-product","3":"status-publish","5":"product_cat-aksiyon-macera","6":"product_cat-edebiyat","7":"pa_cilt-ciltli","8":"pa_tur-kitap","9":"pa_yayinevi-ephesus-yayinlari","10":"pa_yazar-moira-young","12":"first","13":"instock","14":"sale","15":"shipping-taxable","16":"purchasable","17":"product-type-simple"},"_links":{"self":[{"href":"https:\/\/roveyayinevi.com.tr\/index.php\/wp-json\/wp\/v2\/product\/708784","targetHints":{"allow":["GET"]}}],"collection":[{"href":"https:\/\/roveyayinevi.com.tr\/index.php\/wp-json\/wp\/v2\/product"}],"about":[{"href":"https:\/\/roveyayinevi.com.tr\/index.php\/wp-json\/wp\/v2\/types\/product"}],"wp:attachment":[{"href":"https:\/\/roveyayinevi.com.tr\/index.php\/wp-json\/wp\/v2\/media?parent=708784"}],"wp:term":[{"taxonomy":"product_brand","embeddable":true,"href":"https:\/\/roveyayinevi.com.tr\/index.php\/wp-json\/wp\/v2\/product_brand?post=708784"},{"taxonomy":"product_cat","embeddable":true,"href":"https:\/\/roveyayinevi.com.tr\/index.php\/wp-json\/wp\/v2\/product_cat?post=708784"},{"taxonomy":"product_tag","embeddable":true,"href":"https:\/\/roveyayinevi.com.tr\/index.php\/wp-json\/wp\/v2\/product_tag?post=708784"}],"curies":[{"name":"wp","href":"https:\/\/api.w.org\/{rel}","templated":true}]}}