{"id":708783,"date":"2025-08-27T16:18:21","date_gmt":"2025-08-27T13:18:21","guid":{"rendered":"https:\/\/roveyayinevi.com.tr\/index.php\/urun\/demokrasi-icin-manifesto-diren\/"},"modified":"2026-04-16T02:17:33","modified_gmt":"2026-04-15T23:17:33","slug":"demokrasi-icin-manifesto-diren","status":"publish","type":"product","link":"https:\/\/roveyayinevi.com.tr\/index.php\/urun\/demokrasi-icin-manifesto-diren\/","title":{"rendered":"Demokrasi \u0130\u00e7in Manifesto Diren!"},"content":{"rendered":"<p>Se\u00e7imlerinin sonu\u00e7lar\u0131 ne olursa olsun \u201cdemokratik rejim\u201d i\u00e7in \u201cdemokratik direni\u015f\u201d sonsuza kadar s\u00fcrmelidir. \u00c7\u00fcnk\u00fc \u201cdemokratik hak ve \u00f6zg\u00fcrl\u00fckler\u201d s\u00fcrekli olarak tehdit alt\u0131ndad\u0131r!   Nas\u0131l \u201cs\u00fcrekli direni\u015f\u201d peki? Eylemle! Panelse panel&#8230; Mitingse miting&#8230; Y\u00fcr\u00fcy\u00fc\u015fse y\u00fcr\u00fcy\u00fc\u015f&#8230; Sand\u0131ksa sand\u0131k! Her t\u00fcrl\u00fc m\u00fccadele yoluyla&#8230; Evde, okulda, i\u015fte, alanlarda&#8230; Birlikte, yan yana, omuz omuza&#8230;   S\u00fcrekli \u201cdemokratik direni\u015f\u201d, demokrasinin g\u00fcvencesidir \u00e7\u00fcnk\u00fc&#8230; <\/p>\n","protected":false},"excerpt":{"rendered":"<p>Se\u00e7imlerinin sonu\u00e7lar\u0131 ne olursa olsun \u201cdemokratik rejim\u201d i\u00e7in \u201cdemokratik direni\u015f\u201d sonsuza kadar s\u00fcrmelidir. \u00c7\u00fcnk\u00fc \u201cdemokratik hak ve \u00f6zg\u00fcrl\u00fckler\u201d s\u00fcrekli olarak tehdit alt\u0131ndad\u0131r! Nas\u0131l \u201cs\u00fcrekli direni\u015f\u201d peki?<span class=\"excerpt-hellip\"> [\u2026]<\/span><\/p>\n","protected":false},"featured_media":0,"template":"","meta":{"_monsterinsights_skip_tracking":false,"_monsterinsights_sitenote_active":false,"_monsterinsights_sitenote_note":"","_monsterinsights_sitenote_category":0},"product_brand":[],"product_cat":[12337,14543],"product_tag":[],"class_list":{"0":"post-708783","1":"product","2":"type-product","3":"status-publish","5":"product_cat-politika-siyaset","6":"product_cat-turkiye-siyaseti-ve-politikasi","7":"pa_cilt-ciltsiz","8":"pa_tur-kitap","9":"pa_yayinevi-kirmizi-kedi-yayinevi","10":"pa_yazar-emre-kongar","12":"first","13":"instock","14":"sale","15":"shipping-taxable","16":"purchasable","17":"product-type-simple"},"_links":{"self":[{"href":"https:\/\/roveyayinevi.com.tr\/index.php\/wp-json\/wp\/v2\/product\/708783","targetHints":{"allow":["GET"]}}],"collection":[{"href":"https:\/\/roveyayinevi.com.tr\/index.php\/wp-json\/wp\/v2\/product"}],"about":[{"href":"https:\/\/roveyayinevi.com.tr\/index.php\/wp-json\/wp\/v2\/types\/product"}],"wp:attachment":[{"href":"https:\/\/roveyayinevi.com.tr\/index.php\/wp-json\/wp\/v2\/media?parent=708783"}],"wp:term":[{"taxonomy":"product_brand","embeddable":true,"href":"https:\/\/roveyayinevi.com.tr\/index.php\/wp-json\/wp\/v2\/product_brand?post=708783"},{"taxonomy":"product_cat","embeddable":true,"href":"https:\/\/roveyayinevi.com.tr\/index.php\/wp-json\/wp\/v2\/product_cat?post=708783"},{"taxonomy":"product_tag","embeddable":true,"href":"https:\/\/roveyayinevi.com.tr\/index.php\/wp-json\/wp\/v2\/product_tag?post=708783"}],"curies":[{"name":"wp","href":"https:\/\/api.w.org\/{rel}","templated":true}]}}