{"id":708782,"date":"2025-08-27T16:18:20","date_gmt":"2025-08-27T13:18:20","guid":{"rendered":"https:\/\/roveyayinevi.com.tr\/index.php\/urun\/mimar-sinanin-gurbette-kiliseye-cevrilen-eseri\/"},"modified":"2026-04-16T02:17:33","modified_gmt":"2026-04-15T23:17:33","slug":"mimar-sinanin-gurbette-kiliseye-cevrilen-eseri","status":"publish","type":"product","link":"https:\/\/roveyayinevi.com.tr\/index.php\/urun\/mimar-sinanin-gurbette-kiliseye-cevrilen-eseri\/","title":{"rendered":"Mimar Sinan\u2019\u0131n Gurbette Kiliseye \u00c7evrilen Eseri"},"content":{"rendered":"<p>93 Harbi ya\u015fan\u0131rken devam\u0131nda nelerin gelece\u011fini kimse bilemezdi. Hele devam\u0131nda imzalanan Berlin Antla\u015fmas\u0131\u2019n\u0131n ne ocaklar s\u00f6nd\u00fcrece\u011fini ne de bir yara olarak s\u00fcrekli kanayaca\u011f\u0131n\u0131&#8230; Sava\u015f s\u0131ras\u0131nda Balkanlarda b\u00fcy\u00fck bir mezalim uygulanmaktayd\u0131. Osmanl\u0131 izlerini silmeye yemin etmi\u015f\u00e7esine halk\u0131na ve eselerine kar\u015f\u0131 b\u00fcy\u00fck bir k\u0131y\u0131m ba\u015flam\u0131\u015ft\u0131. Hi\u00e7 \u015f\u00fcphesiz en b\u00fcy\u00fck k\u0131y\u0131mlardan biri g\u00f6r\u00fcn\u00fc\u015f itibari ile tam bir T\u00fcrk-\u0130slam \u015fehri \u00f6zelli\u011fini kazanm\u0131\u015f olan Bulgaristan&#8217;\u0131n Sofya&#8217;s\u0131nda yap\u0131lmaktayd\u0131. Kendilerince kiliselerinde \u00e7an kulesi bile bulunmad\u0131\u011f\u0131n\u0131 iddia ederek Ruslar\u0131n da b\u00fcy\u00fck deste\u011fi ile &#8220;Minare Orman\u0131&#8221; diyerek camileri minaresiz b\u0131rakm\u0131\u015flard\u0131. Nitekim bu mezalimden etkilenenler aras\u0131nda Mimar Sinan&#8217;\u0131n Sofya&#8217;daki tek eseri Sofu Mehmed Pa\u015fa Camii de vard\u0131. Sava\u015fta minaresini kaybeden camii sava\u015ftan sonra Bulgarlar\u0131n hi\u00e7bir ger\u00e7e\u011fe dayanmayarak ortaya att\u0131klar\u0131 bahanelerle kiliseye \u00e7evrilmek istenmi\u015ftir. Bunun i\u00e7in planlar projeler yap\u0131l\u0131rken devrin Bulgaristan Komiseri Necip Melhame Osmanl\u0131 H\u00fck\u00fcmetini haberdar etmemi\u015ftir. Bulgarlar\u0131n camiyi kiliseye d\u00f6n\u00fc\u015ft\u00fcrmek \u00fczere in\u015faata ba\u015flamalar\u0131ndan sonra 1902 y\u0131l\u0131nda Bulgaristan Komiserli\u011fine gelen Ali Ferruh Bey&#8217;in ilk g\u00f6revi durumdan Devlet- Aliyye&#8217;yi haberdar etmek olmu\u015ftur. Bu tarihten sonra devletten ald\u0131\u011f\u0131 emirle engelleme \u00e7al\u0131\u015fmalar\u0131na ba\u015flayan Ali Ferruh Bey&#8217;in b\u00fct\u00fcn \u00e7abalar\u0131 sonu\u00e7suz kalm\u0131\u015f ve Sofya&#8217;daki M\u00fcsl\u00fcman ahaliyi umursamadan camii kiliseye \u00e7evrilerek a\u00e7\u0131l\u0131s\u0131 yap\u0131lm\u0131\u015ft\u0131r. <\/p>\n","protected":false},"excerpt":{"rendered":"<p>93 Harbi ya\u015fan\u0131rken devam\u0131nda nelerin gelece\u011fini kimse bilemezdi. Hele devam\u0131nda imzalanan Berlin Antla\u015fmas\u0131\u2019n\u0131n ne ocaklar s\u00f6nd\u00fcrece\u011fini ne de bir yara olarak s\u00fcrekli kanayaca\u011f\u0131n\u0131&#8230; Sava\u015f s\u0131ras\u0131nda Balkanlarda<span class=\"excerpt-hellip\"> [\u2026]<\/span><\/p>\n","protected":false},"featured_media":0,"template":"","meta":{"_monsterinsights_skip_tracking":false,"_monsterinsights_sitenote_active":false,"_monsterinsights_sitenote_note":"","_monsterinsights_sitenote_category":0},"product_brand":[],"product_cat":[13512,12408],"product_tag":[],"class_list":{"0":"post-708782","1":"product","2":"type-product","3":"status-publish","5":"product_cat-mimarlik","6":"product_cat-sanat","7":"pa_cilt-ciltsiz","8":"pa_tur-kitap","9":"pa_yayinevi-yeditepe-yayinevi","10":"pa_yazar-semavi-eyice","12":"first","13":"instock","14":"sale","15":"shipping-taxable","16":"purchasable","17":"product-type-simple"},"_links":{"self":[{"href":"https:\/\/roveyayinevi.com.tr\/index.php\/wp-json\/wp\/v2\/product\/708782","targetHints":{"allow":["GET"]}}],"collection":[{"href":"https:\/\/roveyayinevi.com.tr\/index.php\/wp-json\/wp\/v2\/product"}],"about":[{"href":"https:\/\/roveyayinevi.com.tr\/index.php\/wp-json\/wp\/v2\/types\/product"}],"wp:attachment":[{"href":"https:\/\/roveyayinevi.com.tr\/index.php\/wp-json\/wp\/v2\/media?parent=708782"}],"wp:term":[{"taxonomy":"product_brand","embeddable":true,"href":"https:\/\/roveyayinevi.com.tr\/index.php\/wp-json\/wp\/v2\/product_brand?post=708782"},{"taxonomy":"product_cat","embeddable":true,"href":"https:\/\/roveyayinevi.com.tr\/index.php\/wp-json\/wp\/v2\/product_cat?post=708782"},{"taxonomy":"product_tag","embeddable":true,"href":"https:\/\/roveyayinevi.com.tr\/index.php\/wp-json\/wp\/v2\/product_tag?post=708782"}],"curies":[{"name":"wp","href":"https:\/\/api.w.org\/{rel}","templated":true}]}}