{"id":708780,"date":"2025-08-27T16:18:20","date_gmt":"2025-08-27T13:18:20","guid":{"rendered":"https:\/\/roveyayinevi.com.tr\/index.php\/urun\/tanri-bizi-ister-mi-kahire-sokaklarinda-isyan\/"},"modified":"2026-04-16T02:17:33","modified_gmt":"2026-04-15T23:17:33","slug":"tanri-bizi-ister-mi-kahire-sokaklarinda-isyan","status":"publish","type":"product","link":"https:\/\/roveyayinevi.com.tr\/index.php\/urun\/tanri-bizi-ister-mi-kahire-sokaklarinda-isyan\/","title":{"rendered":"Tanri Bizi \u0130ster Mi?\/  Kahire Sokaklar\u0131nda \u0130syan"},"content":{"rendered":"<p>&#8220;M\u0131s\u0131r, d\u00fcnya kamuoyunun tart\u0131\u015ft\u0131\u011f\u0131 siyasal \u0130slam, &#8216;Arap Bahar\u0131&#8217;, ter\u00f6r ve Ortado\u011fu sorunlar\u0131n\u0131 anlamak i\u00e7in bir anahtar g\u00f6revi g\u00f6rmektedir. Kahire ba\u015fta olmak \u00fczere Nil k\u0131y\u0131s\u0131nda ya\u015fananlar\u0131,yerinden g\u00f6zlemler ve yerel akt\u00f6rlerle g\u00f6r\u00fc\u015fmeler vas\u0131tas\u0131ylaaktaran bu \u00e7al\u0131\u015fmadan edebi anlamda da lezzet alaca\u011f\u0131n\u0131za inan\u0131yorum.&#8221;                                                                        Prof. Dr. \u0130LBER ORTAYLI   Yaln\u0131zca Bat\u0131\u2019ya bakarak tarihi, d\u00fcnyay\u0131 ve \u00fclkemizi anlamaya \u00e7al\u0131\u015fman\u0131n yanl\u0131\u015fl\u0131\u011f\u0131n\u0131, bu kitab\u0131 okuyunca daha iyi g\u00f6receksiniz. Tarih boyunca medeniyetlerin be\u015fi\u011fi olmu\u015f M\u0131s\u0131r\u2019da, 2011&#8217;de \u00e7\u0131kan isyan\u0131n etkisi hem b\u00f6lgede hem de d\u00fcnyada b\u00fcy\u00fck oldu. D\u00fcnyaca \u00fcnl\u00fc ekonomist Prof. Dr. Samir Amin, M\u0131s\u0131r\u2019\u0131n efsanevi siyaset\u00e7isi Leila Takla, Al-Wafd Partisi\u2019nin Onursal Ba\u015fkan\u0131 Ezz el-Arab, \u0130hvan liderleri, sokaklar\u0131n efendisi devrimciler, Sufiler ve elleri nas\u0131rl\u0131 kahveciler M\u0131s\u0131r&#8217;da ya\u015fananlar\u0131 anlat\u0131yor. M\u0131s\u0131r askeriyesinin siyasetteki rol\u00fc nedir? M\u0131s\u0131r\u2019da ya\u015fananlar darbe miydi yoksa devrim mi? M\u0131s\u0131r&#8217;\u0131n ileri gelenleri s\u00fcreci nas\u0131l yorumluyor? Siyasal \u0130slam, Arap Bahar\u0131, sokak hareketleri, devrimler, darbeler ve daha fazlas\u0131\u2026 <\/p>\n","protected":false},"excerpt":{"rendered":"<p>&#8220;M\u0131s\u0131r, d\u00fcnya kamuoyunun tart\u0131\u015ft\u0131\u011f\u0131 siyasal \u0130slam, &#8216;Arap Bahar\u0131&#8217;, ter\u00f6r ve Ortado\u011fu sorunlar\u0131n\u0131 anlamak i\u00e7in bir anahtar g\u00f6revi g\u00f6rmektedir. Kahire ba\u015fta olmak \u00fczere Nil k\u0131y\u0131s\u0131nda ya\u015fananlar\u0131,yerinden g\u00f6zlemler<span class=\"excerpt-hellip\"> [\u2026]<\/span><\/p>\n","protected":false},"featured_media":0,"template":"","meta":{"_monsterinsights_skip_tracking":false,"_monsterinsights_sitenote_active":false,"_monsterinsights_sitenote_note":"","_monsterinsights_sitenote_category":0},"product_brand":[],"product_cat":[12338,12337],"product_tag":[],"class_list":{"0":"post-708780","1":"product","2":"type-product","3":"status-publish","5":"product_cat-dunya-siyaseti-ve-politikasi","6":"product_cat-politika-siyaset","7":"pa_cilt-ciltsiz","8":"pa_tur-kitap","9":"pa_yayinevi-kaynak-yayinlari","10":"pa_yazar-onur-sinan-guzaltan","12":"first","13":"instock","14":"sale","15":"shipping-taxable","16":"purchasable","17":"product-type-simple"},"_links":{"self":[{"href":"https:\/\/roveyayinevi.com.tr\/index.php\/wp-json\/wp\/v2\/product\/708780","targetHints":{"allow":["GET"]}}],"collection":[{"href":"https:\/\/roveyayinevi.com.tr\/index.php\/wp-json\/wp\/v2\/product"}],"about":[{"href":"https:\/\/roveyayinevi.com.tr\/index.php\/wp-json\/wp\/v2\/types\/product"}],"wp:attachment":[{"href":"https:\/\/roveyayinevi.com.tr\/index.php\/wp-json\/wp\/v2\/media?parent=708780"}],"wp:term":[{"taxonomy":"product_brand","embeddable":true,"href":"https:\/\/roveyayinevi.com.tr\/index.php\/wp-json\/wp\/v2\/product_brand?post=708780"},{"taxonomy":"product_cat","embeddable":true,"href":"https:\/\/roveyayinevi.com.tr\/index.php\/wp-json\/wp\/v2\/product_cat?post=708780"},{"taxonomy":"product_tag","embeddable":true,"href":"https:\/\/roveyayinevi.com.tr\/index.php\/wp-json\/wp\/v2\/product_tag?post=708780"}],"curies":[{"name":"wp","href":"https:\/\/api.w.org\/{rel}","templated":true}]}}