{"id":708779,"date":"2025-08-27T16:18:19","date_gmt":"2025-08-27T13:18:19","guid":{"rendered":"https:\/\/roveyayinevi.com.tr\/index.php\/urun\/anneme-selam-soyleyin-kuslar-babisli-gunluklerim\/"},"modified":"2026-04-16T02:17:33","modified_gmt":"2026-04-15T23:17:33","slug":"anneme-selam-soyleyin-kuslar-babisli-gunluklerim","status":"publish","type":"product","link":"https:\/\/roveyayinevi.com.tr\/index.php\/urun\/anneme-selam-soyleyin-kuslar-babisli-gunluklerim\/","title":{"rendered":"Anneme Selam S\u00f6yleyin Ku\u015flar\/ Babi\u015fli G\u00fcnl\u00fcklerim"},"content":{"rendered":"<p>Mutlu ya\u015fant\u0131lar\u0131n\u0131n i\u00e7inden sonsuzlu\u011fa kanat a\u00e7an biricik annesinin yoklu\u011funu babas\u0131yla dolduran kahraman\u0131m\u0131z, daha k\u00fc\u00e7\u00fck ya\u015ftan ba\u015flayarak ya\u015fam\u0131ndan notlar d\u00fc\u015f\u00fcyor g\u00fcnl\u00fcklerine. Yazar\u0131n s\u0131cac\u0131k kaleminden duyarl\u0131l\u0131klar yaratan bir ak\u0131\u015fla y\u00fcr\u00fcyen Anneme Selam S\u00f6yleyin Ku\u015flar\u2019\u0131 okurken bir g\u00fcnl\u00fck edinme ve yazma iste\u011fi duyacaks\u0131n\u0131z\u2026 \u201cGeceydi. Lavaboya kalkm\u0131\u015ft\u0131m. Bakt\u0131m, mutfa\u011f\u0131n \u0131\u015f\u0131\u011f\u0131 yan\u0131yordu. A\u00e7\u0131k unutmu\u015f olmal\u0131y\u0131z, diye d\u00fc\u015f\u00fcn\u00fcp gitti\u011fimde babi\u015f yemek masas\u0131n\u0131n kenar\u0131na ili\u015fmi\u015f, foto\u011fraf alb\u00fcm\u00fcne bak\u0131yordu. G\u00f6zleri nemliydi, k\u0131pk\u0131rm\u0131z\u0131yd\u0131. Konu\u015fmad\u0131k hi\u00e7. Kollar\u0131n\u0131 a\u00e7t\u0131. Sar\u0131ld\u0131k. Kocaman k\u0131z oldum ama yine de oturdum babi\u015fin kuca\u011f\u0131na. Birlikte bakt\u0131k foto\u011fraflara. Karlar\u0131n i\u00e7erisinde yan yana, birbirlerine sar\u0131lm\u0131\u015flar\u2026 A\u011fa\u00e7lar\u0131n yapraklar\u0131 sapsar\u0131, yine yan yanalar\u2026 Sonra gelinle damat foto\u011fraflar\u0131\u2026 Eski bir beyaz araban\u0131n \u00f6n\u00fcndeler\u2026 \u015eimdi o arabalar ortal\u0131kta yok. Sonra minik bir bebi\u015f\u2026 Beeen!.. Y\u00fcr\u00fcmeye ilk ba\u015flad\u0131\u011f\u0131m g\u00fcnlerden beri babamla yol boyu y\u00fcr\u00fcr\u00fcz. Elimden tutarken babam bana do\u011fru biraz e\u011filirdi. Elimi b\u0131rakt\u0131 zamanla, tek ba\u015f\u0131ma y\u00fcr\u00fcd\u00fcm; ama o hep yan\u0131mdayd\u0131\u2026\u201d <\/p>\n","protected":false},"excerpt":{"rendered":"<p>Mutlu ya\u015fant\u0131lar\u0131n\u0131n i\u00e7inden sonsuzlu\u011fa kanat a\u00e7an biricik annesinin yoklu\u011funu babas\u0131yla dolduran kahraman\u0131m\u0131z, daha k\u00fc\u00e7\u00fck ya\u015ftan ba\u015flayarak ya\u015fam\u0131ndan notlar d\u00fc\u015f\u00fcyor g\u00fcnl\u00fcklerine. Yazar\u0131n s\u0131cac\u0131k kaleminden duyarl\u0131l\u0131klar yaratan bir<span class=\"excerpt-hellip\"> [\u2026]<\/span><\/p>\n","protected":false},"featured_media":0,"template":"","meta":{"_monsterinsights_skip_tracking":false,"_monsterinsights_sitenote_active":false,"_monsterinsights_sitenote_note":"","_monsterinsights_sitenote_category":0},"product_brand":[],"product_cat":[12275,12274],"product_tag":[],"class_list":{"0":"post-708779","1":"product","2":"type-product","3":"status-publish","5":"product_cat-6-12-yas-kitaplari","6":"product_cat-cocuk-ve-genclik-kitaplari","7":"pa_cilt-ciltsiz","8":"pa_tur-kitap","9":"pa_yayinevi-boyalikus-yayinlari","10":"pa_yazar-melih-yilmaz","12":"first","13":"instock","14":"sale","15":"shipping-taxable","16":"purchasable","17":"product-type-simple"},"_links":{"self":[{"href":"https:\/\/roveyayinevi.com.tr\/index.php\/wp-json\/wp\/v2\/product\/708779","targetHints":{"allow":["GET"]}}],"collection":[{"href":"https:\/\/roveyayinevi.com.tr\/index.php\/wp-json\/wp\/v2\/product"}],"about":[{"href":"https:\/\/roveyayinevi.com.tr\/index.php\/wp-json\/wp\/v2\/types\/product"}],"wp:attachment":[{"href":"https:\/\/roveyayinevi.com.tr\/index.php\/wp-json\/wp\/v2\/media?parent=708779"}],"wp:term":[{"taxonomy":"product_brand","embeddable":true,"href":"https:\/\/roveyayinevi.com.tr\/index.php\/wp-json\/wp\/v2\/product_brand?post=708779"},{"taxonomy":"product_cat","embeddable":true,"href":"https:\/\/roveyayinevi.com.tr\/index.php\/wp-json\/wp\/v2\/product_cat?post=708779"},{"taxonomy":"product_tag","embeddable":true,"href":"https:\/\/roveyayinevi.com.tr\/index.php\/wp-json\/wp\/v2\/product_tag?post=708779"}],"curies":[{"name":"wp","href":"https:\/\/api.w.org\/{rel}","templated":true}]}}