{"id":708778,"date":"2025-08-27T16:18:19","date_gmt":"2025-08-27T13:18:19","guid":{"rendered":"https:\/\/roveyayinevi.com.tr\/index.php\/urun\/yeni-anayasa-cumhurbaskanligi-sistemi-yeni-turkiye\/"},"modified":"2026-04-16T02:17:33","modified_gmt":"2026-04-15T23:17:33","slug":"yeni-anayasa-cumhurbaskanligi-sistemi-yeni-turkiye","status":"publish","type":"product","link":"https:\/\/roveyayinevi.com.tr\/index.php\/urun\/yeni-anayasa-cumhurbaskanligi-sistemi-yeni-turkiye\/","title":{"rendered":"Yeni Anayasa Cumhurba\u015fkanl\u0131\u011f\u0131 Sistemi Yeni T\u00fcrkiye"},"content":{"rendered":"<p>Karar an\u0131 gelip \u00e7att\u0131\u011f\u0131nda, kafan\u0131zda tek bir soru i\u015fareti bile kalmamas\u0131 i\u00e7in olabilecek t\u00fcm senaryo ve arg\u00fcmanlar konunun uzmanlar\u0131na soruldu. Prof. Dr. Mehmet Akif Ayd\u0131n, Dr. Yusuf Kaplan, Metin K\u00fcl\u00fcnk, Prof. Dr. Ebubekir Sofuo\u011flu, Abdurrahman Dilipak, Prof. Dr. Mazhar Ba\u011fl\u0131, Erol Erdo\u011fan, Azmi Ekinci, \u015eevki Y\u0131lmaz, Avni \u00d6zg\u00fcrel, \u015eamil Tayyar, Prof. Dr. Haluk Alkan, Av. Fatma Benli, Dr. \u0130hsan Akta\u015f, Ayten \u00c7al\u0131\u015f, S\u00fcleyman \u00d6z\u0131\u015f\u0131k, Av. Cavit Tatl\u0131 ve Prof. Dr. Bahattin T\u00fcretken ge\u00e7mi\u015fi, bug\u00fcn\u00fc ve gelece\u011fiyle yeni sistemi analiz etti. \u0130\u015fte kitapta sizler i\u00e7in cevab\u0131 aranm\u0131\u015f sorular ve sorunlar\u0131n ana hatlar\u0131: \u00b7         Cumhurba\u015fkanl\u0131\u011f\u0131 H\u00fck\u00fcmet Sistemi ile T\u00fcrk siyasetinde &#8220;kanserle\u015fmi\u015f&#8221; hangi sorunlara \u00e7\u00f6z\u00fcm bulunacak? \u00b7         Yeni sistem, parlamenter d\u00fczendeki cumhurba\u015fkan\u0131 &#8211; ba\u015fbakan aras\u0131ndaki \u00e7ift ba\u015fl\u0131l\u0131\u011f\u0131 ortadan kald\u0131racak m\u0131? \u00b7         Cumhurba\u015fkanl\u0131\u011f\u0131 makam\u0131n\u0131 milletten ayr\u0131, sadece devleti koruyan bir otorite olarak in\u015fa edenlerin amac\u0131 ne idi? Anayasa de\u011fi\u015fikli\u011fi s\u00fcrecinde ayn\u0131 odaklar\u0131n taraf\u0131 ne oldu? \u00b7         T\u00fcrkiye&#8217;de g\u00fc\u00e7l\u00fc tek parti iktidarlar\u0131n\u0131 sona erdiren askeri darbelerin ve muht\u0131ralar\u0131n as\u0131l ama\u00e7lar\u0131 neydi? Arkalar\u0131nda kimler vard\u0131? \u00b7         Yeni cumhurba\u015fkanl\u0131\u011f\u0131 sistemi \u0130slam \u00e2leminin b\u00f6l\u00fcnm\u00fc\u015fl\u00fc\u011f\u00fcn\u00fc sona erdirebilir mi? <\/p>\n","protected":false},"excerpt":{"rendered":"<p>Karar an\u0131 gelip \u00e7att\u0131\u011f\u0131nda, kafan\u0131zda tek bir soru i\u015fareti bile kalmamas\u0131 i\u00e7in olabilecek t\u00fcm senaryo ve arg\u00fcmanlar konunun uzmanlar\u0131na soruldu. Prof. Dr. Mehmet Akif Ayd\u0131n, Dr.<span class=\"excerpt-hellip\"> [\u2026]<\/span><\/p>\n","protected":false},"featured_media":0,"template":"","meta":{"_monsterinsights_skip_tracking":false,"_monsterinsights_sitenote_active":false,"_monsterinsights_sitenote_note":"","_monsterinsights_sitenote_category":0},"product_brand":[],"product_cat":[12337,14543],"product_tag":[],"class_list":{"0":"post-708778","1":"product","2":"type-product","3":"status-publish","5":"product_cat-politika-siyaset","6":"product_cat-turkiye-siyaseti-ve-politikasi","7":"pa_cilt-ciltsiz","8":"pa_tur-kitap","9":"pa_yayinevi-hayykitap","10":"pa_yazar-hacer-hanic","12":"first","13":"instock","14":"sale","15":"shipping-taxable","16":"purchasable","17":"product-type-simple"},"_links":{"self":[{"href":"https:\/\/roveyayinevi.com.tr\/index.php\/wp-json\/wp\/v2\/product\/708778","targetHints":{"allow":["GET"]}}],"collection":[{"href":"https:\/\/roveyayinevi.com.tr\/index.php\/wp-json\/wp\/v2\/product"}],"about":[{"href":"https:\/\/roveyayinevi.com.tr\/index.php\/wp-json\/wp\/v2\/types\/product"}],"wp:attachment":[{"href":"https:\/\/roveyayinevi.com.tr\/index.php\/wp-json\/wp\/v2\/media?parent=708778"}],"wp:term":[{"taxonomy":"product_brand","embeddable":true,"href":"https:\/\/roveyayinevi.com.tr\/index.php\/wp-json\/wp\/v2\/product_brand?post=708778"},{"taxonomy":"product_cat","embeddable":true,"href":"https:\/\/roveyayinevi.com.tr\/index.php\/wp-json\/wp\/v2\/product_cat?post=708778"},{"taxonomy":"product_tag","embeddable":true,"href":"https:\/\/roveyayinevi.com.tr\/index.php\/wp-json\/wp\/v2\/product_tag?post=708778"}],"curies":[{"name":"wp","href":"https:\/\/api.w.org\/{rel}","templated":true}]}}