{"id":708776,"date":"2025-08-27T16:18:18","date_gmt":"2025-08-27T13:18:18","guid":{"rendered":"https:\/\/roveyayinevi.com.tr\/index.php\/urun\/kiralik-onur\/"},"modified":"2026-04-16T02:17:33","modified_gmt":"2026-04-15T23:17:33","slug":"kiralik-onur","status":"publish","type":"product","link":"https:\/\/roveyayinevi.com.tr\/index.php\/urun\/kiralik-onur\/","title":{"rendered":"Kiral\u0131k Onur"},"content":{"rendered":"<p>\u0130lk kez, \u00fcniversitede yollar\u0131 kesi\u015fen iki farkl\u0131 insan&#8230; Bir yanda, ka\u00e7ak\u00e7\u0131l\u0131k yaparak ge\u00e7imini sa\u011flayan bir ailenin \u00e7ocu\u011fu, Kilisli yoksul bir K\u00fcrt; di\u011fer yanda, \u0130ttihat ve Terakki d\u00f6neminde bakanl\u0131k yapm\u0131\u015f bir dedenin torunu, varl\u0131kl\u0131 ve tan\u0131nm\u0131\u015f bir Beyaz T\u00fcrk&#8230; Birbirine neredeyse tamamen z\u0131t oldu\u011fu halde, b\u00fct\u00fcn siyasi didi\u015fmelerin ve tart\u0131\u015fmalar\u0131n ard\u0131ndan birbirlerine daha s\u0131k\u0131 sar\u0131lan bir dostluk. \u00d6yle ki, \u00f6l\u00fcme bile birlikte gidecek kadar&#8230; \u0130ki insan\u0131n d\u00fcnyay\u0131, ge\u00e7mi\u015fi, siyaseti s\u00fcrekli olarak sorgulayan uzun sohbetleri aras\u0131nda ak\u0131p giden hayat ve fonda her daim karanl\u0131k, her daim puslu bir T\u00fcrkiye foto\u011fraf\u0131&#8230; Bu puslu ortamda, onurunu korumaya \u00e7al\u0131\u015fanlara ve can\u0131n\u0131 ortaya koyarak m\u00fccadele edenlere kar\u015f\u0131 siyasi kumpaslar kuran, d\u0131\u015f m\u00fcdahalelere alk\u0131\u015f tutan, kendi halk\u0131n\u0131n \u00fczerine ate\u015f a\u00e7an bir g\u00fcruh&#8230;  Kiral\u0131k Onur, yaln\u0131zca son birka\u00e7 y\u0131lda ya\u015fananlar\u0131 de\u011fil; 15 Temmuz darbe giri\u015fimi, 17\/25 Aral\u0131k ve Gezi olaylar\u0131 \u00fczerinden asl\u0131nda T\u00fcrkiye\u2019de ya\u015fanan b\u00fct\u00fcn darbeleri, muht\u0131ralar\u0131, i\u015fgalleri, m\u00fcdahaleleri ele alan, onlar\u0131 sorgulayan ve ele\u015ftiren; milli iradenin g\u00fcc\u00fcne ve onu ayakta tutan inanca vurgu yapan bir roman\u2026 <\/p>\n","protected":false},"excerpt":{"rendered":"<p>\u0130lk kez, \u00fcniversitede yollar\u0131 kesi\u015fen iki farkl\u0131 insan&#8230; Bir yanda, ka\u00e7ak\u00e7\u0131l\u0131k yaparak ge\u00e7imini sa\u011flayan bir ailenin \u00e7ocu\u011fu, Kilisli yoksul bir K\u00fcrt; di\u011fer yanda, \u0130ttihat ve Terakki<span class=\"excerpt-hellip\"> [\u2026]<\/span><\/p>\n","protected":false},"featured_media":0,"template":"","meta":{"_monsterinsights_skip_tracking":false,"_monsterinsights_sitenote_active":false,"_monsterinsights_sitenote_note":"","_monsterinsights_sitenote_category":0},"product_brand":[],"product_cat":[12291,12711],"product_tag":[],"class_list":{"0":"post-708776","1":"product","2":"type-product","3":"status-publish","5":"product_cat-edebiyat","6":"product_cat-roman-oyku","7":"pa_cilt-ciltsiz","8":"pa_tur-kitap","9":"pa_yayinevi-timas-yayinlari","10":"pa_yazar-salim-kose","12":"first","13":"instock","14":"sale","15":"shipping-taxable","16":"purchasable","17":"product-type-simple"},"_links":{"self":[{"href":"https:\/\/roveyayinevi.com.tr\/index.php\/wp-json\/wp\/v2\/product\/708776","targetHints":{"allow":["GET"]}}],"collection":[{"href":"https:\/\/roveyayinevi.com.tr\/index.php\/wp-json\/wp\/v2\/product"}],"about":[{"href":"https:\/\/roveyayinevi.com.tr\/index.php\/wp-json\/wp\/v2\/types\/product"}],"wp:attachment":[{"href":"https:\/\/roveyayinevi.com.tr\/index.php\/wp-json\/wp\/v2\/media?parent=708776"}],"wp:term":[{"taxonomy":"product_brand","embeddable":true,"href":"https:\/\/roveyayinevi.com.tr\/index.php\/wp-json\/wp\/v2\/product_brand?post=708776"},{"taxonomy":"product_cat","embeddable":true,"href":"https:\/\/roveyayinevi.com.tr\/index.php\/wp-json\/wp\/v2\/product_cat?post=708776"},{"taxonomy":"product_tag","embeddable":true,"href":"https:\/\/roveyayinevi.com.tr\/index.php\/wp-json\/wp\/v2\/product_tag?post=708776"}],"curies":[{"name":"wp","href":"https:\/\/api.w.org\/{rel}","templated":true}]}}