{"id":708773,"date":"2025-08-27T16:18:16","date_gmt":"2025-08-27T13:18:16","guid":{"rendered":"https:\/\/roveyayinevi.com.tr\/index.php\/urun\/hidayet\/"},"modified":"2025-11-13T04:08:25","modified_gmt":"2025-11-13T01:08:25","slug":"hidayet","status":"publish","type":"product","link":"https:\/\/roveyayinevi.com.tr\/index.php\/urun\/hidayet\/","title":{"rendered":"Hidayet"},"content":{"rendered":"<p>\u015eule Y\u00fcksel \u015eenler, ba\u015fta Huzur Soka\u011f\u0131 olmak \u00fczere yazd\u0131\u011f\u0131 kitaplarla, verdi\u011fi konferanslarla birka\u00e7 neslin inanc\u0131yla tan\u0131\u015fmas\u0131na, \u015fuurlu bir hayat\u0131 se\u00e7mesine \u00f6nc\u00fcl\u00fck eden isimlerin ba\u015f\u0131nda gelen bir kanaat \u00f6nderi. Bug\u00fcn\u00fcn T\u00fcrkiye\u2019sini kuran aksiyon ve d\u00fc\u015f\u00fcnce mimarlar\u0131ndan biri.Hidayet, bir Demir Perde \u00fclkesinde d\u00fcnyaya gelen, anne babas\u0131n\u0131n ve \u00fclke rejiminin sertli\u011fine ra\u011fmen gencecik ya\u015f\u0131nda verdi\u011fi cesur bir kararla M\u00fcsl\u00fcman olmu\u015f bir gen\u00e7 k\u0131z\u0131n, Maria\u2019dan Cemile\u2019ye d\u00f6n\u00fc\u015fmesinin hik\u00e2yesi. \u015eenler, Hidayet ad\u0131n\u0131 verdi\u011fi kitab\u0131nda Barbara, Maria, Crean iken Cemile, Salime olmay\u0131 se\u00e7mi\u015f, \u0130slamiyet\u2019le tan\u0131\u015ft\u0131ktan sonra adeta yeniden do\u011fmu\u015f gen\u00e7 kad\u0131nlar\u0131n ibretlik \u00f6yk\u00fclerini anlat\u0131yor. Ve esas\u0131nda kula\u011f\u0131m\u0131za \u015funu f\u0131s\u0131ld\u0131yor: Hidayet asl\u0131nda yan\u0131 ba\u015f\u0131n\u0131zda\u2026 <\/p>\n","protected":false},"excerpt":{"rendered":"<p>\u015eule Y\u00fcksel \u015eenler, ba\u015fta Huzur Soka\u011f\u0131 olmak \u00fczere yazd\u0131\u011f\u0131 kitaplarla, verdi\u011fi konferanslarla birka\u00e7 neslin inanc\u0131yla tan\u0131\u015fmas\u0131na, \u015fuurlu bir hayat\u0131 se\u00e7mesine \u00f6nc\u00fcl\u00fck eden isimlerin ba\u015f\u0131nda gelen bir<span class=\"excerpt-hellip\"> [\u2026]<\/span><\/p>\n","protected":false},"featured_media":0,"template":"","meta":{"_monsterinsights_skip_tracking":false,"_monsterinsights_sitenote_active":false,"_monsterinsights_sitenote_note":"","_monsterinsights_sitenote_category":0},"product_brand":[],"product_cat":[12718,12719],"product_tag":[],"class_list":{"0":"post-708773","1":"product","2":"type-product","3":"status-publish","5":"product_cat-din","6":"product_cat-islam","7":"pa_cilt-ciltsiz","8":"pa_tur-kitap","9":"pa_yayinevi-timas-yayinlari","10":"pa_yazar-sule-yuksel-senler","12":"first","13":"instock","14":"sale","15":"shipping-taxable","16":"purchasable","17":"product-type-simple"},"_links":{"self":[{"href":"https:\/\/roveyayinevi.com.tr\/index.php\/wp-json\/wp\/v2\/product\/708773","targetHints":{"allow":["GET"]}}],"collection":[{"href":"https:\/\/roveyayinevi.com.tr\/index.php\/wp-json\/wp\/v2\/product"}],"about":[{"href":"https:\/\/roveyayinevi.com.tr\/index.php\/wp-json\/wp\/v2\/types\/product"}],"wp:attachment":[{"href":"https:\/\/roveyayinevi.com.tr\/index.php\/wp-json\/wp\/v2\/media?parent=708773"}],"wp:term":[{"taxonomy":"product_brand","embeddable":true,"href":"https:\/\/roveyayinevi.com.tr\/index.php\/wp-json\/wp\/v2\/product_brand?post=708773"},{"taxonomy":"product_cat","embeddable":true,"href":"https:\/\/roveyayinevi.com.tr\/index.php\/wp-json\/wp\/v2\/product_cat?post=708773"},{"taxonomy":"product_tag","embeddable":true,"href":"https:\/\/roveyayinevi.com.tr\/index.php\/wp-json\/wp\/v2\/product_tag?post=708773"}],"curies":[{"name":"wp","href":"https:\/\/api.w.org\/{rel}","templated":true}]}}