{"id":708772,"date":"2025-08-27T16:18:15","date_gmt":"2025-08-27T13:18:15","guid":{"rendered":"https:\/\/roveyayinevi.com.tr\/index.php\/urun\/eyvah-kardesim-kayboldu-merakli-salsal-10\/"},"modified":"2026-04-16T02:17:33","modified_gmt":"2026-04-15T23:17:33","slug":"eyvah-kardesim-kayboldu-merakli-salsal-10","status":"publish","type":"product","link":"https:\/\/roveyayinevi.com.tr\/index.php\/urun\/eyvah-kardesim-kayboldu-merakli-salsal-10\/","title":{"rendered":"Eyvah Karde\u015fim Kayboldu &#8211; Merakl\u0131 Salsal 10"},"content":{"rendered":"<p>Salyangoz Salsal karde\u015fi, annesi ve babas\u0131yla yemye\u015fil bir ormanda ya\u015f\u0131yor. Biraz saf, biraz merakl\u0131&#8230; Bazen muz\u0131r, bazen \u00e7ok uslu&#8230; Yani t\u00fcm minik salyangozlar gibi&#8230; Ara\u015ft\u0131rmay\u0131 \u00e7ok seviyor, hayat\u0131 yeni yeni \u00f6\u011freniyor. Bu kitaplarda Salsal&#8217;\u0131n yaramazl\u0131klar\u0131na, deneyimlerine, \u00f6\u011frendiklerine \u015fahit olacaks\u0131n\u0131z. Onun saf sorular\u0131, endi\u015feleri, arkada\u015flar\u0131yla ya\u015fad\u0131\u011f\u0131 maceralar hepinizi \u00e7ok e\u011flendirecek! <\/p>\n","protected":false},"excerpt":{"rendered":"<p>Salyangoz Salsal karde\u015fi, annesi ve babas\u0131yla yemye\u015fil bir ormanda ya\u015f\u0131yor. Biraz saf, biraz merakl\u0131&#8230; Bazen muz\u0131r, bazen \u00e7ok uslu&#8230; Yani t\u00fcm minik salyangozlar gibi&#8230; Ara\u015ft\u0131rmay\u0131 \u00e7ok<span class=\"excerpt-hellip\"> [\u2026]<\/span><\/p>\n","protected":false},"featured_media":0,"template":"","meta":{"_monsterinsights_skip_tracking":false,"_monsterinsights_sitenote_active":false,"_monsterinsights_sitenote_note":"","_monsterinsights_sitenote_category":0},"product_brand":[],"product_cat":[12913,12274],"product_tag":[],"class_list":{"0":"post-708772","1":"product","2":"type-product","3":"status-publish","5":"product_cat-3-6-yas-kitaplari","6":"product_cat-cocuk-ve-genclik-kitaplari","7":"pa_cilt-ciltsiz","8":"pa_tur-kitap","9":"pa_yayinevi-timas-cocuk","10":"pa_yazar-asiye-asli-aslaner","12":"first","13":"instock","14":"sale","15":"shipping-taxable","16":"purchasable","17":"product-type-simple"},"_links":{"self":[{"href":"https:\/\/roveyayinevi.com.tr\/index.php\/wp-json\/wp\/v2\/product\/708772","targetHints":{"allow":["GET"]}}],"collection":[{"href":"https:\/\/roveyayinevi.com.tr\/index.php\/wp-json\/wp\/v2\/product"}],"about":[{"href":"https:\/\/roveyayinevi.com.tr\/index.php\/wp-json\/wp\/v2\/types\/product"}],"wp:attachment":[{"href":"https:\/\/roveyayinevi.com.tr\/index.php\/wp-json\/wp\/v2\/media?parent=708772"}],"wp:term":[{"taxonomy":"product_brand","embeddable":true,"href":"https:\/\/roveyayinevi.com.tr\/index.php\/wp-json\/wp\/v2\/product_brand?post=708772"},{"taxonomy":"product_cat","embeddable":true,"href":"https:\/\/roveyayinevi.com.tr\/index.php\/wp-json\/wp\/v2\/product_cat?post=708772"},{"taxonomy":"product_tag","embeddable":true,"href":"https:\/\/roveyayinevi.com.tr\/index.php\/wp-json\/wp\/v2\/product_tag?post=708772"}],"curies":[{"name":"wp","href":"https:\/\/api.w.org\/{rel}","templated":true}]}}