{"id":708770,"date":"2025-08-27T16:18:14","date_gmt":"2025-08-27T13:18:14","guid":{"rendered":"https:\/\/roveyayinevi.com.tr\/index.php\/urun\/kendine-ait-bir-ada\/"},"modified":"2026-04-16T02:17:33","modified_gmt":"2026-04-15T23:17:33","slug":"kendine-ait-bir-ada","status":"publish","type":"product","link":"https:\/\/roveyayinevi.com.tr\/index.php\/urun\/kendine-ait-bir-ada\/","title":{"rendered":"Kendine Ait Bir Ada"},"content":{"rendered":"<p>Annelerinin \u00f6l\u00fcm\u00fcn\u00fcn ard\u0131ndan, kendi ayaklar\u0131 \u00fczerinde durmay\u0131 \u00f6\u011frenmeye \u00e7al\u0131\u015fan Holly, Jonathan ve Davy isimli \u00fc\u00e7 karde\u015fin hayatla m\u00fccadelesi&#8230;Ailenin zengin ama huysuz halas\u0131 Irene hastaland\u0131\u011f\u0131nda, kendisini ziyarete gelen \u00e7ocuklara gizemli bir foto\u011fraf alb\u00fcm\u00fc hediye eder. Gizemli foto\u011fraf alb\u00fcm\u00fcyle beraber kendilerine miras kalan m\u00fccevherleri aramak i\u00e7in \u00e7\u0131kt\u0131klar\u0131 bu yolculuk onlara bir \u00e7ok \u015fey katarken, sizleri de derinden etkileyecek.\u2018Fevkalade\u2026harika bir hik\u00e2ye\u2019 Lorna Bradbury, Telegraph \u2018S\u00fcr\u00fckleyici ve tamamiyle \u00fcrpertici\u2019Bookseller  \u2018Yazmak bir \u00e7e\u015fit b\u00fcy\u00fc  ve Sally bu sanat\u0131n ger\u00e7ek bir uygulay\u0131c\u0131s\u0131\u2019Katy Moran\u2019\u0131n Kitap Ele\u015ftirisi Blogu \u2018Bu kitab\u0131 seviyorum\u2019Jacqueline Wilson <\/p>\n","protected":false},"excerpt":{"rendered":"<p>Annelerinin \u00f6l\u00fcm\u00fcn\u00fcn ard\u0131ndan, kendi ayaklar\u0131 \u00fczerinde durmay\u0131 \u00f6\u011frenmeye \u00e7al\u0131\u015fan Holly, Jonathan ve Davy isimli \u00fc\u00e7 karde\u015fin hayatla m\u00fccadelesi&#8230;Ailenin zengin ama huysuz halas\u0131 Irene hastaland\u0131\u011f\u0131nda, kendisini ziyarete<span class=\"excerpt-hellip\"> [\u2026]<\/span><\/p>\n","protected":false},"featured_media":0,"template":"","meta":{"_monsterinsights_skip_tracking":false,"_monsterinsights_sitenote_active":false,"_monsterinsights_sitenote_note":"","_monsterinsights_sitenote_category":0},"product_brand":[],"product_cat":[12291,12711],"product_tag":[],"class_list":{"0":"post-708770","1":"product","2":"type-product","3":"status-publish","5":"product_cat-edebiyat","6":"product_cat-roman-oyku","7":"pa_cilt-ciltsiz","8":"pa_tur-kitap","9":"pa_yayinevi-genc-timas","10":"pa_yazar-sally-nicholls","12":"first","13":"instock","14":"sale","15":"shipping-taxable","16":"purchasable","17":"product-type-simple"},"_links":{"self":[{"href":"https:\/\/roveyayinevi.com.tr\/index.php\/wp-json\/wp\/v2\/product\/708770","targetHints":{"allow":["GET"]}}],"collection":[{"href":"https:\/\/roveyayinevi.com.tr\/index.php\/wp-json\/wp\/v2\/product"}],"about":[{"href":"https:\/\/roveyayinevi.com.tr\/index.php\/wp-json\/wp\/v2\/types\/product"}],"wp:attachment":[{"href":"https:\/\/roveyayinevi.com.tr\/index.php\/wp-json\/wp\/v2\/media?parent=708770"}],"wp:term":[{"taxonomy":"product_brand","embeddable":true,"href":"https:\/\/roveyayinevi.com.tr\/index.php\/wp-json\/wp\/v2\/product_brand?post=708770"},{"taxonomy":"product_cat","embeddable":true,"href":"https:\/\/roveyayinevi.com.tr\/index.php\/wp-json\/wp\/v2\/product_cat?post=708770"},{"taxonomy":"product_tag","embeddable":true,"href":"https:\/\/roveyayinevi.com.tr\/index.php\/wp-json\/wp\/v2\/product_tag?post=708770"}],"curies":[{"name":"wp","href":"https:\/\/api.w.org\/{rel}","templated":true}]}}