{"id":708768,"date":"2025-08-27T16:18:13","date_gmt":"2025-08-27T13:18:13","guid":{"rendered":"https:\/\/roveyayinevi.com.tr\/index.php\/urun\/gunes-kavgasi-butun-siirleri\/"},"modified":"2026-04-16T02:17:33","modified_gmt":"2026-04-15T23:17:33","slug":"gunes-kavgasi-butun-siirleri","status":"publish","type":"product","link":"https:\/\/roveyayinevi.com.tr\/index.php\/urun\/gunes-kavgasi-butun-siirleri\/","title":{"rendered":"G\u00fcne\u015f Kavgasi B\u00fct\u00fcn \u015eiirleri"},"content":{"rendered":"<p>\u00d6zt\u00fcrk\u00e7enin \u015fairidir Tahsin Sara\u00e7. Yeni s\u00f6zc\u00fcklerden s\u00fczer \u015fiirini. Bu \u00f6zelli\u011fiyle g\u00fcn\u00fcm\u00fczdeki \u00f6b\u00fcr \u015fairlerden ayr\u0131l\u0131yor. \u015eiirsel y\u00fck onda yeni s\u00f6zc\u00fcklerle d\u00fc\u011f\u00fcmlenir. Tahsin Sara\u00e7\u2019\u0131n \u015fiirinde \u00e7a\u011fda\u015f ortam arkaik g\u00f6r\u00fcn\u00fcmlerle belirir; o g\u00f6r\u00fcn\u00fcmler yeni s\u00f6zc\u00fcklere dayan\u0131larak kurulur; durum, insan ili\u015fkileri, soyutlanarak, bir ilk yal\u0131nl\u0131\u011fa g\u00f6t\u00fcr\u00fcl\u00fcr; d\u00fc\u015f\u00fcnsel \u00f6z, hi\u00e7 y\u0131pranmam\u0131\u015f imgelerle yans\u0131t\u0131l\u0131r; Anadolu insan\u0131n\u0131n tarihsel duygu birikimi ve toplumsal tavr\u0131 yeni bir ses halinde f\u0131\u015fk\u0131r\u0131r; \u00f6zt\u00fcrk\u00e7e s\u00f6zc\u00fcklerin birer \u00e7\u0131\u011fl\u0131k gibi y\u00fckseldi\u011fini g\u00f6r\u00fcrs\u00fcn\u00fcz orada; a\u011f\u0131t ileriye do\u011fru sevgi s\u00f6z\u00fc niteli\u011fi kazan\u0131r, hayat\u0131n de\u011fi\u015ftirilmesi plan\u0131nda yeni bir silah olur. Tahsin Sara\u00e7 bunu yaparken zengin bir edebiyat ve k\u00fclt\u00fcr deneyinden \u00e7\u0131kmakta, yeni bir duyarl\u0131\u011f\u0131n ayr\u0131nt\u0131lar\u0131n\u0131 \u00f6n\u00fcm\u00fcze sermektedir. \u0130lgin\u00e7 bir giri\u015fim, par\u0131lt\u0131l\u0131 bir \u015fiir, ger\u00e7ek bir \u015fair.  (Cemal S\u00fcreya) <\/p>\n","protected":false},"excerpt":{"rendered":"<p>\u00d6zt\u00fcrk\u00e7enin \u015fairidir Tahsin Sara\u00e7. Yeni s\u00f6zc\u00fcklerden s\u00fczer \u015fiirini. Bu \u00f6zelli\u011fiyle g\u00fcn\u00fcm\u00fczdeki \u00f6b\u00fcr \u015fairlerden ayr\u0131l\u0131yor. \u015eiirsel y\u00fck onda yeni s\u00f6zc\u00fcklerle d\u00fc\u011f\u00fcmlenir. Tahsin Sara\u00e7\u2019\u0131n \u015fiirinde \u00e7a\u011fda\u015f ortam arkaik<span class=\"excerpt-hellip\"> [\u2026]<\/span><\/p>\n","protected":false},"featured_media":0,"template":"","meta":{"_monsterinsights_skip_tracking":false,"_monsterinsights_sitenote_active":false,"_monsterinsights_sitenote_note":"","_monsterinsights_sitenote_category":0},"product_brand":[],"product_cat":[12291,12509],"product_tag":[],"class_list":{"0":"post-708768","1":"product","2":"type-product","3":"status-publish","5":"product_cat-edebiyat","6":"product_cat-siir","7":"pa_cilt-ciltsiz","8":"pa_tur-kitap","9":"pa_yayinevi-ayrinti-yayinlari","10":"pa_yazar-tahsin-sarac","12":"first","13":"instock","14":"sale","15":"shipping-taxable","16":"purchasable","17":"product-type-simple"},"_links":{"self":[{"href":"https:\/\/roveyayinevi.com.tr\/index.php\/wp-json\/wp\/v2\/product\/708768","targetHints":{"allow":["GET"]}}],"collection":[{"href":"https:\/\/roveyayinevi.com.tr\/index.php\/wp-json\/wp\/v2\/product"}],"about":[{"href":"https:\/\/roveyayinevi.com.tr\/index.php\/wp-json\/wp\/v2\/types\/product"}],"wp:attachment":[{"href":"https:\/\/roveyayinevi.com.tr\/index.php\/wp-json\/wp\/v2\/media?parent=708768"}],"wp:term":[{"taxonomy":"product_brand","embeddable":true,"href":"https:\/\/roveyayinevi.com.tr\/index.php\/wp-json\/wp\/v2\/product_brand?post=708768"},{"taxonomy":"product_cat","embeddable":true,"href":"https:\/\/roveyayinevi.com.tr\/index.php\/wp-json\/wp\/v2\/product_cat?post=708768"},{"taxonomy":"product_tag","embeddable":true,"href":"https:\/\/roveyayinevi.com.tr\/index.php\/wp-json\/wp\/v2\/product_tag?post=708768"}],"curies":[{"name":"wp","href":"https:\/\/api.w.org\/{rel}","templated":true}]}}