{"id":708767,"date":"2025-08-27T16:18:13","date_gmt":"2025-08-27T13:18:13","guid":{"rendered":"https:\/\/roveyayinevi.com.tr\/index.php\/urun\/yeteneksiz\/"},"modified":"2026-04-16T02:17:33","modified_gmt":"2026-04-15T23:17:33","slug":"yeteneksiz","status":"publish","type":"product","link":"https:\/\/roveyayinevi.com.tr\/index.php\/urun\/yeteneksiz\/","title":{"rendered":"Yeteneksiz"},"content":{"rendered":"<p>\u00dcst\u00fcn yetenek mektubu elimde h\u0131\u015f\u0131rdad\u0131. Akademi\u2019ye gidersem beni bulamazd\u0131. Oras\u0131 s\u00fcper zek\u00e2larla \u00f6rnek \u00f6\u011frenciler diyar\u0131yd\u0131; bronz bir k\u00fcreyle cam kap\u0131lar\u0131 tuz buz eden bir \u00e7ocu\u011fu arayacaklar\u0131 son yer&#8230;Ruhumun derinliklerinden c\u0131l\u0131z bir ses, \u201cBo\u015f versene! Hayatta olmaz! \u00dcst\u00fcn yetenekliler program\u0131nda on dakika bile dayanamazs\u0131n! \u015eu d\u00fcnyada senden yeteneksiz bir ki\u015fi daha yok!\u201d dedi.Donovan Curtis, okulda yapt\u0131\u011f\u0131 b\u00fcy\u00fck e\u015fek \u015fakas\u0131yla bu sefer \u00e7izgiyi a\u015ft\u0131\u011f\u0131na emindir. Ama bir kar\u0131\u015f\u0131kl\u0131k sonucu, ba\u015f\u0131 derde girece\u011fine \u00dcst\u00fcn Yetenekliler Akademisi\u2019ne g\u00f6nderilir. Buras\u0131 saklanmak i\u00e7in harika bir yerdir! Ancak orada kalabilmesi; matematikte, fende -genel olarak her alanda- yeteneksiz olan Donovan\u2019\u0131n, IQ\u2019su d\u00e2hi seviyesinde olan \u00e7ocuklar\u0131 kand\u0131rmay\u0131 ba\u015farmas\u0131na ba\u011fl\u0131d\u0131r. Ablas\u0131n\u0131n kobay olarak kullan\u0131ld\u0131\u011f\u0131 bir ders\u2026 Olayl\u0131 bir ortaokul dans\u0131\u2026 \u015ea\u015f\u0131rt\u0131c\u0131 bir \u00e7\u0131k\u0131\u015fla beklenmedik bir zafere imza atan robot\u2026 Donovan\u2019\u0131n kendine \u00f6zg\u00fc yetenekleri, \u00fcst\u00fcn yetenekliler program\u0131ndaki \u00e7ocuklar\u0131n tam da ihtiyac\u0131 olan niteliklerdir belki de.\u201c\u2026e\u011flenceli ve \u00e7ocuklar\u0131n i\u00e7 d\u00fcnyas\u0131na bakan bir kitap\u2026\u201d \u2013 Publishers Weekly\u201cYetenek(siz), g\u00f6lgede kalanlar\u0131n \u00f6ne \u00e7\u0131kt\u0131\u011f\u0131 bir hik\u00e2ye arayan okurlar i\u00e7in bulunmaz hazine.\u201d \u2013 VOYA <\/p>\n","protected":false},"excerpt":{"rendered":"<p>\u00dcst\u00fcn yetenek mektubu elimde h\u0131\u015f\u0131rdad\u0131. Akademi\u2019ye gidersem beni bulamazd\u0131. Oras\u0131 s\u00fcper zek\u00e2larla \u00f6rnek \u00f6\u011frenciler diyar\u0131yd\u0131; bronz bir k\u00fcreyle cam kap\u0131lar\u0131 tuz buz eden bir \u00e7ocu\u011fu arayacaklar\u0131<span class=\"excerpt-hellip\"> [\u2026]<\/span><\/p>\n","protected":false},"featured_media":0,"template":"","meta":{"_monsterinsights_skip_tracking":false,"_monsterinsights_sitenote_active":false,"_monsterinsights_sitenote_note":"","_monsterinsights_sitenote_category":0},"product_brand":[],"product_cat":[12275,12274],"product_tag":[],"class_list":{"0":"post-708767","1":"product","2":"type-product","3":"status-publish","5":"product_cat-6-12-yas-kitaplari","6":"product_cat-cocuk-ve-genclik-kitaplari","7":"pa_cilt-ciltsiz","8":"pa_tur-kitap","9":"pa_yayinevi-bilgi-yayinevi-cocuk","10":"pa_yazar-gordon-korman","12":"first","13":"instock","14":"sale","15":"shipping-taxable","16":"purchasable","17":"product-type-simple"},"_links":{"self":[{"href":"https:\/\/roveyayinevi.com.tr\/index.php\/wp-json\/wp\/v2\/product\/708767","targetHints":{"allow":["GET"]}}],"collection":[{"href":"https:\/\/roveyayinevi.com.tr\/index.php\/wp-json\/wp\/v2\/product"}],"about":[{"href":"https:\/\/roveyayinevi.com.tr\/index.php\/wp-json\/wp\/v2\/types\/product"}],"wp:attachment":[{"href":"https:\/\/roveyayinevi.com.tr\/index.php\/wp-json\/wp\/v2\/media?parent=708767"}],"wp:term":[{"taxonomy":"product_brand","embeddable":true,"href":"https:\/\/roveyayinevi.com.tr\/index.php\/wp-json\/wp\/v2\/product_brand?post=708767"},{"taxonomy":"product_cat","embeddable":true,"href":"https:\/\/roveyayinevi.com.tr\/index.php\/wp-json\/wp\/v2\/product_cat?post=708767"},{"taxonomy":"product_tag","embeddable":true,"href":"https:\/\/roveyayinevi.com.tr\/index.php\/wp-json\/wp\/v2\/product_tag?post=708767"}],"curies":[{"name":"wp","href":"https:\/\/api.w.org\/{rel}","templated":true}]}}