{"id":708766,"date":"2025-08-27T16:18:12","date_gmt":"2025-08-27T13:18:12","guid":{"rendered":"https:\/\/roveyayinevi.com.tr\/index.php\/urun\/ideoloji-kuramlari-yabancilasma-ve-boyun-egme-gucleri\/"},"modified":"2026-04-16T02:17:33","modified_gmt":"2026-04-15T23:17:33","slug":"ideoloji-kuramlari-yabancilasma-ve-boyun-egme-gucleri","status":"publish","type":"product","link":"https:\/\/roveyayinevi.com.tr\/index.php\/urun\/ideoloji-kuramlari-yabancilasma-ve-boyun-egme-gucleri\/","title":{"rendered":"\u0130deoloji Kuramlar\u0131 Yabanc\u0131la\u015fma ve Boyun E\u011fme G\u00fc\u00e7leri"},"content":{"rendered":"<p>Neoliberal kapitalizmin, ya\u015fad\u0131\u011f\u0131 bunca krize ra\u011fmen, hegemonik istikrar\u0131n\u0131 korumas\u0131 nas\u0131l a\u00e7\u0131klanabilir? \u0130deoloji kuramlar\u0131n\u0131n ortaya \u00e7\u0131k\u0131\u015f\u0131, yabanc\u0131la\u015fman\u0131n ve boyun e\u011fmenin i\u015fleyi\u015fine ili\u015fkin Marksist ara\u015ft\u0131rmalar\u0131n bir yeniden temellendirilmesini yans\u0131tmaktad\u0131r. Geleneksel kavramlar olan \u201cmanip\u00fclasyon\u201d ve \u201cyanl\u0131\u015f bilin\u00e7\u201d kavramlar\u0131n\u0131n \u00f6tesine ge\u00e7en bu kuramlar, dikkatlerini, hegemonik ayg\u0131tlar\u0131n maddi varolu\u015funa y\u00f6neltmi\u015f ve ideolojik pratiklerin, rit\u00fcellerin, s\u00f6ylemlerin \u00e7o\u011funlukla bilin\u00e7d\u0131\u015f\u0131 olan etkilerine odaklanm\u0131\u015ft\u0131r. Jan Rehmann, ideoloji kuramlar\u0131n\u0131n Marx\u2019tan Adorno\/Horkheimer\u2019a, Lenin\u2019den Gramsci\u2019ye, Althusser\u2019den Stuart Hall\u2019a, Bourdieu\u2019den W. F. Haug\u2019a, Foucault\u2019dan Butler\u2019a kadar uzanan farkl\u0131 damarlar\u0131n\u0131 yeniden in\u015fa ediyor. Bunlar\u0131, sahici bir diyalo\u011fu m\u00fcmk\u00fcn k\u0131lacak \u015fekilde kar\u015f\u0131la\u015ft\u0131r\u0131yor ve farkl\u0131 y\u00f6ntemleri, bug\u00fcnk\u00fc ileri teknoloji kapitalizminin \u201cpiyasa totalitarizmi\u201dne uyguluyor. <\/p>\n","protected":false},"excerpt":{"rendered":"<p>Neoliberal kapitalizmin, ya\u015fad\u0131\u011f\u0131 bunca krize ra\u011fmen, hegemonik istikrar\u0131n\u0131 korumas\u0131 nas\u0131l a\u00e7\u0131klanabilir? \u0130deoloji kuramlar\u0131n\u0131n ortaya \u00e7\u0131k\u0131\u015f\u0131, yabanc\u0131la\u015fman\u0131n ve boyun e\u011fmenin i\u015fleyi\u015fine ili\u015fkin Marksist ara\u015ft\u0131rmalar\u0131n bir yeniden temellendirilmesini<span class=\"excerpt-hellip\"> [\u2026]<\/span><\/p>\n","protected":false},"featured_media":0,"template":"","meta":{"_monsterinsights_skip_tracking":false,"_monsterinsights_sitenote_active":false,"_monsterinsights_sitenote_note":"","_monsterinsights_sitenote_category":0},"product_brand":[],"product_cat":[12389,12388],"product_tag":[],"class_list":{"0":"post-708766","1":"product","2":"type-product","3":"status-publish","5":"product_cat-diger-felsefe","6":"product_cat-felsefe","7":"pa_cilt-ciltsiz","8":"pa_tur-kitap","9":"pa_yayinevi-yordam-kitap","10":"pa_yazar-jan-rehmann","12":"first","13":"instock","14":"sale","15":"shipping-taxable","16":"purchasable","17":"product-type-simple"},"_links":{"self":[{"href":"https:\/\/roveyayinevi.com.tr\/index.php\/wp-json\/wp\/v2\/product\/708766","targetHints":{"allow":["GET"]}}],"collection":[{"href":"https:\/\/roveyayinevi.com.tr\/index.php\/wp-json\/wp\/v2\/product"}],"about":[{"href":"https:\/\/roveyayinevi.com.tr\/index.php\/wp-json\/wp\/v2\/types\/product"}],"wp:attachment":[{"href":"https:\/\/roveyayinevi.com.tr\/index.php\/wp-json\/wp\/v2\/media?parent=708766"}],"wp:term":[{"taxonomy":"product_brand","embeddable":true,"href":"https:\/\/roveyayinevi.com.tr\/index.php\/wp-json\/wp\/v2\/product_brand?post=708766"},{"taxonomy":"product_cat","embeddable":true,"href":"https:\/\/roveyayinevi.com.tr\/index.php\/wp-json\/wp\/v2\/product_cat?post=708766"},{"taxonomy":"product_tag","embeddable":true,"href":"https:\/\/roveyayinevi.com.tr\/index.php\/wp-json\/wp\/v2\/product_tag?post=708766"}],"curies":[{"name":"wp","href":"https:\/\/api.w.org\/{rel}","templated":true}]}}