{"id":708764,"date":"2025-08-27T16:18:11","date_gmt":"2025-08-27T13:18:11","guid":{"rendered":"https:\/\/roveyayinevi.com.tr\/index.php\/urun\/vazgecebilmek\/"},"modified":"2026-04-16T02:17:33","modified_gmt":"2026-04-15T23:17:33","slug":"vazgecebilmek","status":"publish","type":"product","link":"https:\/\/roveyayinevi.com.tr\/index.php\/urun\/vazgecebilmek\/","title":{"rendered":"Vazge\u00e7ebilmek"},"content":{"rendered":"<p>De\u011fi\u015fmeye haz\u0131rsan\u0131z, i\u015fte cevab\u0131n\u0131z! Gelmi\u015f ge\u00e7mi\u015f en \u00e7ok satan ki\u015fisel geli\u015fim kitaplar\u0131ndan biri olan VAZGE\u00c7EB\u0130LMEK mutlulu\u011fa giden yolda yan\u0131n\u0131zda bulundurabilece\u011finiz en g\u00fcvenilir k\u0131lavuz. Sizi mutluluktan al\u0131koyanlar neler bir d\u00fc\u015f\u00fcn\u00fcn. Ve hepsinden vazge\u00e7in gitsin. S\u00f6ylemesi kolay ama yapmas\u0131 de\u011fil, \u00f6yle mi? Guy Finley bu kitapta ad\u0131m ad\u0131m mutluluk ile aram\u0131zda dikilip duran o duvar\u0131 nas\u0131l y\u0131kaca\u011f\u0131m\u0131z\u0131, vazge\u00e7memiz gerekenleri nas\u0131l b\u0131rakaca\u011f\u0131m\u0131z\u0131 ve nas\u0131l \u00f6zg\u00fcrle\u015fece\u011fimizi anlat\u0131yor. VAZGE\u00c7EB\u0130LMEK\u2019i okurken \u00f6fke, kin, kayg\u0131, su\u00e7luluk duygusu ve daha pek \u00e7ok olumsuz d\u00fc\u015f\u00fcnceden ar\u0131nd\u0131\u011f\u0131n\u0131z\u0131 fark edecek ve her sorunun cevab\u0131n\u0131n yine sizin i\u00e7inizde oldu\u011funu g\u00f6receksiniz. Ger\u00e7ek ya\u015fam\u00f6yk\u00fcleri, i\u00e7ten diyaloglar ve zihni \u00e7al\u0131\u015ft\u0131ran sorular zaten i\u00e7inizde bar\u0131nd\u0131rd\u0131\u011f\u0131n\u0131z g\u00fcc\u00fc ve duygusal \u00f6zg\u00fcrl\u00fc\u011f\u00fc size geri verecek. <\/p>\n","protected":false},"excerpt":{"rendered":"<p>De\u011fi\u015fmeye haz\u0131rsan\u0131z, i\u015fte cevab\u0131n\u0131z! Gelmi\u015f ge\u00e7mi\u015f en \u00e7ok satan ki\u015fisel geli\u015fim kitaplar\u0131ndan biri olan VAZGE\u00c7EB\u0130LMEK mutlulu\u011fa giden yolda yan\u0131n\u0131zda bulundurabilece\u011finiz en g\u00fcvenilir k\u0131lavuz. Sizi mutluluktan al\u0131koyanlar<span class=\"excerpt-hellip\"> [\u2026]<\/span><\/p>\n","protected":false},"featured_media":0,"template":"","meta":{"_monsterinsights_skip_tracking":false,"_monsterinsights_sitenote_active":false,"_monsterinsights_sitenote_note":"","_monsterinsights_sitenote_category":0},"product_brand":[],"product_cat":[12364,12376],"product_tag":[],"class_list":{"0":"post-708764","1":"product","2":"type-product","3":"status-publish","5":"product_cat-genel-konular","6":"product_cat-kisisel-gelisim","7":"pa_cilt-ciltsiz","8":"pa_tur-kitap","9":"pa_yayinevi-destek-yayinlari","10":"pa_yazar-guy-finley","12":"first","13":"instock","14":"sale","15":"shipping-taxable","16":"purchasable","17":"product-type-simple"},"_links":{"self":[{"href":"https:\/\/roveyayinevi.com.tr\/index.php\/wp-json\/wp\/v2\/product\/708764","targetHints":{"allow":["GET"]}}],"collection":[{"href":"https:\/\/roveyayinevi.com.tr\/index.php\/wp-json\/wp\/v2\/product"}],"about":[{"href":"https:\/\/roveyayinevi.com.tr\/index.php\/wp-json\/wp\/v2\/types\/product"}],"wp:attachment":[{"href":"https:\/\/roveyayinevi.com.tr\/index.php\/wp-json\/wp\/v2\/media?parent=708764"}],"wp:term":[{"taxonomy":"product_brand","embeddable":true,"href":"https:\/\/roveyayinevi.com.tr\/index.php\/wp-json\/wp\/v2\/product_brand?post=708764"},{"taxonomy":"product_cat","embeddable":true,"href":"https:\/\/roveyayinevi.com.tr\/index.php\/wp-json\/wp\/v2\/product_cat?post=708764"},{"taxonomy":"product_tag","embeddable":true,"href":"https:\/\/roveyayinevi.com.tr\/index.php\/wp-json\/wp\/v2\/product_tag?post=708764"}],"curies":[{"name":"wp","href":"https:\/\/api.w.org\/{rel}","templated":true}]}}