{"id":708763,"date":"2025-08-27T16:18:11","date_gmt":"2025-08-27T13:18:11","guid":{"rendered":"https:\/\/roveyayinevi.com.tr\/index.php\/urun\/kuresel-ekonomik-kriz-ve-yeni-dunya-duzeni\/"},"modified":"2026-04-16T02:17:33","modified_gmt":"2026-04-15T23:17:33","slug":"kuresel-ekonomik-kriz-ve-yeni-dunya-duzeni","status":"publish","type":"product","link":"https:\/\/roveyayinevi.com.tr\/index.php\/urun\/kuresel-ekonomik-kriz-ve-yeni-dunya-duzeni\/","title":{"rendered":"K\u00fcresel Ekonomik Kriz Ve Yeni D\u00fcnya D\u00fczeni"},"content":{"rendered":"<p>2008 mali krizinin sebep oldu\u011fu y\u0131k\u0131m\u0131n mali bilan\u00e7osu her ge\u00e7en g\u00fcn art\u0131yor. \u00d6yleyse krizin ba\u015f\u0131nda a\u00e7\u0131klanan, \u00e7\u00f6z\u00fcme y\u00f6nelik rakamlar\u0131 tarihe not d\u00fc\u015fmek a\u00e7\u0131s\u0131ndan, insanl\u0131\u011f\u0131n nas\u0131l kand\u0131r\u0131ld\u0131\u011f\u0131n\u0131 g\u00f6stermek bak\u0131m\u0131ndan de\u011fi\u015ftirmenin do\u011fru olaca\u011f\u0131n\u0131 d\u00fc\u015f\u00fcnd\u00fcm. Zira krizin 2013\u2019\u00fcn ortas\u0131ndaki k\u00fcresel maliyeti 30 trilyon dolar olarak telaffuz edilmekle birlikte tam maliyetinin daha fazla olaca\u011f\u0131 ve \u00f6n\u00fcm\u00fczdeki y\u0131llarda daha da artaca\u011f\u0131 tahmin ediliyor. Zaten kitab\u0131m\u0131z\u0131n ana temas\u0131 rakamlar olmay\u0131p, ba\u015fta Amerikan halk\u0131 olmak \u00fczere, neoliberal politikalar\u0131n insanl\u0131\u011f\u0131 ve milli devletleri nas\u0131l ve hangi t\u00fcr bir girdaba soktu\u011fudur. Bu ba\u011flamda kitab\u0131n \u00fc\u00e7\u00fcnc\u00fc bask\u0131s\u0131na \u201cFinansal Ekonomide Oyun Teorisi ve Yakla\u015fan K\u00fcresel Finans Sava\u015f\u0131 \u0130\u00e7in Bilin\u00e7alt\u0131 Operasyonlar\u0131\u201d ba\u015fl\u0131kl\u0131 b\u00f6l\u00fcm\u00fc ekledim. Okuyucular\u0131m\u0131n \u00f6ncelikle okumas\u0131 arzusuyla da kitab\u0131m\u0131z\u0131n ba\u015f taraf\u0131na yeni b\u00f6l\u00fcm\u00fc koyduk. John Gray\u2019in KARA AY\u0130N\u2019de ifade etti\u011fi gibi: \u201cTarihin temelinde gizli bir plan\u0131n yatt\u0131\u011f\u0131 inanc\u0131, gerek Judeo-H\u0131ristiyan dini inan\u00e7lar, gerekse sek\u00fcler kurtulu\u015f\u00e7u hareketler, \u00fctopyac\u0131 siyasi projeler a\u00e7\u0131s\u0131ndan esast\u0131r.\u201d Daha y\u00fcce bir insanl\u0131k meydana getirmek ad\u0131na ezilen ya da yok edilenler. \u0130ster patlat\u0131lan bombalarla, ister finansal\/ekonomik krizlerle. \u0130nsanl\u0131k g\u00fcn\u00fcm\u00fczde Judeo-H\u0131ristiyan orta\u00e7a\u011fdan daha fazla bo\u015f inan\u00e7lar d\u00f6nemini ya\u015famakta olup, s\u00fcrekli maniple edilmektedir. Sek\u00fcler kurtulu\u015f umudu s\u00f6nd\u00fcr\u00fcl\u00fcrken buna alternatif olarak dinlerin apokaliptik (k\u0131yamet\u00e7i) versiyonlar\u0131 giderek canland\u0131r\u0131lmaktad\u0131r. <\/p>\n","protected":false},"excerpt":{"rendered":"<p>2008 mali krizinin sebep oldu\u011fu y\u0131k\u0131m\u0131n mali bilan\u00e7osu her ge\u00e7en g\u00fcn art\u0131yor. \u00d6yleyse krizin ba\u015f\u0131nda a\u00e7\u0131klanan, \u00e7\u00f6z\u00fcme y\u00f6nelik rakamlar\u0131 tarihe not d\u00fc\u015fmek a\u00e7\u0131s\u0131ndan, insanl\u0131\u011f\u0131n nas\u0131l kand\u0131r\u0131ld\u0131\u011f\u0131n\u0131<span class=\"excerpt-hellip\"> [\u2026]<\/span><\/p>\n","protected":false},"featured_media":0,"template":"","meta":{"_monsterinsights_skip_tracking":false,"_monsterinsights_sitenote_active":false,"_monsterinsights_sitenote_note":"","_monsterinsights_sitenote_category":0},"product_brand":[],"product_cat":[13044,13043],"product_tag":[],"class_list":{"0":"post-708763","1":"product","2":"type-product","3":"status-publish","5":"product_cat-dunya-ekonomisi","6":"product_cat-ekonomi","7":"pa_cilt-ciltsiz","8":"pa_tur-kitap","9":"pa_yayinevi-destek-yayinlari","10":"pa_yazar-ramazan-kurtoglu","12":"first","13":"instock","14":"sale","15":"shipping-taxable","16":"purchasable","17":"product-type-simple"},"_links":{"self":[{"href":"https:\/\/roveyayinevi.com.tr\/index.php\/wp-json\/wp\/v2\/product\/708763","targetHints":{"allow":["GET"]}}],"collection":[{"href":"https:\/\/roveyayinevi.com.tr\/index.php\/wp-json\/wp\/v2\/product"}],"about":[{"href":"https:\/\/roveyayinevi.com.tr\/index.php\/wp-json\/wp\/v2\/types\/product"}],"wp:attachment":[{"href":"https:\/\/roveyayinevi.com.tr\/index.php\/wp-json\/wp\/v2\/media?parent=708763"}],"wp:term":[{"taxonomy":"product_brand","embeddable":true,"href":"https:\/\/roveyayinevi.com.tr\/index.php\/wp-json\/wp\/v2\/product_brand?post=708763"},{"taxonomy":"product_cat","embeddable":true,"href":"https:\/\/roveyayinevi.com.tr\/index.php\/wp-json\/wp\/v2\/product_cat?post=708763"},{"taxonomy":"product_tag","embeddable":true,"href":"https:\/\/roveyayinevi.com.tr\/index.php\/wp-json\/wp\/v2\/product_tag?post=708763"}],"curies":[{"name":"wp","href":"https:\/\/api.w.org\/{rel}","templated":true}]}}